{"id":19331,"date":"2024-10-11T16:36:35","date_gmt":"2024-10-11T14:36:35","guid":{"rendered":"https:\/\/greenkingdom.ch\/product\/fenocan-fenomoon-cbd-samen-3stk\/"},"modified":"2024-10-11T16:36:35","modified_gmt":"2024-10-11T14:36:35","slug":"fenocan-fenomoon-cbd-samen-3stk","status":"publish","type":"product","link":"https:\/\/greenkingdom.ch\/de\/produkt\/fenocan-fenomoon-cbd-samen-3stk\/","title":{"rendered":"Fenocan Fenomoon CBD Samen 3Stk"},"content":{"rendered":"<p>Fenocan Fenomoon ist eine au\u00dfergew\u00f6hnliche Cannabissorte, die dichte und sch\u00f6ne Bl\u00fcten produziert, die mit Trichomen und einem leuchtenden orange-roten Glanz verziert sind. Ihre Fenomon-Genetik macht sie zu einer hochwertigen Wahl f\u00fcr den Anbau im Innenbereich, im Gew\u00e4chshaus oder im Freien. Die Ernte im Freien wird f\u00fcr Mitte Oktober erwartet, die Bl\u00fcte im Zuchtzelt dauert nur 7-8 Wochen. Der Ertrag kann im Freien bis zu 250g pro Pflanze und im Innenbereich etwa 25g pro Pflanze erreichen. Mit einem THC-Gehalt von weniger als 0,2-0,3% und einem CBD von etwa 8% ist dieses Produkt perfekt ausbalanciert. Bitte erkundigen Sie sich vor dem Kauf nach den \u00f6rtlichen Vorschriften bez\u00fcglich des Hanfanbaus gem\u00e4\u00df dem &#8222;Merkblatt Hanf&#8220; der BLW. EAN: 7640176786327      <\/p>\n","protected":false},"excerpt":{"rendered":"<p>Fenocan Fenomoon ist eine au\u00dfergew\u00f6hnliche Cannabissorte, die dichte und sch\u00f6ne Bl\u00fcten produziert, die mit Trichomen und einem leuchtenden orange-roten Glanz verziert sind. Ihre Fenomon-Genetik macht sie zu einer hochwertigen Wahl f\u00fcr den Anbau im Innenbereich, im Gew\u00e4chshaus oder im Freien. Die Ernte im Freien wird f\u00fcr Mitte Oktober erwartet, die Bl\u00fcte im Zuchtzelt dauert nur [&hellip;]<\/p>\n","protected":false},"featured_media":8206,"comment_status":"open","ping_status":"closed","template":"","meta":{"_seopress_robots_primary_cat":"","_seopress_titles_title":"","_seopress_titles_desc":"","_seopress_robots_index":""},"product_brand":[],"product_cat":[541],"product_tag":[],"class_list":{"0":"post-19331","1":"product","2":"type-product","3":"status-publish","4":"has-post-thumbnail","6":"product_cat-samen","9":"instock","10":"taxable","11":"shipping-taxable","12":"purchasable","13":"product-type-simple","14":"product-grid-view"},"_links":{"self":[{"href":"https:\/\/greenkingdom.ch\/de\/wp-json\/wp\/v2\/product\/19331","targetHints":{"allow":["GET"]}}],"collection":[{"href":"https:\/\/greenkingdom.ch\/de\/wp-json\/wp\/v2\/product"}],"about":[{"href":"https:\/\/greenkingdom.ch\/de\/wp-json\/wp\/v2\/types\/product"}],"replies":[{"embeddable":true,"href":"https:\/\/greenkingdom.ch\/de\/wp-json\/wp\/v2\/comments?post=19331"}],"version-history":[{"count":0,"href":"https:\/\/greenkingdom.ch\/de\/wp-json\/wp\/v2\/product\/19331\/revisions"}],"wp:featuredmedia":[{"embeddable":true,"href":"https:\/\/greenkingdom.ch\/de\/wp-json\/wp\/v2\/media\/8206"}],"wp:attachment":[{"href":"https:\/\/greenkingdom.ch\/de\/wp-json\/wp\/v2\/media?parent=19331"}],"wp:term":[{"taxonomy":"product_brand","embeddable":true,"href":"https:\/\/greenkingdom.ch\/de\/wp-json\/wp\/v2\/product_brand?post=19331"},{"taxonomy":"product_cat","embeddable":true,"href":"https:\/\/greenkingdom.ch\/de\/wp-json\/wp\/v2\/product_cat?post=19331"},{"taxonomy":"product_tag","embeddable":true,"href":"https:\/\/greenkingdom.ch\/de\/wp-json\/wp\/v2\/product_tag?post=19331"}],"curies":[{"name":"wp","href":"https:\/\/api.w.org\/{rel}","templated":true}]}}