{"id":19334,"date":"2024-10-11T16:36:35","date_gmt":"2024-10-11T14:36:35","guid":{"rendered":"https:\/\/greenkingdom.ch\/product\/fenocan-fenojoy-cbd-samen-3stk\/"},"modified":"2024-10-11T16:36:35","modified_gmt":"2024-10-11T14:36:35","slug":"fenocan-fenojoy-cbd-samen-3stk","status":"publish","type":"product","link":"https:\/\/greenkingdom.ch\/de\/produkt\/fenocan-fenojoy-cbd-samen-3stk\/","title":{"rendered":"Fenocan Fenojoy CBD Samen 3Stk"},"content":{"rendered":"<div class=\"value\">\n<h3>Fenocan Fenojoy<\/h3>\n<p>Lernen Sie FENOJOY kennen, eine Sorte, die das Ergebnis der Kreuzung eines ausgew\u00e4hlten AC\/DC-Ph\u00e4notyps mit dem FENOCAN FENOMED-Hybriden ist. FENOJOY produziert wei\u00dfe, harzige, lange und dichte Bl\u00fcten mit einem holzigen, scharfen Terpenprofil. Diese Sorte ist ideal f\u00fcr den Anbau im Innen- und Au\u00dfenbereich und bietet \u00fcppige Ertr\u00e4ge in Qualit\u00e4t und Quantit\u00e4t.  <\/p>\n<ul>\n<li>Genetik: Fenojoy<\/li>\n<li>Anbaumethode: Indoor\/Outdoor<\/li>\n<li>Erntezeit im Freien: Anfang\/Mitte September<\/li>\n<li>Bl\u00fctezeit Indoor: ca. 60 Tage<\/li>\n<li>Ertrag im Freien: &lt;320 g\/Pflanze<\/li>\n<li>Ertrag Indoor: &lt;35g\/Pflanze<\/li>\n<li>THC-Gehalt: &lt;0,55%<\/li>\n<li>CBD-Gehalt: &lt;13%<\/li>\n<\/ul>\n<p>Erkundigen Sie sich vor dem Kauf beim BLW &#8222;Merkblatt Hanf&#8220;. Beachten Sie, dass f\u00fcr den Hanfanbau in einigen Kantonen eine Registrierung erforderlich sein kann. <\/p>\n<\/div>\n<div class=\"product attribute ean\"><strong class=\"type\"> <span class=\"value ean\">EAN-7640176786686<\/span><\/strong><\/div>\n","protected":false},"excerpt":{"rendered":"<p>Fenocan Fenojoy Lernen Sie FENOJOY kennen, eine Sorte, die das Ergebnis der Kreuzung eines ausgew\u00e4hlten AC\/DC-Ph\u00e4notyps mit dem FENOCAN FENOMED-Hybriden ist. FENOJOY produziert wei\u00dfe, harzige, lange und dichte Bl\u00fcten mit einem holzigen, scharfen Terpenprofil. Diese Sorte ist ideal f\u00fcr den Anbau im Innen- und Au\u00dfenbereich und bietet \u00fcppige Ertr\u00e4ge in Qualit\u00e4t und Quantit\u00e4t. Genetik: Fenojoy [&hellip;]<\/p>\n","protected":false},"featured_media":8212,"comment_status":"open","ping_status":"closed","template":"","meta":{"_seopress_robots_primary_cat":"","_seopress_titles_title":"","_seopress_titles_desc":"","_seopress_robots_index":""},"product_brand":[],"product_cat":[541],"product_tag":[],"class_list":{"0":"post-19334","1":"product","2":"type-product","3":"status-publish","4":"has-post-thumbnail","6":"product_cat-samen","9":"instock","10":"taxable","11":"shipping-taxable","12":"purchasable","13":"product-type-simple","14":"product-grid-view"},"_links":{"self":[{"href":"https:\/\/greenkingdom.ch\/de\/wp-json\/wp\/v2\/product\/19334","targetHints":{"allow":["GET"]}}],"collection":[{"href":"https:\/\/greenkingdom.ch\/de\/wp-json\/wp\/v2\/product"}],"about":[{"href":"https:\/\/greenkingdom.ch\/de\/wp-json\/wp\/v2\/types\/product"}],"replies":[{"embeddable":true,"href":"https:\/\/greenkingdom.ch\/de\/wp-json\/wp\/v2\/comments?post=19334"}],"version-history":[{"count":0,"href":"https:\/\/greenkingdom.ch\/de\/wp-json\/wp\/v2\/product\/19334\/revisions"}],"wp:featuredmedia":[{"embeddable":true,"href":"https:\/\/greenkingdom.ch\/de\/wp-json\/wp\/v2\/media\/8212"}],"wp:attachment":[{"href":"https:\/\/greenkingdom.ch\/de\/wp-json\/wp\/v2\/media?parent=19334"}],"wp:term":[{"taxonomy":"product_brand","embeddable":true,"href":"https:\/\/greenkingdom.ch\/de\/wp-json\/wp\/v2\/product_brand?post=19334"},{"taxonomy":"product_cat","embeddable":true,"href":"https:\/\/greenkingdom.ch\/de\/wp-json\/wp\/v2\/product_cat?post=19334"},{"taxonomy":"product_tag","embeddable":true,"href":"https:\/\/greenkingdom.ch\/de\/wp-json\/wp\/v2\/product_tag?post=19334"}],"curies":[{"name":"wp","href":"https:\/\/api.w.org\/{rel}","templated":true}]}}