{"id":19337,"date":"2024-10-11T16:36:35","date_gmt":"2024-10-11T14:36:35","guid":{"rendered":"https:\/\/greenkingdom.ch\/product\/fenocan-fenoqueen-cbd-samen-3stk\/"},"modified":"2024-10-11T16:36:35","modified_gmt":"2024-10-11T14:36:35","slug":"fenocan-fenoqueen-cbd-samen-3stk","status":"publish","type":"product","link":"https:\/\/greenkingdom.ch\/de\/produkt\/fenocan-fenoqueen-cbd-samen-3stk\/","title":{"rendered":"Fenocan Fenoqueen CBD Samen 3Stk"},"content":{"rendered":"<div class=\"value\">\n<h3>Entdecken Sie Fenocan Fenoqueen<\/h3>\n<p>Die FENOQUEEN ist, wie der Name schon sagt, ein Herzst\u00fcck unter den von FENOCAN angebotenen Sorten.<\/p>\n<p>Dieser sativadominierte Hybrid (FM-1 x FC-1) produziert gro\u00dfz\u00fcgige Knospen mit einem hohen Ertrag. Mit ihrem einzigartigen Terpenprofil und ihrem hohen CBD-Gehalt ist diese Sorte zu einer der beliebtesten auf der ganzen Welt geworden, insbesondere f\u00fcr die Bl\u00fctenproduktion. <\/p>\n<ul>\n<li>Genetik: Fenoqueen<\/li>\n<li>Anbaumethode: Indoor \/ Gew\u00e4chshaus \/ Outdoor<\/li>\n<li>Ernte im Freien: Mitte Oktober<\/li>\n<li>Bl\u00fctezeit Indoor: ca. 7-8 Wochen<\/li>\n<li>Ertrag im Freien: bis zu 500g\/Pflanze<\/li>\n<li>Ertrag Indoor: ca. 35g\/Pflanze<\/li>\n<li>THC-Gehalt: &lt;0,5 &#8211; 0,6%<\/li>\n<li>CBD-Gehalt: bis zu 16%<\/li>\n<\/ul>\n<p>Konsultieren Sie vor dem Kauf das &#8222;Merkblatt Hanf&#8220; des BLW. Bitte beachten Sie, dass in einigen Kantonen der Hanfanbau registrierungspflichtig ist. <\/p>\n<\/div>\n<div class=\"product attribute ean\"><strong class=\"type\"> <span class=\"value ean\">EAN-7640176780868<\/span><\/strong><\/div>\n","protected":false},"excerpt":{"rendered":"<p>Entdecken Sie Fenocan Fenoqueen Die FENOQUEEN ist, wie der Name schon sagt, ein Herzst\u00fcck unter den von FENOCAN angebotenen Sorten. Dieser sativadominierte Hybrid (FM-1 x FC-1) produziert gro\u00dfz\u00fcgige Knospen mit einem hohen Ertrag. Mit ihrem einzigartigen Terpenprofil und ihrem hohen CBD-Gehalt ist diese Sorte zu einer der beliebtesten auf der ganzen Welt geworden, insbesondere f\u00fcr [&hellip;]<\/p>\n","protected":false},"featured_media":8200,"comment_status":"open","ping_status":"closed","template":"","meta":{"_seopress_robots_primary_cat":"","_seopress_titles_title":"","_seopress_titles_desc":"","_seopress_robots_index":""},"product_brand":[],"product_cat":[541],"product_tag":[],"class_list":{"0":"post-19337","1":"product","2":"type-product","3":"status-publish","4":"has-post-thumbnail","6":"product_cat-samen","9":"instock","10":"taxable","11":"shipping-taxable","12":"purchasable","13":"product-type-simple","14":"product-grid-view"},"_links":{"self":[{"href":"https:\/\/greenkingdom.ch\/de\/wp-json\/wp\/v2\/product\/19337","targetHints":{"allow":["GET"]}}],"collection":[{"href":"https:\/\/greenkingdom.ch\/de\/wp-json\/wp\/v2\/product"}],"about":[{"href":"https:\/\/greenkingdom.ch\/de\/wp-json\/wp\/v2\/types\/product"}],"replies":[{"embeddable":true,"href":"https:\/\/greenkingdom.ch\/de\/wp-json\/wp\/v2\/comments?post=19337"}],"version-history":[{"count":0,"href":"https:\/\/greenkingdom.ch\/de\/wp-json\/wp\/v2\/product\/19337\/revisions"}],"wp:featuredmedia":[{"embeddable":true,"href":"https:\/\/greenkingdom.ch\/de\/wp-json\/wp\/v2\/media\/8200"}],"wp:attachment":[{"href":"https:\/\/greenkingdom.ch\/de\/wp-json\/wp\/v2\/media?parent=19337"}],"wp:term":[{"taxonomy":"product_brand","embeddable":true,"href":"https:\/\/greenkingdom.ch\/de\/wp-json\/wp\/v2\/product_brand?post=19337"},{"taxonomy":"product_cat","embeddable":true,"href":"https:\/\/greenkingdom.ch\/de\/wp-json\/wp\/v2\/product_cat?post=19337"},{"taxonomy":"product_tag","embeddable":true,"href":"https:\/\/greenkingdom.ch\/de\/wp-json\/wp\/v2\/product_tag?post=19337"}],"curies":[{"name":"wp","href":"https:\/\/api.w.org\/{rel}","templated":true}]}}