{"id":19343,"date":"2024-10-11T16:36:35","date_gmt":"2024-10-11T14:36:35","guid":{"rendered":"https:\/\/greenkingdom.ch\/product\/fenocan-fenocheese-cbd-samen-3stk\/"},"modified":"2024-10-11T16:36:35","modified_gmt":"2024-10-11T14:36:35","slug":"fenocan-fenocheese-cbd-samen-3stk","status":"publish","type":"product","link":"https:\/\/greenkingdom.ch\/de\/produkt\/fenocan-fenocheese-cbd-samen-3stk\/","title":{"rendered":"Fenocan Fenocheese CBD Samen 3Stk"},"content":{"rendered":"<h3>Fenocan Fenocheese<\/h3>\n<p>Entdecken Sie die ber\u00fchmte Fenocheese-Sorte, die zu den beliebtesten CBD-Sorten der Welt geh\u00f6rt. Diese einzigartige Sorte zeichnet sich durch ihr au\u00dfergew\u00f6hnliches Terpenprofil und Knospen von unvergleichlicher Dichte aus, was sie zu einem der Favoriten f\u00fcr die Produktion von Bl\u00fcten in Premiumqualit\u00e4t macht. <\/p>\n<ul>\n<li>Genetik: Fenocheese<\/li>\n<li>Anbaumethode: Indoor \/ Gew\u00e4chshaus \/ Outdoor<\/li>\n<li>Erntezeit im Freien: Mitte Oktober<\/li>\n<li>Bl\u00fctezeit Indoor: ca. 7-8 Wochen<\/li>\n<li>Ertrag im Freien: bis zu 500g\/Pflanze<\/li>\n<li>Ertrag Indoor: ca. 30g\/Pflanze<\/li>\n<li>THC-Gehalt: &lt;0,6 &#8211; 0,7%<\/li>\n<li>CBD-Gehalt: -17%<\/li>\n<\/ul>\n<p>Informieren Sie sich vor dem Kauf im &#8222;Merkblatt Hanf&#8220; der BLW \u00fcber alle notwendigen Informationen. Bitte beachten Sie, dass in einigen Kantonen der Hanfanbau registrierungspflichtig ist. <\/p>\n<div class=\"product attribute ean\"><strong class=\"type\"> <span class=\"value ean\">EAN-7640176786563<\/span><\/strong><\/div>\n","protected":false},"excerpt":{"rendered":"<p>Fenocan Fenocheese Entdecken Sie die ber\u00fchmte Fenocheese-Sorte, die zu den beliebtesten CBD-Sorten der Welt geh\u00f6rt. Diese einzigartige Sorte zeichnet sich durch ihr au\u00dfergew\u00f6hnliches Terpenprofil und Knospen von unvergleichlicher Dichte aus, was sie zu einem der Favoriten f\u00fcr die Produktion von Bl\u00fcten in Premiumqualit\u00e4t macht. Genetik: Fenocheese Anbaumethode: Indoor \/ Gew\u00e4chshaus \/ Outdoor Erntezeit im Freien: [&hellip;]<\/p>\n","protected":false},"featured_media":8194,"comment_status":"open","ping_status":"closed","template":"","meta":{"_seopress_robots_primary_cat":"","_seopress_titles_title":"","_seopress_titles_desc":"","_seopress_robots_index":""},"product_brand":[],"product_cat":[541],"product_tag":[],"class_list":{"0":"post-19343","1":"product","2":"type-product","3":"status-publish","4":"has-post-thumbnail","6":"product_cat-samen","9":"instock","10":"taxable","11":"shipping-taxable","12":"purchasable","13":"product-type-simple","14":"product-grid-view"},"_links":{"self":[{"href":"https:\/\/greenkingdom.ch\/de\/wp-json\/wp\/v2\/product\/19343","targetHints":{"allow":["GET"]}}],"collection":[{"href":"https:\/\/greenkingdom.ch\/de\/wp-json\/wp\/v2\/product"}],"about":[{"href":"https:\/\/greenkingdom.ch\/de\/wp-json\/wp\/v2\/types\/product"}],"replies":[{"embeddable":true,"href":"https:\/\/greenkingdom.ch\/de\/wp-json\/wp\/v2\/comments?post=19343"}],"version-history":[{"count":0,"href":"https:\/\/greenkingdom.ch\/de\/wp-json\/wp\/v2\/product\/19343\/revisions"}],"wp:featuredmedia":[{"embeddable":true,"href":"https:\/\/greenkingdom.ch\/de\/wp-json\/wp\/v2\/media\/8194"}],"wp:attachment":[{"href":"https:\/\/greenkingdom.ch\/de\/wp-json\/wp\/v2\/media?parent=19343"}],"wp:term":[{"taxonomy":"product_brand","embeddable":true,"href":"https:\/\/greenkingdom.ch\/de\/wp-json\/wp\/v2\/product_brand?post=19343"},{"taxonomy":"product_cat","embeddable":true,"href":"https:\/\/greenkingdom.ch\/de\/wp-json\/wp\/v2\/product_cat?post=19343"},{"taxonomy":"product_tag","embeddable":true,"href":"https:\/\/greenkingdom.ch\/de\/wp-json\/wp\/v2\/product_tag?post=19343"}],"curies":[{"name":"wp","href":"https:\/\/api.w.org\/{rel}","templated":true}]}}