{"id":19344,"date":"2024-10-11T16:36:35","date_gmt":"2024-10-11T14:36:35","guid":{"rendered":"https:\/\/greenkingdom.ch\/product\/fenocan-fenodream-cbd-samen-10stk\/"},"modified":"2024-10-11T16:36:35","modified_gmt":"2024-10-11T14:36:35","slug":"fenocan-fenodream-cbd-samen-10stk","status":"publish","type":"product","link":"https:\/\/greenkingdom.ch\/de\/produkt\/fenocan-fenodream-cbd-samen-10stk\/","title":{"rendered":"Fenocan Fenodream CBD Samen 10stk"},"content":{"rendered":"<p>Entdecke Fenocan Fenodream, eine einzigartige Cannabissorte, die sich durch ihre gro\u00dfen, gro\u00dfz\u00fcgigen Bl\u00fcten auszeichnet. Diese Samen sind feminisiert, um einen qualitativ hochwertigen Anbau zu gew\u00e4hrleisten. Profitieren Sie jetzt von diesem neuen Produkt und lassen Sie sich von seinem hervorragenden Preis-Leistungs-Verh\u00e4ltnis verf\u00fchren! Eigenschaften:<br \/>\n&#8211; Genetik: Fenodream<br \/>\n&#8211; Anbaumethode: Indoor\/Outdoor<br \/>\n&#8211; Erntezeit Outdoor: Anfang\/Mitte September<br \/>\n&#8211; Bl\u00fctezeit Indoor: ca. 60 Tage<br \/>\n&#8211; Ertrag Outdoor: &lt;800g.\/Pflanze<br \/>\n&#8211; Ertrag Indoor: &lt;500g.\/m2<br \/>\n&#8211; THC-Gehalt: &lt;0,6%<br \/>\n&#8211; CBD-Gehalt: &lt;16% Schauen Sie sich vor dem Kauf das &#8222;Merkblatt Hanf&#8220; von BLW an, um weitere Informationen zu erhalten. Beachten Sie, dass in einigen Kantonen der Hanfanbau registrierungspflichtig ist. EAN: 7640176786167  <\/p>\n","protected":false},"excerpt":{"rendered":"<p>Entdecke Fenocan Fenodream, eine einzigartige Cannabissorte, die sich durch ihre gro\u00dfen, gro\u00dfz\u00fcgigen Bl\u00fcten auszeichnet. Diese Samen sind feminisiert, um einen qualitativ hochwertigen Anbau zu gew\u00e4hrleisten. Profitieren Sie jetzt von diesem neuen Produkt und lassen Sie sich von seinem hervorragenden Preis-Leistungs-Verh\u00e4ltnis verf\u00fchren! Eigenschaften: &#8211; Genetik: Fenodream &#8211; Anbaumethode: Indoor\/Outdoor &#8211; Erntezeit Outdoor: Anfang\/Mitte September &#8211; Bl\u00fctezeit [&hellip;]<\/p>\n","protected":false},"featured_media":8182,"comment_status":"open","ping_status":"closed","template":"","meta":{"_seopress_robots_primary_cat":"","_seopress_titles_title":"","_seopress_titles_desc":"","_seopress_robots_index":""},"product_brand":[],"product_cat":[541],"product_tag":[],"class_list":{"0":"post-19344","1":"product","2":"type-product","3":"status-publish","4":"has-post-thumbnail","6":"product_cat-samen","9":"instock","10":"taxable","11":"shipping-taxable","12":"purchasable","13":"product-type-simple","14":"product-grid-view"},"_links":{"self":[{"href":"https:\/\/greenkingdom.ch\/de\/wp-json\/wp\/v2\/product\/19344","targetHints":{"allow":["GET"]}}],"collection":[{"href":"https:\/\/greenkingdom.ch\/de\/wp-json\/wp\/v2\/product"}],"about":[{"href":"https:\/\/greenkingdom.ch\/de\/wp-json\/wp\/v2\/types\/product"}],"replies":[{"embeddable":true,"href":"https:\/\/greenkingdom.ch\/de\/wp-json\/wp\/v2\/comments?post=19344"}],"version-history":[{"count":0,"href":"https:\/\/greenkingdom.ch\/de\/wp-json\/wp\/v2\/product\/19344\/revisions"}],"wp:featuredmedia":[{"embeddable":true,"href":"https:\/\/greenkingdom.ch\/de\/wp-json\/wp\/v2\/media\/8182"}],"wp:attachment":[{"href":"https:\/\/greenkingdom.ch\/de\/wp-json\/wp\/v2\/media?parent=19344"}],"wp:term":[{"taxonomy":"product_brand","embeddable":true,"href":"https:\/\/greenkingdom.ch\/de\/wp-json\/wp\/v2\/product_brand?post=19344"},{"taxonomy":"product_cat","embeddable":true,"href":"https:\/\/greenkingdom.ch\/de\/wp-json\/wp\/v2\/product_cat?post=19344"},{"taxonomy":"product_tag","embeddable":true,"href":"https:\/\/greenkingdom.ch\/de\/wp-json\/wp\/v2\/product_tag?post=19344"}],"curies":[{"name":"wp","href":"https:\/\/api.w.org\/{rel}","templated":true}]}}