{"id":19349,"date":"2024-10-11T16:36:35","date_gmt":"2024-10-11T14:36:35","guid":{"rendered":"https:\/\/greenkingdom.ch\/product\/fenocan-fenomed-cbd-samen-10stk\/"},"modified":"2024-10-11T16:36:35","modified_gmt":"2024-10-11T14:36:35","slug":"fenocan-fenomed-cbd-samen-10stk","status":"publish","type":"product","link":"https:\/\/greenkingdom.ch\/de\/produkt\/fenocan-fenomed-cbd-samen-10stk\/","title":{"rendered":"Fenocan Fenomed CBD Samen 10Stk"},"content":{"rendered":"<p>Entdecke die Fenocan Fenomed Cannabissorte, die f\u00fcr ihren hohen CBD-Gehalt bekannt ist. Diese Samen sind feminisiert und garantieren eine qualitativ hochwertige Ernte. Profitieren Sie jetzt von dieser neuen Sorte und lassen Sie sich von ihrem au\u00dfergew\u00f6hnlichen Preis-Leistungs-Verh\u00e4ltnis verf\u00fchren! Eigenschaften:<br \/>\n&#8211; Genetik: Fenomed<br \/>\n&#8211; Anbaumethode: Indoor\/Gew\u00e4chshaus\/Outdoor<br \/>\n&#8211; Ernte Outdoor: Anfang\/Mitte September<br \/>\n&#8211; Bl\u00fctezeit Indoor: ca. 60 Tage<br \/>\n&#8211; Ertrag Outdoor bis zu 800g\/Pflanze, Indoor ca. 500g\/m2<br \/>\n&#8211; THC-Gehalt: &lt;0,9% CBD-Gehalt: 24% Konsultieren Sie vor dem Kauf das BLW-Dokument &#8222;Merkblatt Hanf&#8220;. Bitte beachten Sie, dass in einigen Kantonen der Hanfanbau eine Registrierung erfordert. EAN: 7640176782527   <\/p>\n","protected":false},"excerpt":{"rendered":"<p>Entdecke die Fenocan Fenomed Cannabissorte, die f\u00fcr ihren hohen CBD-Gehalt bekannt ist. Diese Samen sind feminisiert und garantieren eine qualitativ hochwertige Ernte. Profitieren Sie jetzt von dieser neuen Sorte und lassen Sie sich von ihrem au\u00dfergew\u00f6hnlichen Preis-Leistungs-Verh\u00e4ltnis verf\u00fchren! Eigenschaften: &#8211; Genetik: Fenomed &#8211; Anbaumethode: Indoor\/Gew\u00e4chshaus\/Outdoor &#8211; Ernte Outdoor: Anfang\/Mitte September &#8211; Bl\u00fctezeit Indoor: ca. 60 [&hellip;]<\/p>\n","protected":false},"featured_media":8188,"comment_status":"open","ping_status":"closed","template":"","meta":{"_seopress_robots_primary_cat":"","_seopress_titles_title":"","_seopress_titles_desc":"","_seopress_robots_index":""},"product_brand":[],"product_cat":[541],"product_tag":[],"class_list":{"0":"post-19349","1":"product","2":"type-product","3":"status-publish","4":"has-post-thumbnail","6":"product_cat-samen","9":"instock","10":"taxable","11":"shipping-taxable","12":"purchasable","13":"product-type-simple","14":"product-grid-view"},"_links":{"self":[{"href":"https:\/\/greenkingdom.ch\/de\/wp-json\/wp\/v2\/product\/19349","targetHints":{"allow":["GET"]}}],"collection":[{"href":"https:\/\/greenkingdom.ch\/de\/wp-json\/wp\/v2\/product"}],"about":[{"href":"https:\/\/greenkingdom.ch\/de\/wp-json\/wp\/v2\/types\/product"}],"replies":[{"embeddable":true,"href":"https:\/\/greenkingdom.ch\/de\/wp-json\/wp\/v2\/comments?post=19349"}],"version-history":[{"count":0,"href":"https:\/\/greenkingdom.ch\/de\/wp-json\/wp\/v2\/product\/19349\/revisions"}],"wp:featuredmedia":[{"embeddable":true,"href":"https:\/\/greenkingdom.ch\/de\/wp-json\/wp\/v2\/media\/8188"}],"wp:attachment":[{"href":"https:\/\/greenkingdom.ch\/de\/wp-json\/wp\/v2\/media?parent=19349"}],"wp:term":[{"taxonomy":"product_brand","embeddable":true,"href":"https:\/\/greenkingdom.ch\/de\/wp-json\/wp\/v2\/product_brand?post=19349"},{"taxonomy":"product_cat","embeddable":true,"href":"https:\/\/greenkingdom.ch\/de\/wp-json\/wp\/v2\/product_cat?post=19349"},{"taxonomy":"product_tag","embeddable":true,"href":"https:\/\/greenkingdom.ch\/de\/wp-json\/wp\/v2\/product_tag?post=19349"}],"curies":[{"name":"wp","href":"https:\/\/api.w.org\/{rel}","templated":true}]}}