{"id":19361,"date":"2024-10-11T16:36:36","date_gmt":"2024-10-11T14:36:36","guid":{"rendered":"https:\/\/greenkingdom.ch\/product\/fenocan-fenopure-cbg-samen-3stk\/"},"modified":"2024-10-11T16:36:36","modified_gmt":"2024-10-11T14:36:36","slug":"fenocan-fenopure-cbg-samen-3stk","status":"publish","type":"product","link":"https:\/\/greenkingdom.ch\/de\/produkt\/fenocan-fenopure-cbg-samen-3stk\/","title":{"rendered":"Fenocan Fenopure CBG Samen 3Stk"},"content":{"rendered":"<p>Entdecke Fenocan Fenopure, eine CBG-dominante und harzige Sorte mit einzigartigem Potenzial. CBG, kurz f\u00fcr Cannabigerol, wird auf seine vielversprechenden pharmakologischen Eigenschaften untersucht, die es als Vorl\u00e4ufer von CBD, CBC und THC platzieren. Mit einem THC-Gehalt von weniger als 0,2% kann diese Sorte in vielen L\u00e4ndern legal angebaut werden. Im Innenbereich, im Gew\u00e4chshaus oder im Freien angebaut, kann ihr Ertrag im Freien bis zu 300g pro Pflanze und im Innenbereich etwa 25g pro Pflanze erreichen. Informieren Sie sich vor dem Kauf im \u00abMerkblatt Hanf\u00bb des BLW, da der Hanfanbau in einigen Kantonen Regulierungen unterliegen kann. Verbessern Sie Ihre Erfahrung mit Fenocan Fenopure und erkunden Sie die Welt von CBG.     <\/p>\n","protected":false},"excerpt":{"rendered":"<p>Entdecke Fenocan Fenopure, eine CBG-dominante und harzige Sorte mit einzigartigem Potenzial. CBG, kurz f\u00fcr Cannabigerol, wird auf seine vielversprechenden pharmakologischen Eigenschaften untersucht, die es als Vorl\u00e4ufer von CBD, CBC und THC platzieren. Mit einem THC-Gehalt von weniger als 0,2% kann diese Sorte in vielen L\u00e4ndern legal angebaut werden. Im Innenbereich, im Gew\u00e4chshaus oder im Freien [&hellip;]<\/p>\n","protected":false},"featured_media":8218,"comment_status":"open","ping_status":"closed","template":"","meta":{"_seopress_robots_primary_cat":"","_seopress_titles_title":"","_seopress_titles_desc":"","_seopress_robots_index":""},"product_brand":[],"product_cat":[541],"product_tag":[],"class_list":{"0":"post-19361","1":"product","2":"type-product","3":"status-publish","4":"has-post-thumbnail","6":"product_cat-samen","9":"instock","10":"taxable","11":"shipping-taxable","12":"purchasable","13":"product-type-simple","14":"product-grid-view"},"_links":{"self":[{"href":"https:\/\/greenkingdom.ch\/de\/wp-json\/wp\/v2\/product\/19361","targetHints":{"allow":["GET"]}}],"collection":[{"href":"https:\/\/greenkingdom.ch\/de\/wp-json\/wp\/v2\/product"}],"about":[{"href":"https:\/\/greenkingdom.ch\/de\/wp-json\/wp\/v2\/types\/product"}],"replies":[{"embeddable":true,"href":"https:\/\/greenkingdom.ch\/de\/wp-json\/wp\/v2\/comments?post=19361"}],"version-history":[{"count":0,"href":"https:\/\/greenkingdom.ch\/de\/wp-json\/wp\/v2\/product\/19361\/revisions"}],"wp:featuredmedia":[{"embeddable":true,"href":"https:\/\/greenkingdom.ch\/de\/wp-json\/wp\/v2\/media\/8218"}],"wp:attachment":[{"href":"https:\/\/greenkingdom.ch\/de\/wp-json\/wp\/v2\/media?parent=19361"}],"wp:term":[{"taxonomy":"product_brand","embeddable":true,"href":"https:\/\/greenkingdom.ch\/de\/wp-json\/wp\/v2\/product_brand?post=19361"},{"taxonomy":"product_cat","embeddable":true,"href":"https:\/\/greenkingdom.ch\/de\/wp-json\/wp\/v2\/product_cat?post=19361"},{"taxonomy":"product_tag","embeddable":true,"href":"https:\/\/greenkingdom.ch\/de\/wp-json\/wp\/v2\/product_tag?post=19361"}],"curies":[{"name":"wp","href":"https:\/\/api.w.org\/{rel}","templated":true}]}}