{"id":19366,"date":"2024-10-11T16:36:37","date_gmt":"2024-10-11T14:36:37","guid":{"rendered":"https:\/\/greenkingdom.ch\/product\/kush-cbd-vapepen-zkittles-sonderedition\/"},"modified":"2024-10-11T16:36:37","modified_gmt":"2024-10-11T14:36:37","slug":"kush-cbd-vapepen-zkittles-sonderedition","status":"publish","type":"product","link":"https:\/\/greenkingdom.ch\/de\/produkt\/kush-cbd-vapepen-zkittles-sonderedition\/","title":{"rendered":"Kush CBD Vapepen Zkittles Sonderedition"},"content":{"rendered":"<p>Lerne den Feel-Real Kush CBD Vape kennen &#8211; Eine authentische Reise in die Welt des Cannabis mit CBD in Premiumqualit\u00e4t. Tauche ein in das volle Cannabis-Erlebnis mit dem Feel-Real Kush CBD Vape, der CBD von h\u00f6chster Qualit\u00e4t bietet. Dieser Vape ist perfekt f\u00fcr diejenigen, die den wahren Geschmack und das Gef\u00fchl von Cannabis suchen, angereichert mit den Vorteilen von CBD. Premium-CBD mit nat\u00fcrlichem Terpenprofil: CBD wird aus nicht gentechnisch ver\u00e4ndertem Hanf gewonnen und enth\u00e4lt Terpene, die ein nat\u00fcrliches und k\u00f6stliches Dampferlebnis bieten. Entdecken Sie sensationelle und nat\u00fcrliche Geschmacksprofile durch Terpenoidforschung. Vape Kush CBD erm\u00f6glicht es Ihnen, Ihr CBD-Erlebnis an Ihre Geschmackspr\u00e4ferenzen anzupassen. Der schlanke und gebrauchsfertige Vape Kush CBD ist mit der fortschrittlichsten Airflow-Technologie f\u00fcr ein optimales Dampferlebnis ohne Lecks oder Verstopfungen ausgestattet. Mit 200mg CBD pro Stift, einer Konzentration von 40% und 1mg CBD pro Zug bietet Ihnen der Feel-Real Kush CBD Vape &#8222;All the Feel &#8211; Keep it Real&#8220;. Spezifikationen:<br \/>\n&#8211; 200 mg CBD pro Pen<br \/>\n &#8211; 40 % CBD-Konzentration<br \/>\n &#8211; 1 mg CBD pro Zug<br \/>\n &#8211; Terpenreiches nat\u00fcrliches Geschmacksprofil Ein Produkt f\u00fcr Erwachsene \u00fcber 18 Jahre, das nur in der Schweiz und in Liechtenstein erh\u00e4ltlich ist.<\/p>\n","protected":false},"excerpt":{"rendered":"<p>Lerne den Feel-Real Kush CBD Vape kennen &#8211; Eine authentische Reise in die Welt des Cannabis mit CBD in Premiumqualit\u00e4t. Tauche ein in das volle Cannabis-Erlebnis mit dem Feel-Real Kush CBD Vape, der CBD von h\u00f6chster Qualit\u00e4t bietet. Dieser Vape ist perfekt f\u00fcr diejenigen, die den wahren Geschmack und das Gef\u00fchl von Cannabis suchen, angereichert [&hellip;]<\/p>\n","protected":false},"featured_media":8251,"comment_status":"open","ping_status":"closed","template":"","meta":{"_seopress_robots_primary_cat":"","_seopress_titles_title":"","_seopress_titles_desc":"","_seopress_robots_index":""},"product_brand":[],"product_cat":[551],"product_tag":[],"class_list":{"0":"post-19366","1":"product","2":"type-product","3":"status-publish","4":"has-post-thumbnail","6":"product_cat-vape-de","9":"instock","10":"taxable","11":"shipping-taxable","12":"purchasable","13":"product-type-simple","14":"product-grid-view"},"_links":{"self":[{"href":"https:\/\/greenkingdom.ch\/de\/wp-json\/wp\/v2\/product\/19366","targetHints":{"allow":["GET"]}}],"collection":[{"href":"https:\/\/greenkingdom.ch\/de\/wp-json\/wp\/v2\/product"}],"about":[{"href":"https:\/\/greenkingdom.ch\/de\/wp-json\/wp\/v2\/types\/product"}],"replies":[{"embeddable":true,"href":"https:\/\/greenkingdom.ch\/de\/wp-json\/wp\/v2\/comments?post=19366"}],"version-history":[{"count":0,"href":"https:\/\/greenkingdom.ch\/de\/wp-json\/wp\/v2\/product\/19366\/revisions"}],"wp:featuredmedia":[{"embeddable":true,"href":"https:\/\/greenkingdom.ch\/de\/wp-json\/wp\/v2\/media\/8251"}],"wp:attachment":[{"href":"https:\/\/greenkingdom.ch\/de\/wp-json\/wp\/v2\/media?parent=19366"}],"wp:term":[{"taxonomy":"product_brand","embeddable":true,"href":"https:\/\/greenkingdom.ch\/de\/wp-json\/wp\/v2\/product_brand?post=19366"},{"taxonomy":"product_cat","embeddable":true,"href":"https:\/\/greenkingdom.ch\/de\/wp-json\/wp\/v2\/product_cat?post=19366"},{"taxonomy":"product_tag","embeddable":true,"href":"https:\/\/greenkingdom.ch\/de\/wp-json\/wp\/v2\/product_tag?post=19366"}],"curies":[{"name":"wp","href":"https:\/\/api.w.org\/{rel}","templated":true}]}}