{"id":19375,"date":"2024-10-11T16:36:59","date_gmt":"2024-10-11T14:36:59","guid":{"rendered":"https:\/\/greenkingdom.ch\/product\/kush-cbd-vapepen-super-lemon-haze\/"},"modified":"2024-10-11T16:36:59","modified_gmt":"2024-10-11T14:36:59","slug":"kush-cbd-vapepen-super-lemon-haze","status":"publish","type":"product","link":"https:\/\/greenkingdom.ch\/de\/produkt\/kush-cbd-vapepen-super-lemon-haze\/","title":{"rendered":"Kush CBD Vapepen Super Lemon Haze"},"content":{"rendered":"<p>Entdecken Sie ein einzigartiges Cannabis-Erlebnis mit Feel-Real Kush CBD Vape, das CBD von h\u00f6chster Qualit\u00e4t bietet. Ideal f\u00fcr Liebhaber authentischer Cannabis-Sensationen in Kombination mit den Vorteilen von CBD. Genie\u00dfe Premium-CBD mit nat\u00fcrlichen Terpenen f\u00fcr ein leckeres Dampferlebnis. Sensationelle, nat\u00fcrliche Geschmacksprofile sorgen f\u00fcr ein personalisiertes Erlebnis. Elegant, gebrauchsfertig und effektiv, garantiert Ihnen der Kush CBD Vape Premium Vape Pen optimalen Geschmack und wohltuende Wirkungen. Mit 200mg CBD pro Stift und einer Konzentration von 40% versorgt Dich jeder Zug mit 1mg CBD. Z\u00f6gern Sie nicht, dieses einzigartige und authentische Erlebnis zu entdecken.      <\/p>\n","protected":false},"excerpt":{"rendered":"<p>Entdecken Sie ein einzigartiges Cannabis-Erlebnis mit Feel-Real Kush CBD Vape, das CBD von h\u00f6chster Qualit\u00e4t bietet. Ideal f\u00fcr Liebhaber authentischer Cannabis-Sensationen in Kombination mit den Vorteilen von CBD. Genie\u00dfe Premium-CBD mit nat\u00fcrlichen Terpenen f\u00fcr ein leckeres Dampferlebnis. Sensationelle, nat\u00fcrliche Geschmacksprofile sorgen f\u00fcr ein personalisiertes Erlebnis. Elegant, gebrauchsfertig und effektiv, garantiert Ihnen der Kush CBD Vape [&hellip;]<\/p>\n","protected":false},"featured_media":8266,"comment_status":"open","ping_status":"closed","template":"","meta":{"_seopress_robots_primary_cat":"","_seopress_titles_title":"","_seopress_titles_desc":"","_seopress_robots_index":""},"product_brand":[],"product_cat":[551],"product_tag":[],"class_list":{"0":"post-19375","1":"product","2":"type-product","3":"status-publish","4":"has-post-thumbnail","6":"product_cat-vape-de","9":"instock","10":"taxable","11":"shipping-taxable","12":"purchasable","13":"product-type-simple","14":"product-grid-view"},"_links":{"self":[{"href":"https:\/\/greenkingdom.ch\/de\/wp-json\/wp\/v2\/product\/19375","targetHints":{"allow":["GET"]}}],"collection":[{"href":"https:\/\/greenkingdom.ch\/de\/wp-json\/wp\/v2\/product"}],"about":[{"href":"https:\/\/greenkingdom.ch\/de\/wp-json\/wp\/v2\/types\/product"}],"replies":[{"embeddable":true,"href":"https:\/\/greenkingdom.ch\/de\/wp-json\/wp\/v2\/comments?post=19375"}],"version-history":[{"count":0,"href":"https:\/\/greenkingdom.ch\/de\/wp-json\/wp\/v2\/product\/19375\/revisions"}],"wp:featuredmedia":[{"embeddable":true,"href":"https:\/\/greenkingdom.ch\/de\/wp-json\/wp\/v2\/media\/8266"}],"wp:attachment":[{"href":"https:\/\/greenkingdom.ch\/de\/wp-json\/wp\/v2\/media?parent=19375"}],"wp:term":[{"taxonomy":"product_brand","embeddable":true,"href":"https:\/\/greenkingdom.ch\/de\/wp-json\/wp\/v2\/product_brand?post=19375"},{"taxonomy":"product_cat","embeddable":true,"href":"https:\/\/greenkingdom.ch\/de\/wp-json\/wp\/v2\/product_cat?post=19375"},{"taxonomy":"product_tag","embeddable":true,"href":"https:\/\/greenkingdom.ch\/de\/wp-json\/wp\/v2\/product_tag?post=19375"}],"curies":[{"name":"wp","href":"https:\/\/api.w.org\/{rel}","templated":true}]}}