{"id":19378,"date":"2024-10-11T16:36:59","date_gmt":"2024-10-11T14:36:59","guid":{"rendered":"https:\/\/greenkingdom.ch\/product\/kush-cbd-vapepen-og-kush\/"},"modified":"2024-10-11T16:36:59","modified_gmt":"2024-10-11T14:36:59","slug":"kush-cbd-vapepen-og-kush","status":"publish","type":"product","link":"https:\/\/greenkingdom.ch\/de\/produkt\/kush-cbd-vapepen-og-kush\/","title":{"rendered":"Kush CBD Vapepen OG Kush"},"content":{"rendered":"<h2>Entdecke Feel-Real Kush CBD Vape &#8211; Das authentische Cannabis-Erlebnis mit Premium-CBD.<\/h2>\n<h3>Tauche ein in die Welt von Feel-Real Kush CBD Vape, die den Inbegriff des Cannabis-Erlebnisses gepaart mit Premium-CBD bietet.<\/h3>\n<p>Dieser Vape wird diejenigen begeistern, die den wahren Geschmack und das Gef\u00fchl von Cannabis suchen, verst\u00e4rkt durch die Vorteile von CBD.<\/p>\n<p><strong>Premium CBD mit nat\u00fcrlichen Terpenen:<\/strong> Unser CBD wird aus nicht gentechnisch ver\u00e4ndertem Hanf gewonnen und enth\u00e4lt Terpene \u2013 die nat\u00fcrlichen Molek\u00fcle, die f\u00fcr den charakteristischen Geschmack, das Aroma und die Haptik von Cannabis verantwortlich sind. Genie\u00dfen Sie ein authentisches und k\u00f6stliches Dampferlebnis. <\/p>\n<p><strong>Entdecken Sie einzigartige Geschmackserlebnisse:<\/strong> Dank fortschrittlicher Terpenoid-Forschung bietet Kush CBD Vape nat\u00fcrliche und sensationelle Cannabisaromen. Erleben Sie CBD, das auf Ihre Geschmacksw\u00fcnsche zugeschnitten ist. <\/p>\n<p><strong>Stilvoll und sofort einsatzbereit:<\/strong> Unsere Einweg-Kush CBD Vape Premium Vape Stifte sind schlank, diskret und sofort einsatzbereit, sodass Sie sich auf das Wesentliche konzentrieren k\u00f6nnen, w\u00e4hrend Sie Ihr Lieblings-CBD jederzeit genie\u00dfen k\u00f6nnen.<\/p>\n<p><strong>Zuverl\u00e4ssige und effiziente Technik:<\/strong> Kush Vape CBD-Stifte verf\u00fcgen \u00fcber eine fortschrittliche Luftstromtechnologie, die ein Erlebnis ohne Lecks oder Verstopfungen gew\u00e4hrleistet. Genie\u00dfe die Aromen Deiner Lieblings-Cannabissorten sowie die Vorteile von Premium-CBD. <\/p>\n<p>Feel-Real Kush CBD Vape bietet Ihnen &#8222;All the Sensations &#8211; Stay Authentic&#8220; mit 200mg CBD pro Stift, einer CBD-Konzentration von 40% und 1mg CBD pro Zug.<\/p>\n<h3>Leistungsbeschreibung:<\/h3>\n<ul>\n<li>200mg CBD pro Pen<\/li>\n<li>40% CBD-Konzentration<\/li>\n<li>1mg CBD pro Zug<\/li>\n<li>Terpenreiches nat\u00fcrliches Geschmacksprofil<\/li>\n<\/ul>\n<p><strong>Der Verkauf ist an Personen unter 18 Jahren verboten. Lieferung nur in der Schweiz und in Liechtenstein m\u00f6glich. <\/strong><\/p>\n<p><strong>EAN:<\/strong> 713929615889<\/p>\n","protected":false},"excerpt":{"rendered":"<p>Entdecke Feel-Real Kush CBD Vape &#8211; Das authentische Cannabis-Erlebnis mit Premium-CBD. Tauche ein in die Welt von Feel-Real Kush CBD Vape, die den Inbegriff des Cannabis-Erlebnisses gepaart mit Premium-CBD bietet. Dieser Vape wird diejenigen begeistern, die den wahren Geschmack und das Gef\u00fchl von Cannabis suchen, verst\u00e4rkt durch die Vorteile von CBD. Premium CBD mit nat\u00fcrlichen [&hellip;]<\/p>\n","protected":false},"featured_media":8278,"comment_status":"open","ping_status":"closed","template":"","meta":{"_seopress_robots_primary_cat":"","_seopress_titles_title":"","_seopress_titles_desc":"","_seopress_robots_index":""},"product_brand":[],"product_cat":[551],"product_tag":[],"class_list":{"0":"post-19378","1":"product","2":"type-product","3":"status-publish","4":"has-post-thumbnail","6":"product_cat-vape-de","9":"instock","10":"taxable","11":"shipping-taxable","12":"purchasable","13":"product-type-simple","14":"product-grid-view"},"_links":{"self":[{"href":"https:\/\/greenkingdom.ch\/de\/wp-json\/wp\/v2\/product\/19378","targetHints":{"allow":["GET"]}}],"collection":[{"href":"https:\/\/greenkingdom.ch\/de\/wp-json\/wp\/v2\/product"}],"about":[{"href":"https:\/\/greenkingdom.ch\/de\/wp-json\/wp\/v2\/types\/product"}],"replies":[{"embeddable":true,"href":"https:\/\/greenkingdom.ch\/de\/wp-json\/wp\/v2\/comments?post=19378"}],"version-history":[{"count":0,"href":"https:\/\/greenkingdom.ch\/de\/wp-json\/wp\/v2\/product\/19378\/revisions"}],"wp:featuredmedia":[{"embeddable":true,"href":"https:\/\/greenkingdom.ch\/de\/wp-json\/wp\/v2\/media\/8278"}],"wp:attachment":[{"href":"https:\/\/greenkingdom.ch\/de\/wp-json\/wp\/v2\/media?parent=19378"}],"wp:term":[{"taxonomy":"product_brand","embeddable":true,"href":"https:\/\/greenkingdom.ch\/de\/wp-json\/wp\/v2\/product_brand?post=19378"},{"taxonomy":"product_cat","embeddable":true,"href":"https:\/\/greenkingdom.ch\/de\/wp-json\/wp\/v2\/product_cat?post=19378"},{"taxonomy":"product_tag","embeddable":true,"href":"https:\/\/greenkingdom.ch\/de\/wp-json\/wp\/v2\/product_tag?post=19378"}],"curies":[{"name":"wp","href":"https:\/\/api.w.org\/{rel}","templated":true}]}}