{"id":19388,"date":"2024-10-11T16:37:00","date_gmt":"2024-10-11T14:37:00","guid":{"rendered":"https:\/\/greenkingdom.ch\/product\/garten-high-pro-box-basic-60\/"},"modified":"2024-10-11T16:37:00","modified_gmt":"2024-10-11T14:37:00","slug":"garten-high-pro-box-basic-60","status":"publish","type":"product","link":"https:\/\/greenkingdom.ch\/de\/produkt\/garten-high-pro-box-basic-60\/","title":{"rendered":"Garten High Pro Box Basic 60"},"content":{"rendered":"<p>Hier ist eine verbesserte Pr\u00e4sentation des Produkts auf Franz\u00f6sisch:<\/p>\n<div class=\"value\">\n<p><strong>PROBOX BASIC 60<\/strong><\/p>\n<p>Ma\u00dfe: 60 x 60 x 160 cm<\/p>\n<p>Starke und langlebige Polsterung aus 420D-Nylongewebe<\/p>\n<p>Patentierte Struktur, die Festigkeit und Stabilit\u00e4t gew\u00e4hrleistet<\/p>\n<p>97% hochwertige reflektierende Mylar-Beschichtung<\/p>\n<p>Zertifiziert zur F\u00f6rderung des Pflanzenwachstums<\/p>\n<p>Langlebige, lichtbest\u00e4ndige Rei\u00dfverschl\u00fcsse<\/p>\n<p>Flexible und robuste Gewebestangen<\/p>\n<p>H\u00e4ngekapazit\u00e4t von bis zu 28 kg<\/p>\n<p>Enthaltene R\u00f6hren:<\/p>\n<p>5 x 13,5 cm<\/p>\n<p>1 x 8 cm (f\u00fcr Strom)<\/p>\n<\/div>\n<div class=\"product attribute ean\"><strong class=\"type\"> <span class=\"value ean\">EAN-0735632368272<\/span><\/strong><\/div>\n","protected":false},"excerpt":{"rendered":"<p>Hier ist eine verbesserte Pr\u00e4sentation des Produkts auf Franz\u00f6sisch: PROBOX BASIC 60 Ma\u00dfe: 60 x 60 x 160 cm Starke und langlebige Polsterung aus 420D-Nylongewebe Patentierte Struktur, die Festigkeit und Stabilit\u00e4t gew\u00e4hrleistet 97% hochwertige reflektierende Mylar-Beschichtung Zertifiziert zur F\u00f6rderung des Pflanzenwachstums Langlebige, lichtbest\u00e4ndige Rei\u00dfverschl\u00fcsse Flexible und robuste Gewebestangen H\u00e4ngekapazit\u00e4t von bis zu 28 kg Enthaltene [&hellip;]<\/p>\n","protected":false},"featured_media":8308,"comment_status":"open","ping_status":"closed","template":"","meta":{"_seopress_robots_primary_cat":"","_seopress_titles_title":"","_seopress_titles_desc":"","_seopress_robots_index":""},"product_brand":[],"product_cat":[627],"product_tag":[],"class_list":{"0":"post-19388","1":"product","2":"type-product","3":"status-publish","4":"has-post-thumbnail","6":"product_cat-zelte","9":"instock","10":"taxable","11":"shipping-taxable","12":"purchasable","13":"product-type-simple","14":"product-grid-view"},"_links":{"self":[{"href":"https:\/\/greenkingdom.ch\/de\/wp-json\/wp\/v2\/product\/19388","targetHints":{"allow":["GET"]}}],"collection":[{"href":"https:\/\/greenkingdom.ch\/de\/wp-json\/wp\/v2\/product"}],"about":[{"href":"https:\/\/greenkingdom.ch\/de\/wp-json\/wp\/v2\/types\/product"}],"replies":[{"embeddable":true,"href":"https:\/\/greenkingdom.ch\/de\/wp-json\/wp\/v2\/comments?post=19388"}],"version-history":[{"count":0,"href":"https:\/\/greenkingdom.ch\/de\/wp-json\/wp\/v2\/product\/19388\/revisions"}],"wp:featuredmedia":[{"embeddable":true,"href":"https:\/\/greenkingdom.ch\/de\/wp-json\/wp\/v2\/media\/8308"}],"wp:attachment":[{"href":"https:\/\/greenkingdom.ch\/de\/wp-json\/wp\/v2\/media?parent=19388"}],"wp:term":[{"taxonomy":"product_brand","embeddable":true,"href":"https:\/\/greenkingdom.ch\/de\/wp-json\/wp\/v2\/product_brand?post=19388"},{"taxonomy":"product_cat","embeddable":true,"href":"https:\/\/greenkingdom.ch\/de\/wp-json\/wp\/v2\/product_cat?post=19388"},{"taxonomy":"product_tag","embeddable":true,"href":"https:\/\/greenkingdom.ch\/de\/wp-json\/wp\/v2\/product_tag?post=19388"}],"curies":[{"name":"wp","href":"https:\/\/api.w.org\/{rel}","templated":true}]}}