{"id":19404,"date":"2024-10-11T16:37:01","date_gmt":"2024-10-11T14:37:01","guid":{"rendered":"https:\/\/greenkingdom.ch\/product\/garten-high-pro-box-basic-150\/"},"modified":"2024-10-11T16:37:01","modified_gmt":"2024-10-11T14:37:01","slug":"garten-high-pro-box-basic-150","status":"publish","type":"product","link":"https:\/\/greenkingdom.ch\/de\/produkt\/garten-high-pro-box-basic-150\/","title":{"rendered":"Garten High Pro Box Basic 150"},"content":{"rendered":"<p>Die Garden High Pro Box 150 ist eine attraktive und g\u00fcnstige Alternative zu den \u00fcblichen Homeboxen und Dunkelkammern. Dieses von Secret Jardin produzierte Modell setzt die Tradition der Qualit\u00e4t zu einem g\u00fcnstigen Preis fort. Mit ihrer inneren Schicht aus Mylar-Diamant-Reflexionsfolie sorgt diese Box f\u00fcr eine pr\u00e4zise und gleichm\u00e4\u00dfige Lichtverteilung f\u00fcr eine optimale Ausleuchtung der Pflanzen. Sie l\u00e4sst sich einfach in jedem Raum mit einer Mindesth\u00f6he von 200 cm installieren und bietet gro\u00dfz\u00fcgigen Platz f\u00fcr einen erfolgreichen Anbau. Diese Box ist bequem und schnell zu montieren und kann zur \u00fcbersichtlichen Aufbewahrung auch leicht zerlegt werden. Zu den wichtigsten Merkmalen geh\u00f6ren eine Kastengr\u00f6\u00dfe von 150x150x200cm, ein durchdachter Luftdurchlass und Entnahmel\u00f6cher sowie ein Stromkabeldurchgang. Stellen Sie sicher, dass Sie dieses fesselnde Produkt sofort in Ihren Grow Room aufnehmen! EAN: 0735632368203      <\/p>\n","protected":false},"excerpt":{"rendered":"<p>Die Garden High Pro Box 150 ist eine attraktive und g\u00fcnstige Alternative zu den \u00fcblichen Homeboxen und Dunkelkammern. Dieses von Secret Jardin produzierte Modell setzt die Tradition der Qualit\u00e4t zu einem g\u00fcnstigen Preis fort. Mit ihrer inneren Schicht aus Mylar-Diamant-Reflexionsfolie sorgt diese Box f\u00fcr eine pr\u00e4zise und gleichm\u00e4\u00dfige Lichtverteilung f\u00fcr eine optimale Ausleuchtung der Pflanzen. [&hellip;]<\/p>\n","protected":false},"featured_media":8320,"comment_status":"open","ping_status":"closed","template":"","meta":{"_seopress_robots_primary_cat":"","_seopress_titles_title":"","_seopress_titles_desc":"","_seopress_robots_index":""},"product_brand":[],"product_cat":[627],"product_tag":[],"class_list":{"0":"post-19404","1":"product","2":"type-product","3":"status-publish","4":"has-post-thumbnail","6":"product_cat-zelte","9":"instock","10":"taxable","11":"shipping-taxable","12":"purchasable","13":"product-type-simple","14":"product-grid-view"},"_links":{"self":[{"href":"https:\/\/greenkingdom.ch\/de\/wp-json\/wp\/v2\/product\/19404","targetHints":{"allow":["GET"]}}],"collection":[{"href":"https:\/\/greenkingdom.ch\/de\/wp-json\/wp\/v2\/product"}],"about":[{"href":"https:\/\/greenkingdom.ch\/de\/wp-json\/wp\/v2\/types\/product"}],"replies":[{"embeddable":true,"href":"https:\/\/greenkingdom.ch\/de\/wp-json\/wp\/v2\/comments?post=19404"}],"version-history":[{"count":0,"href":"https:\/\/greenkingdom.ch\/de\/wp-json\/wp\/v2\/product\/19404\/revisions"}],"wp:featuredmedia":[{"embeddable":true,"href":"https:\/\/greenkingdom.ch\/de\/wp-json\/wp\/v2\/media\/8320"}],"wp:attachment":[{"href":"https:\/\/greenkingdom.ch\/de\/wp-json\/wp\/v2\/media?parent=19404"}],"wp:term":[{"taxonomy":"product_brand","embeddable":true,"href":"https:\/\/greenkingdom.ch\/de\/wp-json\/wp\/v2\/product_brand?post=19404"},{"taxonomy":"product_cat","embeddable":true,"href":"https:\/\/greenkingdom.ch\/de\/wp-json\/wp\/v2\/product_cat?post=19404"},{"taxonomy":"product_tag","embeddable":true,"href":"https:\/\/greenkingdom.ch\/de\/wp-json\/wp\/v2\/product_tag?post=19404"}],"curies":[{"name":"wp","href":"https:\/\/api.w.org\/{rel}","templated":true}]}}