{"id":19409,"date":"2024-10-11T16:37:01","date_gmt":"2024-10-11T14:37:01","guid":{"rendered":"https:\/\/greenkingdom.ch\/product\/garden-high-pro-box-basic-240l\/"},"modified":"2024-10-11T16:37:01","modified_gmt":"2024-10-11T14:37:01","slug":"garden-high-pro-box-basic-240l","status":"publish","type":"product","link":"https:\/\/greenkingdom.ch\/de\/produkt\/garden-high-pro-box-basic-240l\/","title":{"rendered":"Garden High Pro Box Basic 240L"},"content":{"rendered":"<p>Lernen Sie die Garden High Pro Box 240L kennen, eine erschwingliche, hochwertige Alternative zu den \u00fcblichen Growzelten und Dunkelkammern! Dieses von Secret Jardin entworfene Modell setzt die Tradition seiner Vorg\u00e4nger fort und bietet gleichzeitig einen attraktiven Preis. Die reflektierende Mylar-Diamantfolie streut das Licht pr\u00e4zise und gleichm\u00e4\u00dfig und sorgt so f\u00fcr eine optimale Beleuchtung Ihrer Pflanzen. Genie\u00dfe einen gro\u00dfz\u00fcgigen Raum, der den Anbau Deiner Pflanzen f\u00fcr Anf\u00e4nger genauso angenehm macht wie f\u00fcr Experten. Diese Box ist einfach zu montieren und zu lagern und passt in jeden Raum mit einer H\u00f6he von mindestens 200 cm. Mit ihren Schlitzen, L\u00fcftungsfenstern und praktischen T\u00fcren wird Ihnen diese Garden High Pro Box das Leben erleichtern. Gr\u00f6\u00dfe: 240x120x200cm. EAN: 0735632368197.       <\/p>\n","protected":false},"excerpt":{"rendered":"<p>Lernen Sie die Garden High Pro Box 240L kennen, eine erschwingliche, hochwertige Alternative zu den \u00fcblichen Growzelten und Dunkelkammern! Dieses von Secret Jardin entworfene Modell setzt die Tradition seiner Vorg\u00e4nger fort und bietet gleichzeitig einen attraktiven Preis. Die reflektierende Mylar-Diamantfolie streut das Licht pr\u00e4zise und gleichm\u00e4\u00dfig und sorgt so f\u00fcr eine optimale Beleuchtung Ihrer Pflanzen. [&hellip;]<\/p>\n","protected":false},"featured_media":8329,"comment_status":"open","ping_status":"closed","template":"","meta":{"_seopress_robots_primary_cat":"","_seopress_titles_title":"","_seopress_titles_desc":"","_seopress_robots_index":""},"product_brand":[],"product_cat":[627],"product_tag":[],"class_list":{"0":"post-19409","1":"product","2":"type-product","3":"status-publish","4":"has-post-thumbnail","6":"product_cat-zelte","9":"instock","10":"taxable","11":"shipping-taxable","12":"purchasable","13":"product-type-simple","14":"product-grid-view"},"_links":{"self":[{"href":"https:\/\/greenkingdom.ch\/de\/wp-json\/wp\/v2\/product\/19409","targetHints":{"allow":["GET"]}}],"collection":[{"href":"https:\/\/greenkingdom.ch\/de\/wp-json\/wp\/v2\/product"}],"about":[{"href":"https:\/\/greenkingdom.ch\/de\/wp-json\/wp\/v2\/types\/product"}],"replies":[{"embeddable":true,"href":"https:\/\/greenkingdom.ch\/de\/wp-json\/wp\/v2\/comments?post=19409"}],"version-history":[{"count":0,"href":"https:\/\/greenkingdom.ch\/de\/wp-json\/wp\/v2\/product\/19409\/revisions"}],"wp:featuredmedia":[{"embeddable":true,"href":"https:\/\/greenkingdom.ch\/de\/wp-json\/wp\/v2\/media\/8329"}],"wp:attachment":[{"href":"https:\/\/greenkingdom.ch\/de\/wp-json\/wp\/v2\/media?parent=19409"}],"wp:term":[{"taxonomy":"product_brand","embeddable":true,"href":"https:\/\/greenkingdom.ch\/de\/wp-json\/wp\/v2\/product_brand?post=19409"},{"taxonomy":"product_cat","embeddable":true,"href":"https:\/\/greenkingdom.ch\/de\/wp-json\/wp\/v2\/product_cat?post=19409"},{"taxonomy":"product_tag","embeddable":true,"href":"https:\/\/greenkingdom.ch\/de\/wp-json\/wp\/v2\/product_tag?post=19409"}],"curies":[{"name":"wp","href":"https:\/\/api.w.org\/{rel}","templated":true}]}}