{"id":19412,"date":"2024-10-11T16:37:02","date_gmt":"2024-10-11T14:37:02","guid":{"rendered":"https:\/\/greenkingdom.ch\/product\/homebox-ambient-q120\/"},"modified":"2024-10-11T16:37:02","modified_gmt":"2024-10-11T14:37:02","slug":"homebox-ambient-q120","status":"publish","type":"product","link":"https:\/\/greenkingdom.ch\/de\/produkt\/homebox-ambient-q120\/","title":{"rendered":"Homebox Ambient Q120"},"content":{"rendered":"<p>Erlebe die Leistung der 600 Watt HID Grow Light gepaart mit der HOMEbox\u00ae Ambient Q120 Growbox! Dank der superreflektierenden PAR+-Innenbeschichtung wachsen Ihre Pflanzen schneller, produzieren mehr Bl\u00fcten und Fr\u00fcchte. Die Qualit\u00e4t ist au\u00dfergew\u00f6hnlich, da die Hitze besser kontrolliert wird. Dieser effiziente Grow-Raum bietet nur 1,44 m\u00b2 Grundfl\u00e4che! Die HOMEbox\u00ae Ambient Q120 ist die Wahl leidenschaftlicher Indoor-Grower f\u00fcr alle Phasen des Pflanzenlebens, mit idealem Einsatz in der Bl\u00fctekammer f\u00fcr bis zu 36 Pflanzen. Einfache Bearbeitung, Hilfevideos verf\u00fcgbar. Merkmale:<br \/>\n&#8211; Abmessungen: 120 x 120 x 200 cm<br \/>\n&#8211; Anbaufl\u00e4che: 1,44 m\u00b2<br \/>\n&#8211; Hochmodernes deutsches<br \/>\n Design und Technologie- Robuste und langlebige<br \/>\n Materialien- Abnehmbarer, wasserabweisender<br \/>\n Bodenbelag- Doppelter<br \/>\n Seitenzugang- Bel\u00fcftungs\u00f6ffnungen, Moskitonetz, widerstandsf\u00e4higer Stoff inklusive<br \/>\n&#8211; Verbessertes Wachstum dank des superreflektierenden PAR+<br \/>\n-Innenfutters- Verdunkelungsrei\u00dfverschl\u00fcsse, lichtdichtend<br \/>\n&#8211; Maximale Kapazit\u00e4t: 75 kg Erwecken Sie Ihren Indoor-Garten mit der HOMEbox\u00ae Ambient Q120 zum Leben! EAN: 4260220921721.   <\/p>\n","protected":false},"excerpt":{"rendered":"<p>Erlebe die Leistung der 600 Watt HID Grow Light gepaart mit der HOMEbox\u00ae Ambient Q120 Growbox! Dank der superreflektierenden PAR+-Innenbeschichtung wachsen Ihre Pflanzen schneller, produzieren mehr Bl\u00fcten und Fr\u00fcchte. Die Qualit\u00e4t ist au\u00dfergew\u00f6hnlich, da die Hitze besser kontrolliert wird. Dieser effiziente Grow-Raum bietet nur 1,44 m\u00b2 Grundfl\u00e4che! Die HOMEbox\u00ae Ambient Q120 ist die Wahl leidenschaftlicher [&hellip;]<\/p>\n","protected":false},"featured_media":8395,"comment_status":"open","ping_status":"closed","template":"","meta":{"_seopress_robots_primary_cat":"","_seopress_titles_title":"","_seopress_titles_desc":"","_seopress_robots_index":""},"product_brand":[],"product_cat":[627],"product_tag":[],"class_list":{"0":"post-19412","1":"product","2":"type-product","3":"status-publish","4":"has-post-thumbnail","6":"product_cat-zelte","9":"instock","10":"taxable","11":"shipping-taxable","12":"purchasable","13":"product-type-simple","14":"product-grid-view"},"_links":{"self":[{"href":"https:\/\/greenkingdom.ch\/de\/wp-json\/wp\/v2\/product\/19412","targetHints":{"allow":["GET"]}}],"collection":[{"href":"https:\/\/greenkingdom.ch\/de\/wp-json\/wp\/v2\/product"}],"about":[{"href":"https:\/\/greenkingdom.ch\/de\/wp-json\/wp\/v2\/types\/product"}],"replies":[{"embeddable":true,"href":"https:\/\/greenkingdom.ch\/de\/wp-json\/wp\/v2\/comments?post=19412"}],"version-history":[{"count":0,"href":"https:\/\/greenkingdom.ch\/de\/wp-json\/wp\/v2\/product\/19412\/revisions"}],"wp:featuredmedia":[{"embeddable":true,"href":"https:\/\/greenkingdom.ch\/de\/wp-json\/wp\/v2\/media\/8395"}],"wp:attachment":[{"href":"https:\/\/greenkingdom.ch\/de\/wp-json\/wp\/v2\/media?parent=19412"}],"wp:term":[{"taxonomy":"product_brand","embeddable":true,"href":"https:\/\/greenkingdom.ch\/de\/wp-json\/wp\/v2\/product_brand?post=19412"},{"taxonomy":"product_cat","embeddable":true,"href":"https:\/\/greenkingdom.ch\/de\/wp-json\/wp\/v2\/product_cat?post=19412"},{"taxonomy":"product_tag","embeddable":true,"href":"https:\/\/greenkingdom.ch\/de\/wp-json\/wp\/v2\/product_tag?post=19412"}],"curies":[{"name":"wp","href":"https:\/\/api.w.org\/{rel}","templated":true}]}}