{"id":19418,"date":"2024-10-11T16:37:02","date_gmt":"2024-10-11T14:37:02","guid":{"rendered":"https:\/\/greenkingdom.ch\/product\/homebox-ambient-q100\/"},"modified":"2024-10-11T16:37:02","modified_gmt":"2024-10-11T14:37:02","slug":"homebox-ambient-q100","status":"publish","type":"product","link":"https:\/\/greenkingdom.ch\/de\/produkt\/homebox-ambient-q100\/","title":{"rendered":"Homebox Ambient Q100"},"content":{"rendered":"<p>Mit seiner beeindruckenden H\u00f6he von 2 Metern bietet das Modell HOMEbox\u00ae Ambient Q100 einen Quadratmeter Anbaufl\u00e4che, der sich ideal f\u00fcr hydroponische Systeme eignet und die Pflanzen vom Boden fernh\u00e4lt. Diese Growbox aus der Original HOMEbox-Reihe\u00ae ist mit robusten Rei\u00dfverschl\u00fcssen, einem d\u00fcnnen Moskitonetz, OmniFlow-Bel\u00fcftungs\u00f6ffnungen und einer PAR+ reflektierenden Beschichtung f\u00fcr optimale Lichtreflexion ausgestattet. Die empfohlenen Lampen haben eine Leistung von 400 bis 600 Watt, und die Installation von luftgek\u00fchlten Reflektoren wird durch die auf jeder Seite positionierten 160-mm-Rohre vereinfacht. Neben seiner aufgebauten Gr\u00f6\u00dfe von 100 x 100 x 200 cm und einer Anbaufl\u00e4che von 1 m\u00b2 bietet dieses Premium-Growzelt deutsches High-Tech-Design und -Technologie, barrierefreien einfachen Zugang, robuste und langlebige Materialien, eine widerstandsf\u00e4hige Au\u00dfenbeschichtung und viele weitere innovative Features. Mit Seitenfenstern, Bel\u00fcftungs\u00f6ffnungen, abnehmbaren und wasserdichten Bodenelementen bietet dieses Ger\u00e4t alles, was Sie brauchen, um Ihre Pflanzen in aller Ruhe anzubauen. Nutze die maximale Belastung von 75 kg und das wasserdichte Rei\u00dfverschlusssystem f\u00fcr eine perfekt luftdichte Anbauumgebung. Verpassen Sie nicht die Gelegenheit, von all diesen Vorteilen mit dem Modell HOMEbox\u00ae Ambient Q100 EAN: 4260220921714 zu profitieren.<\/p>\n","protected":false},"excerpt":{"rendered":"<p>Mit seiner beeindruckenden H\u00f6he von 2 Metern bietet das Modell HOMEbox\u00ae Ambient Q100 einen Quadratmeter Anbaufl\u00e4che, der sich ideal f\u00fcr hydroponische Systeme eignet und die Pflanzen vom Boden fernh\u00e4lt. Diese Growbox aus der Original HOMEbox-Reihe\u00ae ist mit robusten Rei\u00dfverschl\u00fcssen, einem d\u00fcnnen Moskitonetz, OmniFlow-Bel\u00fcftungs\u00f6ffnungen und einer PAR+ reflektierenden Beschichtung f\u00fcr optimale Lichtreflexion ausgestattet. Die empfohlenen Lampen [&hellip;]<\/p>\n","protected":false},"featured_media":8389,"comment_status":"open","ping_status":"closed","template":"","meta":{"_seopress_robots_primary_cat":"","_seopress_titles_title":"","_seopress_titles_desc":"","_seopress_robots_index":""},"product_brand":[],"product_cat":[627],"product_tag":[],"class_list":{"0":"post-19418","1":"product","2":"type-product","3":"status-publish","4":"has-post-thumbnail","6":"product_cat-zelte","9":"instock","10":"taxable","11":"shipping-taxable","12":"purchasable","13":"product-type-simple","14":"product-grid-view"},"_links":{"self":[{"href":"https:\/\/greenkingdom.ch\/de\/wp-json\/wp\/v2\/product\/19418","targetHints":{"allow":["GET"]}}],"collection":[{"href":"https:\/\/greenkingdom.ch\/de\/wp-json\/wp\/v2\/product"}],"about":[{"href":"https:\/\/greenkingdom.ch\/de\/wp-json\/wp\/v2\/types\/product"}],"replies":[{"embeddable":true,"href":"https:\/\/greenkingdom.ch\/de\/wp-json\/wp\/v2\/comments?post=19418"}],"version-history":[{"count":0,"href":"https:\/\/greenkingdom.ch\/de\/wp-json\/wp\/v2\/product\/19418\/revisions"}],"wp:featuredmedia":[{"embeddable":true,"href":"https:\/\/greenkingdom.ch\/de\/wp-json\/wp\/v2\/media\/8389"}],"wp:attachment":[{"href":"https:\/\/greenkingdom.ch\/de\/wp-json\/wp\/v2\/media?parent=19418"}],"wp:term":[{"taxonomy":"product_brand","embeddable":true,"href":"https:\/\/greenkingdom.ch\/de\/wp-json\/wp\/v2\/product_brand?post=19418"},{"taxonomy":"product_cat","embeddable":true,"href":"https:\/\/greenkingdom.ch\/de\/wp-json\/wp\/v2\/product_cat?post=19418"},{"taxonomy":"product_tag","embeddable":true,"href":"https:\/\/greenkingdom.ch\/de\/wp-json\/wp\/v2\/product_tag?post=19418"}],"curies":[{"name":"wp","href":"https:\/\/api.w.org\/{rel}","templated":true}]}}