{"id":19424,"date":"2024-10-11T16:37:02","date_gmt":"2024-10-11T14:37:02","guid":{"rendered":"https:\/\/greenkingdom.ch\/product\/homebox-ambient-q80\/"},"modified":"2024-10-11T16:37:02","modified_gmt":"2024-10-11T14:37:02","slug":"homebox-ambient-q80","status":"publish","type":"product","link":"https:\/\/greenkingdom.ch\/de\/produkt\/homebox-ambient-q80\/","title":{"rendered":"Homebox Ambient Q80"},"content":{"rendered":"<p>Lernen Sie das HOMEbox\u00ae Ambient Q80 Growzelt kennen, einen kompakten und hochproduktiven Raum f\u00fcr Ihre Pflanzen. Mit einer effizienten 250-W-Lichtquelle bietet diese Umgebung ein un\u00fcbertroffenes Reflexionsverm\u00f6gen f\u00fcr hochwertige Ertr\u00e4ge. Die montierten Abmessungen von 80 x 80 x 160 cm bieten eine Anbaufl\u00e4che von 0,64 m2. Das hochmoderne Design und die Technologie made in Germany sorgen f\u00fcr eine lange Lebensdauer. Zu den Merkmalen geh\u00f6ren OmniFlow-Bel\u00fcftungs\u00f6ffnungen, eine PAR+-Innenbeschichtung f\u00fcr besseres Wachstum, ein stabiler Metallrahmen und lichtdichte Rei\u00dfverschl\u00fcsse. Das Ger\u00e4t ist vollst\u00e4ndig abgedichtet und undurchsichtig, um eine optimale Umgebung f\u00fcr Ihre Pflanzen zu gew\u00e4hrleisten. Mit der M\u00f6glichkeit des schrittweisen Zugangs und barrierefrei ist die HOMEbox\u00ae Ambient Q80 ideal f\u00fcr alle g\u00e4ngigen Anbaumethoden. Holen Sie sich dieses hochwertige Growzelt f\u00fcr au\u00dfergew\u00f6hnliche Ergebnisse.  <\/p>\n","protected":false},"excerpt":{"rendered":"<p>Lernen Sie das HOMEbox\u00ae Ambient Q80 Growzelt kennen, einen kompakten und hochproduktiven Raum f\u00fcr Ihre Pflanzen. Mit einer effizienten 250-W-Lichtquelle bietet diese Umgebung ein un\u00fcbertroffenes Reflexionsverm\u00f6gen f\u00fcr hochwertige Ertr\u00e4ge. Die montierten Abmessungen von 80 x 80 x 160 cm bieten eine Anbaufl\u00e4che von 0,64 m2. Das hochmoderne Design und die Technologie made in Germany sorgen [&hellip;]<\/p>\n","protected":false},"featured_media":8380,"comment_status":"open","ping_status":"closed","template":"","meta":{"_seopress_robots_primary_cat":"","_seopress_titles_title":"","_seopress_titles_desc":"","_seopress_robots_index":""},"product_brand":[],"product_cat":[627],"product_tag":[],"class_list":{"0":"post-19424","1":"product","2":"type-product","3":"status-publish","4":"has-post-thumbnail","6":"product_cat-zelte","9":"instock","10":"taxable","11":"shipping-taxable","12":"purchasable","13":"product-type-simple","14":"product-grid-view"},"_links":{"self":[{"href":"https:\/\/greenkingdom.ch\/de\/wp-json\/wp\/v2\/product\/19424","targetHints":{"allow":["GET"]}}],"collection":[{"href":"https:\/\/greenkingdom.ch\/de\/wp-json\/wp\/v2\/product"}],"about":[{"href":"https:\/\/greenkingdom.ch\/de\/wp-json\/wp\/v2\/types\/product"}],"replies":[{"embeddable":true,"href":"https:\/\/greenkingdom.ch\/de\/wp-json\/wp\/v2\/comments?post=19424"}],"version-history":[{"count":0,"href":"https:\/\/greenkingdom.ch\/de\/wp-json\/wp\/v2\/product\/19424\/revisions"}],"wp:featuredmedia":[{"embeddable":true,"href":"https:\/\/greenkingdom.ch\/de\/wp-json\/wp\/v2\/media\/8380"}],"wp:attachment":[{"href":"https:\/\/greenkingdom.ch\/de\/wp-json\/wp\/v2\/media?parent=19424"}],"wp:term":[{"taxonomy":"product_brand","embeddable":true,"href":"https:\/\/greenkingdom.ch\/de\/wp-json\/wp\/v2\/product_brand?post=19424"},{"taxonomy":"product_cat","embeddable":true,"href":"https:\/\/greenkingdom.ch\/de\/wp-json\/wp\/v2\/product_cat?post=19424"},{"taxonomy":"product_tag","embeddable":true,"href":"https:\/\/greenkingdom.ch\/de\/wp-json\/wp\/v2\/product_tag?post=19424"}],"curies":[{"name":"wp","href":"https:\/\/api.w.org\/{rel}","templated":true}]}}