{"id":19427,"date":"2024-10-11T16:37:03","date_gmt":"2024-10-11T14:37:03","guid":{"rendered":"https:\/\/greenkingdom.ch\/product\/garten-highpro-pronet-modular-150\/"},"modified":"2024-10-11T16:37:03","modified_gmt":"2024-10-11T14:37:03","slug":"garten-highpro-pronet-modular-150","status":"publish","type":"product","link":"https:\/\/greenkingdom.ch\/de\/produkt\/garten-highpro-pronet-modular-150\/","title":{"rendered":"Garten Highpro Pronet Modular 150"},"content":{"rendered":"<p>Lernen Sie das Garden Highpro Modular Pronet kennen, ein elastisches St\u00fctznetz, das f\u00fcr Growzelte entwickelt wurde. Bieten Sie den Pflanzen Unterst\u00fctzung, w\u00e4hrend sie sich mit Fr\u00fcchten beladen und an der Spitze schwerer werden. Das Netz misst ca. 20 cm, besteht aus einem 3 mm dicken elastischen Material, das f\u00fcr Zelte bis zu 1,5&#215;1,5m geeignet ist. Hergestellt aus 100% Naturkautschuk, wird dieser Pronet mit 4 zus\u00e4tzlichen Haken f\u00fcr den vielseitigen Einsatz geliefert. Mit den mitgelieferten Haken kann das Pronet an verschiedene Gr\u00f6\u00dfen von Growzelten angepasst werden, z. B. 90x120cm. Er l\u00e4sst sich an Deine Bed\u00fcrfnisse anpassen und passt sich perfekt an die Konfiguration Deines Anbauraums an. Zus\u00e4tzlich zu den Standardzeltgr\u00f6\u00dfen kann das modulare Pronet individuell zusammengeklappt werden, um Ihren spezifischen Anforderungen gerecht zu werden. Erh\u00e4ltlich in Schwarz f\u00fcr eine schlanke \u00c4sthetik. EAN: 8436554760916 <\/p>\n","protected":false},"excerpt":{"rendered":"<p>Lernen Sie das Garden Highpro Modular Pronet kennen, ein elastisches St\u00fctznetz, das f\u00fcr Growzelte entwickelt wurde. Bieten Sie den Pflanzen Unterst\u00fctzung, w\u00e4hrend sie sich mit Fr\u00fcchten beladen und an der Spitze schwerer werden. Das Netz misst ca. 20 cm, besteht aus einem 3 mm dicken elastischen Material, das f\u00fcr Zelte bis zu 1,5&#215;1,5m geeignet ist. [&hellip;]<\/p>\n","protected":false},"featured_media":8422,"comment_status":"open","ping_status":"closed","template":"","meta":{"_seopress_robots_primary_cat":"","_seopress_titles_title":"","_seopress_titles_desc":"","_seopress_robots_index":""},"product_brand":[],"product_cat":[624],"product_tag":[],"class_list":{"0":"post-19427","1":"product","2":"type-product","3":"status-publish","4":"has-post-thumbnail","6":"product_cat-zubehoer-growzelte","9":"instock","10":"taxable","11":"shipping-taxable","12":"purchasable","13":"product-type-simple","14":"product-grid-view"},"_links":{"self":[{"href":"https:\/\/greenkingdom.ch\/de\/wp-json\/wp\/v2\/product\/19427","targetHints":{"allow":["GET"]}}],"collection":[{"href":"https:\/\/greenkingdom.ch\/de\/wp-json\/wp\/v2\/product"}],"about":[{"href":"https:\/\/greenkingdom.ch\/de\/wp-json\/wp\/v2\/types\/product"}],"replies":[{"embeddable":true,"href":"https:\/\/greenkingdom.ch\/de\/wp-json\/wp\/v2\/comments?post=19427"}],"version-history":[{"count":0,"href":"https:\/\/greenkingdom.ch\/de\/wp-json\/wp\/v2\/product\/19427\/revisions"}],"wp:featuredmedia":[{"embeddable":true,"href":"https:\/\/greenkingdom.ch\/de\/wp-json\/wp\/v2\/media\/8422"}],"wp:attachment":[{"href":"https:\/\/greenkingdom.ch\/de\/wp-json\/wp\/v2\/media?parent=19427"}],"wp:term":[{"taxonomy":"product_brand","embeddable":true,"href":"https:\/\/greenkingdom.ch\/de\/wp-json\/wp\/v2\/product_brand?post=19427"},{"taxonomy":"product_cat","embeddable":true,"href":"https:\/\/greenkingdom.ch\/de\/wp-json\/wp\/v2\/product_cat?post=19427"},{"taxonomy":"product_tag","embeddable":true,"href":"https:\/\/greenkingdom.ch\/de\/wp-json\/wp\/v2\/product_tag?post=19427"}],"curies":[{"name":"wp","href":"https:\/\/api.w.org\/{rel}","templated":true}]}}