{"id":19434,"date":"2024-10-11T16:37:04","date_gmt":"2024-10-11T14:37:04","guid":{"rendered":"https:\/\/greenkingdom.ch\/product\/philips-son-t-pia-250w\/"},"modified":"2024-10-11T16:37:04","modified_gmt":"2024-10-11T14:37:04","slug":"philips-son-t-pia-250w","status":"publish","type":"product","link":"https:\/\/greenkingdom.ch\/de\/produkt\/philips-son-t-pia-250w\/","title":{"rendered":"Philips SON-T PIA 250W"},"content":{"rendered":"<p>Lernen Sie die Son-T PIA 250-Watt-Natriumdampflampe kennen, die sich mit ihrem rot-gelben Farbspektrum ideal f\u00fcr die Bl\u00fctephase eignet. Der Philips Son-T PIA eignet sich perfekt f\u00fcr Kleinteile und g\u00fcnstigere Vorschaltger\u00e4te. Wirtschaftlich und langlebig, ist sie die perfekte Starterbirne. Farbe: Rot\/Gelb (220 [ 2000K GZT ])Lichtstrom<br \/>\n: 32800 lm<br \/>\nFarbtemperatur: 2000 K<br \/>\nLichtausbeute: 126,15 lm\/W<br \/>\nFarbwiedergabeindex: 25 Diese Gl\u00fchbirne ist dimmbar und hat eine schnelle Einrichtungszeit von 5 Minuten. Dar\u00fcber hinaus ist die Recyclinggeb\u00fchr enthalten, mit der Sie gebrauchte Gl\u00fchbirnen kostenlos entsorgen k\u00f6nnen. F\u00fcge diese Zwiebel zu Deinem Grow-Raum f\u00fcr bl\u00fchende Pflanzen hinzu!  <\/p>\n","protected":false},"excerpt":{"rendered":"<p>Lernen Sie die Son-T PIA 250-Watt-Natriumdampflampe kennen, die sich mit ihrem rot-gelben Farbspektrum ideal f\u00fcr die Bl\u00fctephase eignet. Der Philips Son-T PIA eignet sich perfekt f\u00fcr Kleinteile und g\u00fcnstigere Vorschaltger\u00e4te. Wirtschaftlich und langlebig, ist sie die perfekte Starterbirne. Farbe: Rot\/Gelb (220 [ 2000K GZT ])Lichtstrom : 32800 lm Farbtemperatur: 2000 K Lichtausbeute: 126,15 lm\/W Farbwiedergabeindex: [&hellip;]<\/p>\n","protected":false},"featured_media":8452,"comment_status":"open","ping_status":"closed","template":"","meta":{"_seopress_robots_primary_cat":"","_seopress_titles_title":"","_seopress_titles_desc":"","_seopress_robots_index":""},"product_brand":[],"product_cat":[562],"product_tag":[],"class_list":{"0":"post-19434","1":"product","2":"type-product","3":"status-publish","4":"has-post-thumbnail","6":"product_cat-natrium","9":"instock","10":"taxable","11":"shipping-taxable","12":"purchasable","13":"product-type-simple","14":"product-grid-view"},"_links":{"self":[{"href":"https:\/\/greenkingdom.ch\/de\/wp-json\/wp\/v2\/product\/19434","targetHints":{"allow":["GET"]}}],"collection":[{"href":"https:\/\/greenkingdom.ch\/de\/wp-json\/wp\/v2\/product"}],"about":[{"href":"https:\/\/greenkingdom.ch\/de\/wp-json\/wp\/v2\/types\/product"}],"replies":[{"embeddable":true,"href":"https:\/\/greenkingdom.ch\/de\/wp-json\/wp\/v2\/comments?post=19434"}],"version-history":[{"count":0,"href":"https:\/\/greenkingdom.ch\/de\/wp-json\/wp\/v2\/product\/19434\/revisions"}],"wp:featuredmedia":[{"embeddable":true,"href":"https:\/\/greenkingdom.ch\/de\/wp-json\/wp\/v2\/media\/8452"}],"wp:attachment":[{"href":"https:\/\/greenkingdom.ch\/de\/wp-json\/wp\/v2\/media?parent=19434"}],"wp:term":[{"taxonomy":"product_brand","embeddable":true,"href":"https:\/\/greenkingdom.ch\/de\/wp-json\/wp\/v2\/product_brand?post=19434"},{"taxonomy":"product_cat","embeddable":true,"href":"https:\/\/greenkingdom.ch\/de\/wp-json\/wp\/v2\/product_cat?post=19434"},{"taxonomy":"product_tag","embeddable":true,"href":"https:\/\/greenkingdom.ch\/de\/wp-json\/wp\/v2\/product_tag?post=19434"}],"curies":[{"name":"wp","href":"https:\/\/api.w.org\/{rel}","templated":true}]}}