{"id":19441,"date":"2024-10-11T16:37:04","date_gmt":"2024-10-11T14:37:04","guid":{"rendered":"https:\/\/greenkingdom.ch\/product\/spiegelreflektor\/"},"modified":"2024-10-11T16:37:04","modified_gmt":"2024-10-11T14:37:04","slug":"spiegelreflektor","status":"publish","type":"product","link":"https:\/\/greenkingdom.ch\/de\/produkt\/spiegelreflektor\/","title":{"rendered":"Spiegelreflektor"},"content":{"rendered":"<p>Der erschwingliche Reflektor eignet sich perfekt f\u00fcr Energiesparlampen, ESL-Lampen und Natriumdampflampen oder Halogen-Metalldampflampen. Dieser Reflektor, der mit Schutzfolie und Clip geliefert wird, ist ein unverzichtbares Zubeh\u00f6r. Seine gro\u00dfz\u00fcgigen Abmessungen machen ihn zu einer praktischen Wahl f\u00fcr Ihre Beleuchtung!<br \/>\nL\u00e4nge: 47cm<br \/>\nBreite: 38cm<br \/>\nH\u00f6he: 15cm EAN: 0702639866407  <\/p>\n","protected":false},"excerpt":{"rendered":"<p>Der erschwingliche Reflektor eignet sich perfekt f\u00fcr Energiesparlampen, ESL-Lampen und Natriumdampflampen oder Halogen-Metalldampflampen. Dieser Reflektor, der mit Schutzfolie und Clip geliefert wird, ist ein unverzichtbares Zubeh\u00f6r. Seine gro\u00dfz\u00fcgigen Abmessungen machen ihn zu einer praktischen Wahl f\u00fcr Ihre Beleuchtung! L\u00e4nge: 47cm Breite: 38cm H\u00f6he: 15cm EAN: 0702639866407<\/p>\n","protected":false},"featured_media":8446,"comment_status":"open","ping_status":"closed","template":"","meta":{"_seopress_robots_primary_cat":"","_seopress_titles_title":"","_seopress_titles_desc":"","_seopress_robots_index":""},"product_brand":[],"product_cat":[562],"product_tag":[],"class_list":{"0":"post-19441","1":"product","2":"type-product","3":"status-publish","4":"has-post-thumbnail","6":"product_cat-natrium","9":"instock","10":"taxable","11":"shipping-taxable","12":"purchasable","13":"product-type-simple","14":"product-grid-view"},"_links":{"self":[{"href":"https:\/\/greenkingdom.ch\/de\/wp-json\/wp\/v2\/product\/19441","targetHints":{"allow":["GET"]}}],"collection":[{"href":"https:\/\/greenkingdom.ch\/de\/wp-json\/wp\/v2\/product"}],"about":[{"href":"https:\/\/greenkingdom.ch\/de\/wp-json\/wp\/v2\/types\/product"}],"replies":[{"embeddable":true,"href":"https:\/\/greenkingdom.ch\/de\/wp-json\/wp\/v2\/comments?post=19441"}],"version-history":[{"count":0,"href":"https:\/\/greenkingdom.ch\/de\/wp-json\/wp\/v2\/product\/19441\/revisions"}],"wp:featuredmedia":[{"embeddable":true,"href":"https:\/\/greenkingdom.ch\/de\/wp-json\/wp\/v2\/media\/8446"}],"wp:attachment":[{"href":"https:\/\/greenkingdom.ch\/de\/wp-json\/wp\/v2\/media?parent=19441"}],"wp:term":[{"taxonomy":"product_brand","embeddable":true,"href":"https:\/\/greenkingdom.ch\/de\/wp-json\/wp\/v2\/product_brand?post=19441"},{"taxonomy":"product_cat","embeddable":true,"href":"https:\/\/greenkingdom.ch\/de\/wp-json\/wp\/v2\/product_cat?post=19441"},{"taxonomy":"product_tag","embeddable":true,"href":"https:\/\/greenkingdom.ch\/de\/wp-json\/wp\/v2\/product_tag?post=19441"}],"curies":[{"name":"wp","href":"https:\/\/api.w.org\/{rel}","templated":true}]}}