{"id":19455,"date":"2024-10-11T16:37:27","date_gmt":"2024-10-11T14:37:27","guid":{"rendered":"https:\/\/greenkingdom.ch\/product\/sanlight-evo-set-150\/"},"modified":"2024-10-11T16:37:27","modified_gmt":"2024-10-11T14:37:27","slug":"sanlight-evo-set-150","status":"publish","type":"product","link":"https:\/\/greenkingdom.ch\/de\/produkt\/sanlight-evo-set-150\/","title":{"rendered":"Sanlight EVO Set 150"},"content":{"rendered":"<h2>SANlight 150 Bundle<\/h2>\n<h3>Das SANlight 150 Set enth\u00e4lt alles, was Du f\u00fcr eine Anbaufl\u00e4che von 150 cm x 150 cm ben\u00f6tigst.<\/h3>\n<p>Dieses Set enth\u00e4lt:<\/p>\n<ul>\n<li>2x EVO 5-150<\/li>\n<li>1x Y-Stromkabel (Gesamtl\u00e4nge 3,30 m)<\/li>\n<li>2x SANlight Kleiderb\u00fcgel (Tragkraft je 34 kg)<\/li>\n<li>2x SANlight M-Dimmer<\/li>\n<\/ul>\n<p>Die EVO 5-150 Leuchten von Sanlight wurden speziell f\u00fcr Anbaufl\u00e4chen mit einer Tiefe von 150 cm entwickelt. Durch die Verwendung von zwei Leuchten erhalten Sie die maximale Lichtintensit\u00e4t in einem 1,5\u00d71,5 m gro\u00dfen Zelt. <\/p>\n<p>Diese Leuchten erzeugen 870 \u03bcmol\/s Licht bei einem Energieverbrauch von nur 320 W und sorgen f\u00fcr eine leistungsstarke und wirtschaftliche Beleuchtung. Mit ihrer Sekund\u00e4roptik und dem Einstellwinkel sorgen diese Leuchten f\u00fcr eine gleichm\u00e4\u00dfige, hochwertige Ausleuchtung Deines Growrooms. <\/p>\n<ul>\n<li>Konzipiert und optimiert f\u00fcr eine Tiefe von 150 cm<\/li>\n<li>Empfohlen f\u00fcr 1,5&#215;1,5m Zelte<\/li>\n<li>320 W und 870 \u03bcmol\/s Verbrauch f\u00fcr \u00fcppiges Wachstum und Bl\u00fcte<\/li>\n<li>Kein CO\u2082 zugesetzt<\/li>\n<li>Schwenkbare Sekund\u00e4roptik f\u00fcr optimale Ausleuchtung<\/li>\n<li>Dimmen, um Energie zu sparen und sich an unterschiedliche Anbaubedingungen anzupassen<\/li>\n<\/ul>\n<p><strong>Technische Daten:<\/strong><\/p>\n<ul>\n<li>EVO 5-150<\/li>\n<li>Leistungsaufnahme: 320W<\/li>\n<li>PPF*: 870<\/li>\n<li>Gewicht: 6,4 kg<\/li>\n<li>Abmessungen: 1318 mm x 291 mm x 116 mm<\/li>\n<li>Schutzart IP65<\/li>\n<li>*im Emissionswellenl\u00e4ngenbereich 400 &#8211; 780 nm<\/li>\n<\/ul>\n<p><strong>EAN: 9120069231328<\/strong><\/p>\n","protected":false},"excerpt":{"rendered":"<p>SANlight 150 Bundle Das SANlight 150 Set enth\u00e4lt alles, was Du f\u00fcr eine Anbaufl\u00e4che von 150 cm x 150 cm ben\u00f6tigst. Dieses Set enth\u00e4lt: 2x EVO 5-150 1x Y-Stromkabel (Gesamtl\u00e4nge 3,30 m) 2x SANlight Kleiderb\u00fcgel (Tragkraft je 34 kg) 2x SANlight M-Dimmer Die EVO 5-150 Leuchten von Sanlight wurden speziell f\u00fcr Anbaufl\u00e4chen mit einer Tiefe [&hellip;]<\/p>\n","protected":false},"featured_media":8494,"comment_status":"open","ping_status":"closed","template":"","meta":{"_seopress_robots_primary_cat":"","_seopress_titles_title":"","_seopress_titles_desc":"","_seopress_robots_index":""},"product_brand":[],"product_cat":[559],"product_tag":[],"class_list":{"0":"post-19455","1":"product","2":"type-product","3":"status-publish","4":"has-post-thumbnail","6":"product_cat-led-de","9":"instock","10":"taxable","11":"shipping-taxable","12":"purchasable","13":"product-type-simple","14":"product-grid-view"},"_links":{"self":[{"href":"https:\/\/greenkingdom.ch\/de\/wp-json\/wp\/v2\/product\/19455","targetHints":{"allow":["GET"]}}],"collection":[{"href":"https:\/\/greenkingdom.ch\/de\/wp-json\/wp\/v2\/product"}],"about":[{"href":"https:\/\/greenkingdom.ch\/de\/wp-json\/wp\/v2\/types\/product"}],"replies":[{"embeddable":true,"href":"https:\/\/greenkingdom.ch\/de\/wp-json\/wp\/v2\/comments?post=19455"}],"version-history":[{"count":0,"href":"https:\/\/greenkingdom.ch\/de\/wp-json\/wp\/v2\/product\/19455\/revisions"}],"wp:featuredmedia":[{"embeddable":true,"href":"https:\/\/greenkingdom.ch\/de\/wp-json\/wp\/v2\/media\/8494"}],"wp:attachment":[{"href":"https:\/\/greenkingdom.ch\/de\/wp-json\/wp\/v2\/media?parent=19455"}],"wp:term":[{"taxonomy":"product_brand","embeddable":true,"href":"https:\/\/greenkingdom.ch\/de\/wp-json\/wp\/v2\/product_brand?post=19455"},{"taxonomy":"product_cat","embeddable":true,"href":"https:\/\/greenkingdom.ch\/de\/wp-json\/wp\/v2\/product_cat?post=19455"},{"taxonomy":"product_tag","embeddable":true,"href":"https:\/\/greenkingdom.ch\/de\/wp-json\/wp\/v2\/product_tag?post=19455"}],"curies":[{"name":"wp","href":"https:\/\/api.w.org\/{rel}","templated":true}]}}