{"id":19462,"date":"2024-10-11T16:34:46","date_gmt":"2024-10-11T14:34:46","guid":{"rendered":"https:\/\/greenkingdom.ch\/product\/storz-und-bickel-venty-vaporizer\/"},"modified":"2024-10-11T16:34:46","modified_gmt":"2024-10-11T14:34:46","slug":"storz-und-bickel-venty-vaporizer","status":"publish","type":"product","link":"https:\/\/greenkingdom.ch\/de\/produkt\/storz-und-bickel-venty-vaporizer\/","title":{"rendered":"Storz und Bickel Venty Vaporizer"},"content":{"rendered":"<p>Tauchen Sie ein in die Zukunft des Dampfens mit dem VENTY Vaporizer! Der VENTY Vaporizer verk\u00f6rpert Innovation und Geschwindigkeit in der Welt des Dampfens. Dieses Ger\u00e4t ist ein wahres Schmuckst\u00fcck, das speziell f\u00fcr Dampfliebhaber entwickelt wurde, die Qualit\u00e4t und Geschwindigkeit verlangen. Mit seinem einstellbaren Luftstrom ist der VENTY der Zeit voraus, indem er bis zu 20 Liter pro Minute bietet und so ein einzigartiges Dampferlebnis bietet. Verabschieden Sie sich vom endlosen Warten mit dem ultraschnellen Aufheizen in nur 20 Sekunden, damit Sie Ihre kostbaren Sitzungen ohne Wartezeit genie\u00dfen k\u00f6nnen. Dank des Heizsystems, das Konvektion und Konduktion kombiniert, k\u00f6nnen Sie geschmacksintensive Dampfwolken genie\u00dfen, ohne dass es zu einem brennenden Gef\u00fchl kommt. Stellen Sie Ihre bevorzugte Temperatur in einem weiten Bereich von 40 \u00b0C bis 210 \u00b0C direkt am Ger\u00e4t genau ein, um ein ma\u00dfgeschneidertes Erlebnis zu erzielen. Mit USB-C-Schnellladung und Supercharge-Technologie ist Ihr VENTY in nur 40 Minuten auf 80 % aufgeladen*. Verbinden Sie Ihren VENTY \u00fcber Bluetooth und steuern Sie ihn einfach mit der speziellen App f\u00fcr ein personalisiertes Erlebnis. Ausgestattet mit zwei leistungsstarken Lithium-Ionen-Akkus ist der VENTY immer mit dabei. Der VENTY ist f\u00fcr Ihre Sicherheit UL-zertifiziert und mit einer 2-Jahres-Garantie (+1 Jahr, falls registriert) ausgestattet. Verpassen Sie nicht die Gelegenheit, die Zukunft des Dampfens mit dem VENTY Vaporizer zu erleben &#8211; Geschwindigkeit, Pr\u00e4zision und pures Vergn\u00fcgen in einem Ger\u00e4t! *Wichtig: Laden Sie sich vor der Nutzung die neue Venty-Firmware f\u00fcr einen optimalen Betrieb herunter und registrieren Sie sich bei Storz &amp; Bickel, um von Ihrer Garantie zu profitieren! EAN: 4260248821072<\/p>\n","protected":false},"excerpt":{"rendered":"<p>Tauchen Sie ein in die Zukunft des Dampfens mit dem VENTY Vaporizer! Der VENTY Vaporizer verk\u00f6rpert Innovation und Geschwindigkeit in der Welt des Dampfens. Dieses Ger\u00e4t ist ein wahres Schmuckst\u00fcck, das speziell f\u00fcr Dampfliebhaber entwickelt wurde, die Qualit\u00e4t und Geschwindigkeit verlangen. Mit seinem einstellbaren Luftstrom ist der VENTY der Zeit voraus, indem er bis zu [&hellip;]<\/p>\n","protected":false},"featured_media":7348,"comment_status":"open","ping_status":"closed","template":"","meta":{"_seopress_robots_primary_cat":"","_seopress_titles_title":"","_seopress_titles_desc":"","_seopress_robots_index":""},"product_brand":[],"product_cat":[673],"product_tag":[],"class_list":{"0":"post-19462","1":"product","2":"type-product","3":"status-publish","4":"has-post-thumbnail","6":"product_cat-geraete","9":"instock","10":"taxable","11":"shipping-taxable","12":"purchasable","13":"product-type-simple","14":"product-grid-view"},"_links":{"self":[{"href":"https:\/\/greenkingdom.ch\/de\/wp-json\/wp\/v2\/product\/19462","targetHints":{"allow":["GET"]}}],"collection":[{"href":"https:\/\/greenkingdom.ch\/de\/wp-json\/wp\/v2\/product"}],"about":[{"href":"https:\/\/greenkingdom.ch\/de\/wp-json\/wp\/v2\/types\/product"}],"replies":[{"embeddable":true,"href":"https:\/\/greenkingdom.ch\/de\/wp-json\/wp\/v2\/comments?post=19462"}],"version-history":[{"count":0,"href":"https:\/\/greenkingdom.ch\/de\/wp-json\/wp\/v2\/product\/19462\/revisions"}],"wp:featuredmedia":[{"embeddable":true,"href":"https:\/\/greenkingdom.ch\/de\/wp-json\/wp\/v2\/media\/7348"}],"wp:attachment":[{"href":"https:\/\/greenkingdom.ch\/de\/wp-json\/wp\/v2\/media?parent=19462"}],"wp:term":[{"taxonomy":"product_brand","embeddable":true,"href":"https:\/\/greenkingdom.ch\/de\/wp-json\/wp\/v2\/product_brand?post=19462"},{"taxonomy":"product_cat","embeddable":true,"href":"https:\/\/greenkingdom.ch\/de\/wp-json\/wp\/v2\/product_cat?post=19462"},{"taxonomy":"product_tag","embeddable":true,"href":"https:\/\/greenkingdom.ch\/de\/wp-json\/wp\/v2\/product_tag?post=19462"}],"curies":[{"name":"wp","href":"https:\/\/api.w.org\/{rel}","templated":true}]}}