{"id":19465,"date":"2024-10-11T16:34:47","date_gmt":"2024-10-11T14:34:47","guid":{"rendered":"https:\/\/greenkingdom.ch\/product\/storz-und-bickel-volcano-hybrid\/"},"modified":"2024-10-11T16:34:47","modified_gmt":"2024-10-11T14:34:47","slug":"storz-und-bickel-volcano-hybrid","status":"publish","type":"product","link":"https:\/\/greenkingdom.ch\/de\/produkt\/storz-und-bickel-volcano-hybrid\/","title":{"rendered":"Storz und Bickel Volcano Hybrid"},"content":{"rendered":"<p>Lernen Sie den Volcano Hybrid kennen &#8211; eine neu interpretierte Ikone Der Volcano Hybrid verschiebt die Grenzen, die bereits vom Volcano Classic gesetzt wurden. Hier ist, was diesen Vaporizer so faszinierend macht: &#8211; Wahlweise Inhalation mit Rohr- oder Ventilballon.<br \/>\n&#8211; F\u00fcllkammer mit Keramikbeschichtung.<br \/>\n&#8211; Ultraschnelles Aufheizen in 1-2 min.<br \/>\n&#8211; Steuerung \u00fcber Touch-Bedienfelder, die in einen gro\u00dfen Bildschirm integriert sind.<br \/>\n&#8211; Fernbedienung \u00fcber die Storz and Bickel App, verf\u00fcgbar f\u00fcr Android.<br \/>\n&#8211; Hochwertige Materialien und feine Verarbeitung von Storz und Bickel. Erg\u00e4nzen Sie Ihren Alltag mit dem Volcano Hybrid, um die brillante Evolution eines Klassikers selbst zu erleben! Lieferumfang:<br \/>\n&#8211; 1 Volcano Hybrid<br \/>\n&#8211; 1 Stromkabel<br \/>\n&#8211; 3 Easy Valve Ballons mit Mundst\u00fcck<br \/>\n&#8211; 1 Easy Valve Ballon mit Adapter<br \/>\n&#8211; 1 Schlauch-Set<br \/>\n&#8211; 1 F\u00fcllkammer (inkl. 1 Kappenring, 1 Satz Normalsieb (\u00f8 ca. 30mm), 1 Reinigungsb\u00fcrste)<br \/>\n&#8211; 1 Luftfilter-Set<br \/>\n&#8211; 1 Kr\u00e4uterm\u00fchle (\u00f8 ca. 55mm)<br \/>\n&#8211; 1 Gebrauchsanweisung Tipp: Wenn Sie ein Problem oder eine Beschwerde haben, wenden Sie sich direkt an Storz und Bickel auf www.storz-bickel.com und befolgen Sie deren Anweisungen. Die Storz und Bickel App ist noch nicht im Apple App Store verf\u00fcgbar, aber du kannst die Einstellungen \u00fcber die Storz und Bickel Web-App jederzeit anpassen.<\/p>\n","protected":false},"excerpt":{"rendered":"<p>Lernen Sie den Volcano Hybrid kennen &#8211; eine neu interpretierte Ikone Der Volcano Hybrid verschiebt die Grenzen, die bereits vom Volcano Classic gesetzt wurden. Hier ist, was diesen Vaporizer so faszinierend macht: &#8211; Wahlweise Inhalation mit Rohr- oder Ventilballon. &#8211; F\u00fcllkammer mit Keramikbeschichtung. &#8211; Ultraschnelles Aufheizen in 1-2 min. &#8211; Steuerung \u00fcber Touch-Bedienfelder, die in [&hellip;]<\/p>\n","protected":false},"featured_media":7393,"comment_status":"open","ping_status":"closed","template":"","meta":{"_seopress_robots_primary_cat":"","_seopress_titles_title":"","_seopress_titles_desc":"","_seopress_robots_index":""},"product_brand":[],"product_cat":[673],"product_tag":[],"class_list":{"0":"post-19465","1":"product","2":"type-product","3":"status-publish","4":"has-post-thumbnail","6":"product_cat-geraete","9":"instock","10":"taxable","11":"shipping-taxable","12":"purchasable","13":"product-type-simple","14":"product-grid-view"},"_links":{"self":[{"href":"https:\/\/greenkingdom.ch\/de\/wp-json\/wp\/v2\/product\/19465","targetHints":{"allow":["GET"]}}],"collection":[{"href":"https:\/\/greenkingdom.ch\/de\/wp-json\/wp\/v2\/product"}],"about":[{"href":"https:\/\/greenkingdom.ch\/de\/wp-json\/wp\/v2\/types\/product"}],"replies":[{"embeddable":true,"href":"https:\/\/greenkingdom.ch\/de\/wp-json\/wp\/v2\/comments?post=19465"}],"version-history":[{"count":0,"href":"https:\/\/greenkingdom.ch\/de\/wp-json\/wp\/v2\/product\/19465\/revisions"}],"wp:featuredmedia":[{"embeddable":true,"href":"https:\/\/greenkingdom.ch\/de\/wp-json\/wp\/v2\/media\/7393"}],"wp:attachment":[{"href":"https:\/\/greenkingdom.ch\/de\/wp-json\/wp\/v2\/media?parent=19465"}],"wp:term":[{"taxonomy":"product_brand","embeddable":true,"href":"https:\/\/greenkingdom.ch\/de\/wp-json\/wp\/v2\/product_brand?post=19465"},{"taxonomy":"product_cat","embeddable":true,"href":"https:\/\/greenkingdom.ch\/de\/wp-json\/wp\/v2\/product_cat?post=19465"},{"taxonomy":"product_tag","embeddable":true,"href":"https:\/\/greenkingdom.ch\/de\/wp-json\/wp\/v2\/product_tag?post=19465"}],"curies":[{"name":"wp","href":"https:\/\/api.w.org\/{rel}","templated":true}]}}