{"id":19472,"date":"2024-10-11T16:37:27","date_gmt":"2024-10-11T14:37:27","guid":{"rendered":"https:\/\/greenkingdom.ch\/product\/sanlight-evo-set-80\/"},"modified":"2024-10-11T16:37:27","modified_gmt":"2024-10-11T14:37:27","slug":"sanlight-evo-set-80","status":"publish","type":"product","link":"https:\/\/greenkingdom.ch\/de\/produkt\/sanlight-evo-set-80\/","title":{"rendered":"Sanlight EVO Set 80"},"content":{"rendered":"<p>Hier ist eine verbesserte Version der Produktbeschreibung auf Franz\u00f6sisch:  <\/p>\n<div class=\"value\">\n<h2>SANlight 80 Bundle<\/h2>\n<p><\/p>\n<h3>Das SANlight 80 Kit ist der perfekte Verb\u00fcndete f\u00fcr eine Anbaufl\u00e4che von 80 cm x 80 cm.<\/h3>\n<p><\/p>\n<h3>Inhalt:<\/h3>\n<ul>\n<li>  1x EVO 4-80<\/li>\n<li>  1x Stromkabel<\/li>\n<li>  1x SANlight Kleiderb\u00fcgel (2 Stk.) Tragkraft je 34 kg<\/li>\n<li>  1x SANlight M-Dimmer<\/li>\n<\/ul>\n<p><\/p>\n<p>Die EVO 4-80 ist speziell f\u00fcr den Anbau von Fl\u00e4chen bis zu 80 cm Tiefe konzipiert und bietet au\u00dfergew\u00f6hnliche Lichtintensit\u00e4ten auf Fl\u00e4chen von mindestens 80&#215;80 cm.<\/p>\n<ul>\n<li>Hochintensive L\u00f6sung f\u00fcr 80 cm Zelte<\/li>\n<li>Ausgelegt f\u00fcr 80x80cm und maximale Leistung bei Lichtintensit\u00e4t.<\/li>\n<li>Eine CO\u2082-Supplementierung oder die Verwendung eines optionalen Dimmschalters wird dringend empfohlen, um eine Belastung der Jungpflanzen mit einer Leistung von 250 W und 696 \u03bcmol\/s zu vermeiden.<\/li>\n<\/ul>\n<p><\/p>\n<p><strong>Technischer \u00dcberblick<\/strong><\/p>\n<ul>\n<li>Leistungsaufnahme: 250W<\/li>\n<li>PPF*: 654<\/li>\n<li>Gewicht: 4,5 kg<\/li>\n<li>L\u00e4nge: 643 mm<\/li>\n<li>Breite: 291 mm<\/li>\n<li>H\u00f6he: 116 mm<\/li>\n<li>Schutzklasse: IP65<\/li>\n<\/ul>\n<p>*Im Emissionswellenl\u00e4ngenbereich von 400 bis 780 nm.<\/p>\n<\/div>\n<div class=\"product attribute ean\"><strong class=\"type\"> <span class=\"value ean\">EAN-9120069231298<\/span><\/strong><\/div>\n","protected":false},"excerpt":{"rendered":"<p>Hier ist eine verbesserte Version der Produktbeschreibung auf Franz\u00f6sisch: SANlight 80 Bundle Das SANlight 80 Kit ist der perfekte Verb\u00fcndete f\u00fcr eine Anbaufl\u00e4che von 80 cm x 80 cm. Inhalt: 1x EVO 4-80 1x Stromkabel 1x SANlight Kleiderb\u00fcgel (2 Stk.) Tragkraft je 34 kg 1x SANlight M-Dimmer Die EVO 4-80 ist speziell f\u00fcr den Anbau [&hellip;]<\/p>\n","protected":false},"featured_media":8473,"comment_status":"open","ping_status":"closed","template":"","meta":{"_seopress_robots_primary_cat":"","_seopress_titles_title":"","_seopress_titles_desc":"","_seopress_robots_index":""},"product_brand":[],"product_cat":[559],"product_tag":[],"class_list":{"0":"post-19472","1":"product","2":"type-product","3":"status-publish","4":"has-post-thumbnail","6":"product_cat-led-de","9":"instock","10":"taxable","11":"shipping-taxable","12":"purchasable","13":"product-type-simple","14":"product-grid-view"},"_links":{"self":[{"href":"https:\/\/greenkingdom.ch\/de\/wp-json\/wp\/v2\/product\/19472","targetHints":{"allow":["GET"]}}],"collection":[{"href":"https:\/\/greenkingdom.ch\/de\/wp-json\/wp\/v2\/product"}],"about":[{"href":"https:\/\/greenkingdom.ch\/de\/wp-json\/wp\/v2\/types\/product"}],"replies":[{"embeddable":true,"href":"https:\/\/greenkingdom.ch\/de\/wp-json\/wp\/v2\/comments?post=19472"}],"version-history":[{"count":0,"href":"https:\/\/greenkingdom.ch\/de\/wp-json\/wp\/v2\/product\/19472\/revisions"}],"wp:featuredmedia":[{"embeddable":true,"href":"https:\/\/greenkingdom.ch\/de\/wp-json\/wp\/v2\/media\/8473"}],"wp:attachment":[{"href":"https:\/\/greenkingdom.ch\/de\/wp-json\/wp\/v2\/media?parent=19472"}],"wp:term":[{"taxonomy":"product_brand","embeddable":true,"href":"https:\/\/greenkingdom.ch\/de\/wp-json\/wp\/v2\/product_brand?post=19472"},{"taxonomy":"product_cat","embeddable":true,"href":"https:\/\/greenkingdom.ch\/de\/wp-json\/wp\/v2\/product_cat?post=19472"},{"taxonomy":"product_tag","embeddable":true,"href":"https:\/\/greenkingdom.ch\/de\/wp-json\/wp\/v2\/product_tag?post=19472"}],"curies":[{"name":"wp","href":"https:\/\/api.w.org\/{rel}","templated":true}]}}