{"id":19478,"date":"2024-10-11T16:37:27","date_gmt":"2024-10-11T14:37:27","guid":{"rendered":"https:\/\/greenkingdom.ch\/product\/sanlight-evo-set-60\/"},"modified":"2024-10-11T16:37:27","modified_gmt":"2024-10-11T14:37:27","slug":"sanlight-evo-set-60","status":"publish","type":"product","link":"https:\/\/greenkingdom.ch\/de\/produkt\/sanlight-evo-set-60\/","title":{"rendered":"Sanlight EVO Set 60"},"content":{"rendered":"<h2>Entdecken Sie das SANlight 60 Kit<\/h2>\n<p><\/p>\n<h3>Das SANlight 60 Kit ist Ihr idealer Verb\u00fcndeter f\u00fcr den Anbau auf einer Fl\u00e4che von 60 cm x 60 cm.<\/h3>\n<p><\/p>\n<h3>Inhalt des Kits:<\/h3>\n<ul>\n<li>1x EVO 3-60<\/li>\n<li>1x Stromkabel<\/li>\n<li>1x SANlight Kleiderb\u00fcgel (2er-Set) &#8211; Tragkraft je 34 kg<\/li>\n<li>1x SANlight M-Dimmer<\/li>\n<\/ul>\n<p><\/p>\n<p>Die kleinste Leuchte der Sanlight EVO-Serie bietet eine au\u00dfergew\u00f6hnliche Lichtst\u00e4rke von 520\u03bcmol\/s \u00fcber 60x60cm bei einem Verbrauch von nur 190W.<\/p>\n<ul>\n<li>Der kleinste der EVO-Serie<\/li>\n<li>Hohe Lichtintensit\u00e4t von 520\u03bcmol\/s bis 190W<\/li>\n<li>Perfekt f\u00fcr eine Fl\u00e4che von 60x60cm<\/li>\n<\/ul>\n<p><\/p>\n<h3><strong>Technische Eigenschaften:<\/strong><\/h3>\n<ul>\n<li>Leistungsaufnahme: 190W<\/li>\n<li>PPF*: 520<\/li>\n<li>Gewicht: 3,5 kg<\/li>\n<li>Abmessungen (mm): 468 x 291 x 116<\/li>\n<li>Schutzklasse: IP65<\/li>\n<li>*im Wellenl\u00e4ngenbereich von 400 bis 780 nm<\/li>\n<\/ul>\n<p>\n<strong>EAN:<\/strong> 9120069231281<\/p>\n","protected":false},"excerpt":{"rendered":"<p>Entdecken Sie das SANlight 60 Kit Das SANlight 60 Kit ist Ihr idealer Verb\u00fcndeter f\u00fcr den Anbau auf einer Fl\u00e4che von 60 cm x 60 cm. Inhalt des Kits: 1x EVO 3-60 1x Stromkabel 1x SANlight Kleiderb\u00fcgel (2er-Set) &#8211; Tragkraft je 34 kg 1x SANlight M-Dimmer Die kleinste Leuchte der Sanlight EVO-Serie bietet eine au\u00dfergew\u00f6hnliche [&hellip;]<\/p>\n","protected":false},"featured_media":8467,"comment_status":"open","ping_status":"closed","template":"","meta":{"_seopress_robots_primary_cat":"","_seopress_titles_title":"","_seopress_titles_desc":"","_seopress_robots_index":""},"product_brand":[],"product_cat":[559],"product_tag":[],"class_list":{"0":"post-19478","1":"product","2":"type-product","3":"status-publish","4":"has-post-thumbnail","6":"product_cat-led-de","9":"instock","10":"taxable","11":"shipping-taxable","12":"purchasable","13":"product-type-simple","14":"product-grid-view"},"_links":{"self":[{"href":"https:\/\/greenkingdom.ch\/de\/wp-json\/wp\/v2\/product\/19478","targetHints":{"allow":["GET"]}}],"collection":[{"href":"https:\/\/greenkingdom.ch\/de\/wp-json\/wp\/v2\/product"}],"about":[{"href":"https:\/\/greenkingdom.ch\/de\/wp-json\/wp\/v2\/types\/product"}],"replies":[{"embeddable":true,"href":"https:\/\/greenkingdom.ch\/de\/wp-json\/wp\/v2\/comments?post=19478"}],"version-history":[{"count":0,"href":"https:\/\/greenkingdom.ch\/de\/wp-json\/wp\/v2\/product\/19478\/revisions"}],"wp:featuredmedia":[{"embeddable":true,"href":"https:\/\/greenkingdom.ch\/de\/wp-json\/wp\/v2\/media\/8467"}],"wp:attachment":[{"href":"https:\/\/greenkingdom.ch\/de\/wp-json\/wp\/v2\/media?parent=19478"}],"wp:term":[{"taxonomy":"product_brand","embeddable":true,"href":"https:\/\/greenkingdom.ch\/de\/wp-json\/wp\/v2\/product_brand?post=19478"},{"taxonomy":"product_cat","embeddable":true,"href":"https:\/\/greenkingdom.ch\/de\/wp-json\/wp\/v2\/product_cat?post=19478"},{"taxonomy":"product_tag","embeddable":true,"href":"https:\/\/greenkingdom.ch\/de\/wp-json\/wp\/v2\/product_tag?post=19478"}],"curies":[{"name":"wp","href":"https:\/\/api.w.org\/{rel}","templated":true}]}}