{"id":19480,"date":"2024-10-11T16:37:28","date_gmt":"2024-10-11T14:37:28","guid":{"rendered":"https:\/\/greenkingdom.ch\/product\/prima-klima-pk125-fluebblaeser-360m3-h-460m3-h\/"},"modified":"2024-10-11T16:37:28","modified_gmt":"2024-10-11T14:37:28","slug":"prima-klima-pk125-fluebblaeser-360m3-h-460m3-h","status":"publish","type":"product","link":"https:\/\/greenkingdom.ch\/de\/produkt\/prima-klima-pk125-fluebblaeser-360m3-h-460m3-h\/","title":{"rendered":"Prima Klima PK125 Fl\u00fcbbl\u00e4ser 360m3\/h &#8211; 460m3\/h"},"content":{"rendered":"<p>Lernen Sie den WhisperBlower von Primaklima kennen, eine revolution\u00e4re Innovation f\u00fcr professionelle Ventilatoren. Dank seines einzigartigen Designs, das in Zusammenarbeit mit EBM-PAPST Motoren entwickelt wurde, bietet dieser Ventilator einen un\u00fcbertroffenen Wirkungsgrad. Sein optimierter Luftstrom erzeugt mehr Druck und bleibt dabei leise und energieeffizient, vergleichbar mit einer Achterbahnfahrt. Zu den Merkmalen dieses L\u00fcfters geh\u00f6ren schlagfeste Nylongeh\u00e4use, integrierte fortschrittliche Technologie und der ebm-papst EC-Motor f\u00fcr optimale Leistung. Mit einem 125-mm-Flansch, einer Leistung von 63 W und einem maximalen Luftstrom von 460 m\u00b3\/h ist der WhisperBlower eine hochwertige Wahl f\u00fcr Ihre L\u00fcftungsanforderungen. Verpassen Sie nicht die Gelegenheit, diesen au\u00dfergew\u00f6hnlichen und leisen Ventilator zu erwerben, der nach den bew\u00e4hrten Qualit\u00e4tsstandards von Primaklima entwickelt wurde. Genie\u00dfen Sie seine zuverl\u00e4ssige Leistung und Langlebigkeit f\u00fcr eine effiziente Bel\u00fcftung.  <\/p>\n","protected":false},"excerpt":{"rendered":"<p>Lernen Sie den WhisperBlower von Primaklima kennen, eine revolution\u00e4re Innovation f\u00fcr professionelle Ventilatoren. Dank seines einzigartigen Designs, das in Zusammenarbeit mit EBM-PAPST Motoren entwickelt wurde, bietet dieser Ventilator einen un\u00fcbertroffenen Wirkungsgrad. Sein optimierter Luftstrom erzeugt mehr Druck und bleibt dabei leise und energieeffizient, vergleichbar mit einer Achterbahnfahrt. Zu den Merkmalen dieses L\u00fcfters geh\u00f6ren schlagfeste Nylongeh\u00e4use, [&hellip;]<\/p>\n","protected":false},"featured_media":8614,"comment_status":"open","ping_status":"closed","template":"","meta":{"_seopress_robots_primary_cat":"","_seopress_titles_title":"","_seopress_titles_desc":"","_seopress_robots_index":""},"product_brand":[],"product_cat":[634],"product_tag":[],"class_list":{"0":"post-19480","1":"product","2":"type-product","3":"status-publish","4":"has-post-thumbnail","6":"product_cat-luftabzuege","9":"instock","10":"taxable","11":"shipping-taxable","12":"purchasable","13":"product-type-simple","14":"product-grid-view"},"_links":{"self":[{"href":"https:\/\/greenkingdom.ch\/de\/wp-json\/wp\/v2\/product\/19480","targetHints":{"allow":["GET"]}}],"collection":[{"href":"https:\/\/greenkingdom.ch\/de\/wp-json\/wp\/v2\/product"}],"about":[{"href":"https:\/\/greenkingdom.ch\/de\/wp-json\/wp\/v2\/types\/product"}],"replies":[{"embeddable":true,"href":"https:\/\/greenkingdom.ch\/de\/wp-json\/wp\/v2\/comments?post=19480"}],"version-history":[{"count":0,"href":"https:\/\/greenkingdom.ch\/de\/wp-json\/wp\/v2\/product\/19480\/revisions"}],"wp:featuredmedia":[{"embeddable":true,"href":"https:\/\/greenkingdom.ch\/de\/wp-json\/wp\/v2\/media\/8614"}],"wp:attachment":[{"href":"https:\/\/greenkingdom.ch\/de\/wp-json\/wp\/v2\/media?parent=19480"}],"wp:term":[{"taxonomy":"product_brand","embeddable":true,"href":"https:\/\/greenkingdom.ch\/de\/wp-json\/wp\/v2\/product_brand?post=19480"},{"taxonomy":"product_cat","embeddable":true,"href":"https:\/\/greenkingdom.ch\/de\/wp-json\/wp\/v2\/product_cat?post=19480"},{"taxonomy":"product_tag","embeddable":true,"href":"https:\/\/greenkingdom.ch\/de\/wp-json\/wp\/v2\/product_tag?post=19480"}],"curies":[{"name":"wp","href":"https:\/\/api.w.org\/{rel}","templated":true}]}}