{"id":19486,"date":"2024-10-11T16:37:28","date_gmt":"2024-10-11T14:37:28","guid":{"rendered":"https:\/\/greenkingdom.ch\/product\/prima-klima-pk100-tc-temperierung-100mm-280m3-h\/"},"modified":"2024-10-11T16:37:28","modified_gmt":"2024-10-11T14:37:28","slug":"prima-klima-pk100-tc-temperierung-100mm-280m3-h","status":"publish","type":"product","link":"https:\/\/greenkingdom.ch\/de\/produkt\/prima-klima-pk100-tc-temperierung-100mm-280m3-h\/","title":{"rendered":"Prima Klima PK100-TC Temperierung 100mm 280m3\/h"},"content":{"rendered":"<div class=\"value\">\n<h3>Prima Klima PK 100-TC Temperaturregelung<\/h3>\n<p>Lernen Sie den Prima Klima PK 100-TC Rohrventilator kennen, der unglaublich effizient ist und eine optimierte aerodynamische Form bietet.<\/p>\n<p>Hergestellt aus schlagfestem und nicht brennbarem Polyamid (Nylon), bietet dieser L\u00fcfter eine au\u00dfergew\u00f6hnliche Haltbarkeit. Die Anschluss- und Steuerungssysteme sind ausgekl\u00fcgelt in das Geh\u00e4use integriert. <\/p>\n<p>Der PK 100-TC ist mit einem ebm-Pabst AC-Motor mit einem Rad mit nach hinten gebogenen Schaufeln ausgestattet, das perfekt auf das Geh\u00e4use abgestimmt ist, um eine optimale Leistung zu erzielen. Seine wartungsfreien Kugellager sorgen f\u00fcr einen reibungslosen und langlebigen Betrieb. <\/p>\n<p><\/p>\n<p><strong>Charaktereigenschaften<\/strong><\/p>\n<ul>\n<li>Max. Luftgeschwindigkeit Luftdurchsatz: 280m\u00b3\/h <\/li>\n<li>Durchmesser: 100mm<\/li>\n<li>Leistung: 40W<\/li>\n<li>Eingang: 230V, 50\/60Hz, 0,18A<\/li>\n<li>Max. Temperatur: 50\u00b0C <\/li>\n<li>Abmessungen: 244 x 241mm<\/li>\n<li>Gewicht: 2,3kg<\/li>\n<\/ul>\n<div><\/div>\n<p><!--EndFragment--><\/div>\n<div class=\"product attribute ean\"><strong class=\"type\"> <span class=\"value ean\">EAN-8594171432002<\/span><\/strong><\/div>\n","protected":false},"excerpt":{"rendered":"<p>Prima Klima PK 100-TC Temperaturregelung Lernen Sie den Prima Klima PK 100-TC Rohrventilator kennen, der unglaublich effizient ist und eine optimierte aerodynamische Form bietet. Hergestellt aus schlagfestem und nicht brennbarem Polyamid (Nylon), bietet dieser L\u00fcfter eine au\u00dfergew\u00f6hnliche Haltbarkeit. Die Anschluss- und Steuerungssysteme sind ausgekl\u00fcgelt in das Geh\u00e4use integriert. Der PK 100-TC ist mit einem ebm-Pabst [&hellip;]<\/p>\n","protected":false},"featured_media":8608,"comment_status":"open","ping_status":"closed","template":"","meta":{"_seopress_robots_primary_cat":"","_seopress_titles_title":"","_seopress_titles_desc":"","_seopress_robots_index":""},"product_brand":[],"product_cat":[634],"product_tag":[],"class_list":{"0":"post-19486","1":"product","2":"type-product","3":"status-publish","4":"has-post-thumbnail","6":"product_cat-luftabzuege","9":"instock","10":"taxable","11":"shipping-taxable","12":"purchasable","13":"product-type-simple","14":"product-grid-view"},"_links":{"self":[{"href":"https:\/\/greenkingdom.ch\/de\/wp-json\/wp\/v2\/product\/19486","targetHints":{"allow":["GET"]}}],"collection":[{"href":"https:\/\/greenkingdom.ch\/de\/wp-json\/wp\/v2\/product"}],"about":[{"href":"https:\/\/greenkingdom.ch\/de\/wp-json\/wp\/v2\/types\/product"}],"replies":[{"embeddable":true,"href":"https:\/\/greenkingdom.ch\/de\/wp-json\/wp\/v2\/comments?post=19486"}],"version-history":[{"count":0,"href":"https:\/\/greenkingdom.ch\/de\/wp-json\/wp\/v2\/product\/19486\/revisions"}],"wp:featuredmedia":[{"embeddable":true,"href":"https:\/\/greenkingdom.ch\/de\/wp-json\/wp\/v2\/media\/8608"}],"wp:attachment":[{"href":"https:\/\/greenkingdom.ch\/de\/wp-json\/wp\/v2\/media?parent=19486"}],"wp:term":[{"taxonomy":"product_brand","embeddable":true,"href":"https:\/\/greenkingdom.ch\/de\/wp-json\/wp\/v2\/product_brand?post=19486"},{"taxonomy":"product_cat","embeddable":true,"href":"https:\/\/greenkingdom.ch\/de\/wp-json\/wp\/v2\/product_cat?post=19486"},{"taxonomy":"product_tag","embeddable":true,"href":"https:\/\/greenkingdom.ch\/de\/wp-json\/wp\/v2\/product_tag?post=19486"}],"curies":[{"name":"wp","href":"https:\/\/api.w.org\/{rel}","templated":true}]}}