{"id":19490,"date":"2024-10-11T16:37:28","date_gmt":"2024-10-11T14:37:28","guid":{"rendered":"https:\/\/greenkingdom.ch\/product\/lumatek-zeus-465w-pro-29-%ce%bcmol-j\/"},"modified":"2024-10-11T16:37:28","modified_gmt":"2024-10-11T14:37:28","slug":"lumatek-zeus-465w-pro-29-%ce%bcmol-j","status":"publish","type":"product","link":"https:\/\/greenkingdom.ch\/de\/produkt\/lumatek-zeus-465w-pro-29-%ce%bcmol-j\/","title":{"rendered":"Lumatek Zeus 465W Pro 2,9 \u03bcmol\/J."},"content":{"rendered":"<p>Lernen Sie die Lumatek Zeus 465W Pro 2.9 LED kennen, eine Revolution in der Beleuchtung zur F\u00f6rderung eines optimalen Pflanzenwachstums. Die Lumatek Zeus 465W Pro 2.9 LED setzt neue Ma\u00dfst\u00e4be in der Branche, indem sie Ihnen eine perfekte LED-Beleuchtung f\u00fcr eine Fl\u00e4che von 1,2\u00d71,2 m bietet. Mit einem PPF von 1353 \u03bcmol\/s und einer au\u00dfergew\u00f6hnlichen Effizienz von bis zu 2,9 \u03bcmol\/J stellt der Zeus 465W Pro 2.9 sicher, dass Deine Pflanzen auf die n\u00e4chste Stufe wachsen. Sein innovatives Design mit mehreren Lichtbalken ordnet sich linear an und sorgt so f\u00fcr eine gleichm\u00e4\u00dfige Lichtverteilung und eine optimale Abdeckung Ihrer Pflanzen. Ausgestattet mit den neuesten Generationen von Lumileds und Osram LEDs bietet die Zeus 465W Pro 2.9 ein volles und ausgewogenes Spektrum f\u00fcr Wachstums- und Bl\u00fctezyklen. Steuern und dimmen Sie Ihre Beleuchtung vollst\u00e4ndig mit dem Lumatek Plus 2.0 f\u00fcr ultimative Flexibilit\u00e4t. Die Lumatek Zeus 465W Pro 2.9 LED ist die perfekte Leuchte f\u00fcr Deinen 1,2\u00d71,2m Grow Room. Investieren Sie jetzt in Ihre Kultur.<\/p>\n","protected":false},"excerpt":{"rendered":"<p>Lernen Sie die Lumatek Zeus 465W Pro 2.9 LED kennen, eine Revolution in der Beleuchtung zur F\u00f6rderung eines optimalen Pflanzenwachstums. Die Lumatek Zeus 465W Pro 2.9 LED setzt neue Ma\u00dfst\u00e4be in der Branche, indem sie Ihnen eine perfekte LED-Beleuchtung f\u00fcr eine Fl\u00e4che von 1,2\u00d71,2 m bietet. Mit einem PPF von 1353 \u03bcmol\/s und einer au\u00dfergew\u00f6hnlichen [&hellip;]<\/p>\n","protected":false},"featured_media":8530,"comment_status":"open","ping_status":"closed","template":"","meta":{"_seopress_robots_primary_cat":"","_seopress_titles_title":"","_seopress_titles_desc":"","_seopress_robots_index":""},"product_brand":[],"product_cat":[559],"product_tag":[],"class_list":{"0":"post-19490","1":"product","2":"type-product","3":"status-publish","4":"has-post-thumbnail","6":"product_cat-led-de","9":"instock","10":"taxable","11":"shipping-taxable","12":"purchasable","13":"product-type-simple","14":"product-grid-view"},"_links":{"self":[{"href":"https:\/\/greenkingdom.ch\/de\/wp-json\/wp\/v2\/product\/19490","targetHints":{"allow":["GET"]}}],"collection":[{"href":"https:\/\/greenkingdom.ch\/de\/wp-json\/wp\/v2\/product"}],"about":[{"href":"https:\/\/greenkingdom.ch\/de\/wp-json\/wp\/v2\/types\/product"}],"replies":[{"embeddable":true,"href":"https:\/\/greenkingdom.ch\/de\/wp-json\/wp\/v2\/comments?post=19490"}],"version-history":[{"count":0,"href":"https:\/\/greenkingdom.ch\/de\/wp-json\/wp\/v2\/product\/19490\/revisions"}],"wp:featuredmedia":[{"embeddable":true,"href":"https:\/\/greenkingdom.ch\/de\/wp-json\/wp\/v2\/media\/8530"}],"wp:attachment":[{"href":"https:\/\/greenkingdom.ch\/de\/wp-json\/wp\/v2\/media?parent=19490"}],"wp:term":[{"taxonomy":"product_brand","embeddable":true,"href":"https:\/\/greenkingdom.ch\/de\/wp-json\/wp\/v2\/product_brand?post=19490"},{"taxonomy":"product_cat","embeddable":true,"href":"https:\/\/greenkingdom.ch\/de\/wp-json\/wp\/v2\/product_cat?post=19490"},{"taxonomy":"product_tag","embeddable":true,"href":"https:\/\/greenkingdom.ch\/de\/wp-json\/wp\/v2\/product_tag?post=19490"}],"curies":[{"name":"wp","href":"https:\/\/api.w.org\/{rel}","templated":true}]}}