{"id":19495,"date":"2024-10-11T16:37:28","date_gmt":"2024-10-11T14:37:28","guid":{"rendered":"https:\/\/greenkingdom.ch\/product\/lumatek-zeus-600w-pro-29-%ce%bcmol-j\/"},"modified":"2024-10-11T16:37:28","modified_gmt":"2024-10-11T14:37:28","slug":"lumatek-zeus-600w-pro-29-%ce%bcmol-j","status":"publish","type":"product","link":"https:\/\/greenkingdom.ch\/de\/produkt\/lumatek-zeus-600w-pro-29-%ce%bcmol-j\/","title":{"rendered":"Lumatek Zeus 600W Pro 2,9 \u03bcmol\/J."},"content":{"rendered":"<p>Lernen Sie die Zeus 600W Pro 2.9 kennen &#8211; Der Ma\u00dfstab in der LED-Beleuchtung f\u00fcr das Pflanzenwachstum Die Zeus 600W Pro 2.9 von Lumatek ist eine wahre Revolution im Bereich der Gartenbaubeleuchtung. Diese Lampe verschiebt die Grenzen der LED-Technologie, indem sie un\u00fcbertroffene Leistung, Effizienz und Lichtqualit\u00e4t bietet. Herausragende Leistung: Die Zeus 600W Pro 2.9 erzeugt einen beeindruckenden Lichtstrom von 1770 \u03bcmol\/s bei einer Effizienz von bis zu 2,9 \u03bcmol\/J. Ideal f\u00fcr die Bl\u00fctephase auf einer Fl\u00e4che von 1,4 x 1,4 m und f\u00fcr die vegetative Phase auf 1,5 x 1,5 m, sorgt diese Lampe f\u00fcr eine gleichm\u00e4\u00dfige, hochintensive Ausleuchtung, perfekt f\u00fcr die anspruchsvollsten Indoor-G\u00e4rtner. Innovatives Design und optimale Leistung: Dank hochwertiger Osram- und Lumileds-Dioden und einem einzigartigen modularen Lightbar-Design bietet die Zeus 600W Pro 2.9 eine optimale Lichtverteilung. Die Clear Glue-Schutztechnologie maximiert die Lichtdurchl\u00e4ssigkeit und verl\u00e4ngert die Lebensdauer der Dioden. Volles Spektrum f\u00fcr optimales Wachstum: Das volle Spektrum des Zeus 600W Pro 2.9 f\u00f6rdert ein gesundes Wachstum und maximalen Ertrag, von der Keimung bis zur Ernte. Einfach zu steuern und zu warten: Mit dem Lumatek Plus 2.0 Digitalpanel k\u00f6nnen Sie ganz einfach Lichtzyklen und Dimmstufen steuern. Die passive K\u00fchlung sorgt f\u00fcr einen leisen Betrieb, w\u00e4hrend die IP65-Zertifizierung Schutz vor Wasser und Staub bietet. Aufr\u00fcstbar f\u00fcr langfristige Flexibilit\u00e4t: Benutzer des Zeus 600W Pro k\u00f6nnen ihr Ger\u00e4t einfach aktualisieren, indem sie die LED-Leisten austauschen, was eine erschwingliche M\u00f6glichkeit bietet, auf die neueste Technologie zuzugreifen, ohne neue Ger\u00e4te kaufen zu m\u00fcssen.<\/p>\n<p>Spezifikationen:<br \/>\n&#8211; Wirkungsgrad: Bis zu 2,9 \u03bcmol\/J<br \/>\n&#8211; PPF: 1770 \u03bcmol\/s<br \/>\n&#8211; Eingangsspannung: 220-240V, 50-60Hz<br \/>\n&#8211; Eingangsleistung: 615W (\u00b15%)<br \/>\n&#8211; Abdeckung: 1,4&#215;1,4m Blume, 1,5&#215;1,5m Veg<br \/>\n&#8211; Wasserdichtigkeit: IP65<br \/>\n&#8211; Lebensdauer: +60.000 Stunden<br \/>\n&#8211; Lichtverteilung: 120\u00b0<br \/>\n&#8211; Lichtquelle: Osram und Lumileds<br \/>\n Dioden- Intensit\u00e4tseinstellung: OFF-25-50-75%-100%-50%<br \/>\n&#8211; Externe Steuerung:  mit Lumatek Digital Panel Plus 2.0<br \/>\n&#8211; Gewicht: 13,5 kg<br \/>\n&#8211; Abmessungen: 1091&#215;1182,4&#215;51,9mm<br \/>\n&#8211; Spektrum: voll<\/p>\n<p>Lieferumfang:<br \/>\n&#8211; 6 x Lumatek 100W Pro 2.9<br \/>\n Magnetische Lichtleisten- 1 x Lumatek 600W Pro 2.9 Treiber mit Verbindungskabeln<br \/>\n&#8211; 1 x LED Aufbau mit Verbindungskabeln<br \/>\n&#8211; 1 x 0-10V Dimmer + Velcro<br \/>\n&#8211; 2 x Metall<br \/>\n Kabelhaken- 1 x Bedienungsanleitung<\/p>\n<p>EAN: 5060560031505<\/p>\n","protected":false},"excerpt":{"rendered":"<p>Lernen Sie die Zeus 600W Pro 2.9 kennen &#8211; Der Ma\u00dfstab in der LED-Beleuchtung f\u00fcr das Pflanzenwachstum Die Zeus 600W Pro 2.9 von Lumatek ist eine wahre Revolution im Bereich der Gartenbaubeleuchtung. Diese Lampe verschiebt die Grenzen der LED-Technologie, indem sie un\u00fcbertroffene Leistung, Effizienz und Lichtqualit\u00e4t bietet. Herausragende Leistung: Die Zeus 600W Pro 2.9 erzeugt [&hellip;]<\/p>\n","protected":false},"featured_media":8554,"comment_status":"open","ping_status":"closed","template":"","meta":{"_seopress_robots_primary_cat":"","_seopress_titles_title":"","_seopress_titles_desc":"","_seopress_robots_index":""},"product_brand":[],"product_cat":[559],"product_tag":[],"class_list":{"0":"post-19495","1":"product","2":"type-product","3":"status-publish","4":"has-post-thumbnail","6":"product_cat-led-de","9":"instock","10":"taxable","11":"shipping-taxable","12":"purchasable","13":"product-type-simple","14":"product-grid-view"},"_links":{"self":[{"href":"https:\/\/greenkingdom.ch\/de\/wp-json\/wp\/v2\/product\/19495","targetHints":{"allow":["GET"]}}],"collection":[{"href":"https:\/\/greenkingdom.ch\/de\/wp-json\/wp\/v2\/product"}],"about":[{"href":"https:\/\/greenkingdom.ch\/de\/wp-json\/wp\/v2\/types\/product"}],"replies":[{"embeddable":true,"href":"https:\/\/greenkingdom.ch\/de\/wp-json\/wp\/v2\/comments?post=19495"}],"version-history":[{"count":0,"href":"https:\/\/greenkingdom.ch\/de\/wp-json\/wp\/v2\/product\/19495\/revisions"}],"wp:featuredmedia":[{"embeddable":true,"href":"https:\/\/greenkingdom.ch\/de\/wp-json\/wp\/v2\/media\/8554"}],"wp:attachment":[{"href":"https:\/\/greenkingdom.ch\/de\/wp-json\/wp\/v2\/media?parent=19495"}],"wp:term":[{"taxonomy":"product_brand","embeddable":true,"href":"https:\/\/greenkingdom.ch\/de\/wp-json\/wp\/v2\/product_brand?post=19495"},{"taxonomy":"product_cat","embeddable":true,"href":"https:\/\/greenkingdom.ch\/de\/wp-json\/wp\/v2\/product_cat?post=19495"},{"taxonomy":"product_tag","embeddable":true,"href":"https:\/\/greenkingdom.ch\/de\/wp-json\/wp\/v2\/product_tag?post=19495"}],"curies":[{"name":"wp","href":"https:\/\/api.w.org\/{rel}","templated":true}]}}