{"id":19497,"date":"2024-10-11T16:37:29","date_gmt":"2024-10-11T14:37:29","guid":{"rendered":"https:\/\/greenkingdom.ch\/product\/carbon-aktiv-200m3-h-125-mm\/"},"modified":"2024-10-11T16:37:29","modified_gmt":"2024-10-11T14:37:29","slug":"carbon-aktiv-200m3-h-125-mm","status":"publish","type":"product","link":"https:\/\/greenkingdom.ch\/de\/produkt\/carbon-aktiv-200m3-h-125-mm\/","title":{"rendered":"Carbon Aktiv 200m3\/h 125 mm"},"content":{"rendered":"<p>Aktivkohlefilter &#8211; Der Standard-Aktivkohlefilter wurde entwickelt, um die Luft effektiv zu reinigen, und ist ein Muss f\u00fcr L\u00fcftungs- und Klimaanlagen. Sein innovatives Design macht ihn leichter, kleiner, effizienter und sicherer als herk\u00f6mmliche Aktivkohlefilter.<br \/>\nDie mikroskopisch kleinen Aktivkohlepartikel, die in diesem Filter verwendet werden, haben eine mit 10.000 multiplizierte Geruchsneutralisationsoberfl\u00e4che, was einen zehnfachen Effekt ergibt.<br \/>\nDank seiner Schichten aus Vliesfiltermaterial, die in einem Kunststoffgeh\u00e4use versiegelt sind, gew\u00e4hrleistet dieser Filter eine einwandfreie Filtration, ohne dass ungereinigte Luft durchgelassen wird. Zudem ist sein PU-Kleber frei von Weichmachern. &#8211; Keine Kohlenstoff-Feinstaubemissionen dank seiner Vlieskonstruktion. &#8211; Minimales Gewicht f\u00fcr optimale Leistung. &#8211; Minimaler Druckverlust bis zu 70 % geringer als bei herk\u00f6mmlichen Filtern. &#8211; Absolute Abdichtung f\u00fcr eine effektive Filtration. &#8211; Kommt mit einem Vorfilter f\u00fcr Feinstaub. &#8211; Gef\u00fcllt mit 100% hochwertiger Kokos-Aktivkohle. Mit einer optimalen Leistung und einem Luftdurchsatz von 160 m\u00b3\/h ist dieser Aktivkohlefilter ein Konzentrat aus Qualit\u00e4t und Effizienz. EAN: 7640157681115  <\/p>\n","protected":false},"excerpt":{"rendered":"<p>Aktivkohlefilter &#8211; Der Standard-Aktivkohlefilter wurde entwickelt, um die Luft effektiv zu reinigen, und ist ein Muss f\u00fcr L\u00fcftungs- und Klimaanlagen. Sein innovatives Design macht ihn leichter, kleiner, effizienter und sicherer als herk\u00f6mmliche Aktivkohlefilter. Die mikroskopisch kleinen Aktivkohlepartikel, die in diesem Filter verwendet werden, haben eine mit 10.000 multiplizierte Geruchsneutralisationsoberfl\u00e4che, was einen zehnfachen Effekt ergibt. Dank [&hellip;]<\/p>\n","protected":false},"featured_media":8641,"comment_status":"open","ping_status":"closed","template":"","meta":{"_seopress_robots_primary_cat":"","_seopress_titles_title":"","_seopress_titles_desc":"","_seopress_robots_index":""},"product_brand":[],"product_cat":[637],"product_tag":[],"class_list":{"0":"post-19497","1":"product","2":"type-product","3":"status-publish","4":"has-post-thumbnail","6":"product_cat-aktivkohlefilter","9":"instock","10":"taxable","11":"shipping-taxable","12":"purchasable","13":"product-type-simple","14":"product-grid-view"},"_links":{"self":[{"href":"https:\/\/greenkingdom.ch\/de\/wp-json\/wp\/v2\/product\/19497","targetHints":{"allow":["GET"]}}],"collection":[{"href":"https:\/\/greenkingdom.ch\/de\/wp-json\/wp\/v2\/product"}],"about":[{"href":"https:\/\/greenkingdom.ch\/de\/wp-json\/wp\/v2\/types\/product"}],"replies":[{"embeddable":true,"href":"https:\/\/greenkingdom.ch\/de\/wp-json\/wp\/v2\/comments?post=19497"}],"version-history":[{"count":0,"href":"https:\/\/greenkingdom.ch\/de\/wp-json\/wp\/v2\/product\/19497\/revisions"}],"wp:featuredmedia":[{"embeddable":true,"href":"https:\/\/greenkingdom.ch\/de\/wp-json\/wp\/v2\/media\/8641"}],"wp:attachment":[{"href":"https:\/\/greenkingdom.ch\/de\/wp-json\/wp\/v2\/media?parent=19497"}],"wp:term":[{"taxonomy":"product_brand","embeddable":true,"href":"https:\/\/greenkingdom.ch\/de\/wp-json\/wp\/v2\/product_brand?post=19497"},{"taxonomy":"product_cat","embeddable":true,"href":"https:\/\/greenkingdom.ch\/de\/wp-json\/wp\/v2\/product_cat?post=19497"},{"taxonomy":"product_tag","embeddable":true,"href":"https:\/\/greenkingdom.ch\/de\/wp-json\/wp\/v2\/product_tag?post=19497"}],"curies":[{"name":"wp","href":"https:\/\/api.w.org\/{rel}","templated":true}]}}