{"id":19503,"date":"2024-10-11T16:37:29","date_gmt":"2024-10-11T14:37:29","guid":{"rendered":"https:\/\/greenkingdom.ch\/product\/dose-q-max-1203m3-h-200mm\/"},"modified":"2024-10-11T16:37:29","modified_gmt":"2024-10-11T14:37:29","slug":"dose-q-max-1203m3-h-200mm","status":"publish","type":"product","link":"https:\/\/greenkingdom.ch\/de\/produkt\/dose-q-max-1203m3-h-200mm\/","title":{"rendered":"Dose Q-MAX 1203m3\/h 200mm"},"content":{"rendered":"<p>Der Q-Max EC 1203m3\/h L\u00fcfter ist ein Muss f\u00fcr R\u00e4ume, in denen die Stromversorgung von gr\u00f6\u00dfter Bedeutung ist. Dieser Rohrventilator mit innovativer Innenisolierung ist deutlich leiser als herk\u00f6mmliche L\u00fcfter. Dank seines leistungsstarken EC-Motors l\u00e4sst er sich pr\u00e4zise regeln, ohne st\u00f6rende Brummger\u00e4usche von sich zu geben. Dar\u00fcber hinaus verbrauchen EC-Motoren auch im Standby-Modus weniger Energie. Mit einer Durchflussrate von 1203 m3\/h und einem 200-mm-Anschluss bieten die Ventilatoren der Ruck Elix-Serie eine beeindruckende Leistung bei gleichzeitiger Kompaktheit und Energieeffizienz. Ihr einzigartiges Design und ihre komplexen Schaufeln sorgen f\u00fcr einen niedrigen Ger\u00e4uschpegel, insbesondere wenn sie in einen Kanalschalld\u00e4mpfer eingebaut werden. Zu den Merkmalen geh\u00f6ren ein Schwenkrad mit Stator, ein Kunststoffgeh\u00e4use, eine einstellbare Geschwindigkeit, ein integrierter Thermoschalter und praktische Aufh\u00e4ngungshalterungen. Dieses Produkt ist auf dem neuesten Stand der Technik, um Ihre L\u00fcftungsanforderungen zu erf\u00fcllen. Technische Daten:<br \/>\n&#8211; Spannung\/Frequenz: 230 V \/ 50 Hz<br \/>\n&#8211; Nennleistung: 120 W<br \/>\n&#8211; Maximale Drehzahl: 3111 U\/min<br \/>\n&#8211; Schalldruckpegel: 73 dB(A)<br \/>\n&#8211; EAN: 8718836156618 Verwandeln Sie Ihren Raum in einen komfortablen und gut bel\u00fcfteten Ort mit dem Q-Max EC 1203m3\/h Ventilator, einer effizienten und leisen L\u00f6sung f\u00fcr alle Ihre L\u00fcftungsbed\u00fcrfnisse.   <\/p>\n","protected":false},"excerpt":{"rendered":"<p>Der Q-Max EC 1203m3\/h L\u00fcfter ist ein Muss f\u00fcr R\u00e4ume, in denen die Stromversorgung von gr\u00f6\u00dfter Bedeutung ist. Dieser Rohrventilator mit innovativer Innenisolierung ist deutlich leiser als herk\u00f6mmliche L\u00fcfter. Dank seines leistungsstarken EC-Motors l\u00e4sst er sich pr\u00e4zise regeln, ohne st\u00f6rende Brummger\u00e4usche von sich zu geben. Dar\u00fcber hinaus verbrauchen EC-Motoren auch im Standby-Modus weniger Energie. Mit [&hellip;]<\/p>\n","protected":false},"featured_media":8635,"comment_status":"open","ping_status":"closed","template":"","meta":{"_seopress_robots_primary_cat":"","_seopress_titles_title":"","_seopress_titles_desc":"","_seopress_robots_index":""},"product_brand":[],"product_cat":[634],"product_tag":[],"class_list":{"0":"post-19503","1":"product","2":"type-product","3":"status-publish","4":"has-post-thumbnail","6":"product_cat-luftabzuege","9":"instock","10":"taxable","11":"shipping-taxable","12":"purchasable","13":"product-type-simple","14":"product-grid-view"},"_links":{"self":[{"href":"https:\/\/greenkingdom.ch\/de\/wp-json\/wp\/v2\/product\/19503","targetHints":{"allow":["GET"]}}],"collection":[{"href":"https:\/\/greenkingdom.ch\/de\/wp-json\/wp\/v2\/product"}],"about":[{"href":"https:\/\/greenkingdom.ch\/de\/wp-json\/wp\/v2\/types\/product"}],"replies":[{"embeddable":true,"href":"https:\/\/greenkingdom.ch\/de\/wp-json\/wp\/v2\/comments?post=19503"}],"version-history":[{"count":0,"href":"https:\/\/greenkingdom.ch\/de\/wp-json\/wp\/v2\/product\/19503\/revisions"}],"wp:featuredmedia":[{"embeddable":true,"href":"https:\/\/greenkingdom.ch\/de\/wp-json\/wp\/v2\/media\/8635"}],"wp:attachment":[{"href":"https:\/\/greenkingdom.ch\/de\/wp-json\/wp\/v2\/media?parent=19503"}],"wp:term":[{"taxonomy":"product_brand","embeddable":true,"href":"https:\/\/greenkingdom.ch\/de\/wp-json\/wp\/v2\/product_brand?post=19503"},{"taxonomy":"product_cat","embeddable":true,"href":"https:\/\/greenkingdom.ch\/de\/wp-json\/wp\/v2\/product_cat?post=19503"},{"taxonomy":"product_tag","embeddable":true,"href":"https:\/\/greenkingdom.ch\/de\/wp-json\/wp\/v2\/product_tag?post=19503"}],"curies":[{"name":"wp","href":"https:\/\/api.w.org\/{rel}","templated":true}]}}