{"id":19504,"date":"2024-10-11T16:37:29","date_gmt":"2024-10-11T14:37:29","guid":{"rendered":"https:\/\/greenkingdom.ch\/product\/iso-max-870m3-h-200mm\/"},"modified":"2024-10-11T16:37:29","modified_gmt":"2024-10-11T14:37:29","slug":"iso-max-870m3-h-200mm","status":"publish","type":"product","link":"https:\/\/greenkingdom.ch\/de\/produkt\/iso-max-870m3-h-200mm\/","title":{"rendered":"ISO-MAX 870m3\/h 200mm"},"content":{"rendered":"<p>Lernen Sie den unglaublichen Iso-Max 3-Gang-L\u00fcfter kennen, einen einzigartigen Unterrohrl\u00fcfter, der au\u00dfergew\u00f6hnliche Effizienz, Leistung und Laufruhe bietet. Dank seines Stator-Rotor-Systems arbeitet dieses Ger\u00e4t wirtschaftlich und sorgt f\u00fcr eine optimale Lufteffizienz bei geringem Energieverbrauch. Dieser in einen Schalld\u00e4mpfer integrierte L\u00fcfter ist mit seinem Ganzmetallgeh\u00e4use und dem speziellen Schaumstoff, der die Ger\u00e4uschentwicklung erheblich reduziert, ein Muss. Leicht, leistungsstark und leise \u2013 der Iso-Max 3-Gang ist die fortschrittlichste Wahl f\u00fcr Ihre Beatmungsanforderungen. Steuern Sie die Geschwindigkeit des Iso-Max 3 mit seinem 3-Stufen-Schalter und genie\u00dfen Sie die erh\u00f6hte Sicherheit mit einem Thermoschalter. Dieses Ger\u00e4t ist einfach zu installieren und wird mit Montagehalterungen f\u00fcr eine einfache Installation geliefert. Technische Daten:<br \/>\n&#8211; Material: Metall<br \/>\n&#8211; L\u00e4nge: 600 mm<br \/>\n&#8211; Gewicht: 8 kg<br \/>\n&#8211; Durchmesser: 200 mm<br \/>\n&#8211; Kapazit\u00e4t: 870 m3\/h<br \/>\n&#8211; Strom: 0,5 A<br \/>\n&#8211; Leistung: 121 W<br \/>\n&#8211; Integrierter Drehzahlschalter: 3 Geschwindigkeiten- Geschwindigkeiten<br \/>\n (m3\/h): 740 \/ 690 \/ 870 Nicht vergessen, kein Schutzstecker ist im Lieferumfang enthalten! Erw\u00e4gen Sie, eine Schutzkappe auf unserer Website zu kaufen. <\/p>\n","protected":false},"excerpt":{"rendered":"<p>Lernen Sie den unglaublichen Iso-Max 3-Gang-L\u00fcfter kennen, einen einzigartigen Unterrohrl\u00fcfter, der au\u00dfergew\u00f6hnliche Effizienz, Leistung und Laufruhe bietet. Dank seines Stator-Rotor-Systems arbeitet dieses Ger\u00e4t wirtschaftlich und sorgt f\u00fcr eine optimale Lufteffizienz bei geringem Energieverbrauch. Dieser in einen Schalld\u00e4mpfer integrierte L\u00fcfter ist mit seinem Ganzmetallgeh\u00e4use und dem speziellen Schaumstoff, der die Ger\u00e4uschentwicklung erheblich reduziert, ein Muss. Leicht, [&hellip;]<\/p>\n","protected":false},"featured_media":8632,"comment_status":"open","ping_status":"closed","template":"","meta":{"_seopress_robots_primary_cat":"","_seopress_titles_title":"","_seopress_titles_desc":"","_seopress_robots_index":""},"product_brand":[],"product_cat":[634],"product_tag":[],"class_list":{"0":"post-19504","1":"product","2":"type-product","3":"status-publish","4":"has-post-thumbnail","6":"product_cat-luftabzuege","9":"instock","10":"taxable","11":"shipping-taxable","12":"purchasable","13":"product-type-simple","14":"product-grid-view"},"_links":{"self":[{"href":"https:\/\/greenkingdom.ch\/de\/wp-json\/wp\/v2\/product\/19504","targetHints":{"allow":["GET"]}}],"collection":[{"href":"https:\/\/greenkingdom.ch\/de\/wp-json\/wp\/v2\/product"}],"about":[{"href":"https:\/\/greenkingdom.ch\/de\/wp-json\/wp\/v2\/types\/product"}],"replies":[{"embeddable":true,"href":"https:\/\/greenkingdom.ch\/de\/wp-json\/wp\/v2\/comments?post=19504"}],"version-history":[{"count":0,"href":"https:\/\/greenkingdom.ch\/de\/wp-json\/wp\/v2\/product\/19504\/revisions"}],"wp:featuredmedia":[{"embeddable":true,"href":"https:\/\/greenkingdom.ch\/de\/wp-json\/wp\/v2\/media\/8632"}],"wp:attachment":[{"href":"https:\/\/greenkingdom.ch\/de\/wp-json\/wp\/v2\/media?parent=19504"}],"wp:term":[{"taxonomy":"product_brand","embeddable":true,"href":"https:\/\/greenkingdom.ch\/de\/wp-json\/wp\/v2\/product_brand?post=19504"},{"taxonomy":"product_cat","embeddable":true,"href":"https:\/\/greenkingdom.ch\/de\/wp-json\/wp\/v2\/product_cat?post=19504"},{"taxonomy":"product_tag","embeddable":true,"href":"https:\/\/greenkingdom.ch\/de\/wp-json\/wp\/v2\/product_tag?post=19504"}],"curies":[{"name":"wp","href":"https:\/\/api.w.org\/{rel}","templated":true}]}}