{"id":19512,"date":"2024-10-11T16:37:30","date_gmt":"2024-10-11T14:37:30","guid":{"rendered":"https:\/\/greenkingdom.ch\/product\/20x-1l-topf\/"},"modified":"2024-10-11T16:37:30","modified_gmt":"2024-10-11T14:37:30","slug":"20x-1l-topf","status":"publish","type":"product","link":"https:\/\/greenkingdom.ch\/de\/produkt\/20x-1l-topf\/","title":{"rendered":"20x 1L Topf"},"content":{"rendered":"<div class=\"value\">\n<h2>Packung mit 20 1L Growt\u00f6pfen<\/h2>\n<p>Diese quadratischen schwarzen Kunststofft\u00f6pfe enthalten genau 1 l Substrat und eignen sich daher perfekt f\u00fcr den Anbau von Pflanzen.<\/p>\n<p>Mit ihren Ma\u00dfen von 10cm x 10cm x 12cm und der konischen Form bieten sie Platz f\u00fcr bis zu 100 T\u00f6pfe pro Quadratmeter.<\/p>\n<p>Ihre hohe Flexibilit\u00e4t macht sie widerstandsf\u00e4hig gegen St\u00f6\u00dfe, w\u00e4hrend ihre Unempfindlichkeit gegen\u00fcber K\u00e4lte eine au\u00dfergew\u00f6hnliche Haltbarkeit gew\u00e4hrleistet.  <\/p>\n<h3>Charaktereigenschaften:<\/h3>\n<ul>\n<li>Gr\u00f6\u00dfe: 10 x 10 x 12 cm<\/li>\n<li>Kapazit\u00e4t: 1L<\/li>\n<\/ul>\n<\/div>\n<div class=\"product attribute ean\"><strong class=\"type\"> <span class=\"value ean\">EAN-6097231778741<\/span><\/strong><\/div>\n","protected":false},"excerpt":{"rendered":"<p>Packung mit 20 1L Growt\u00f6pfen Diese quadratischen schwarzen Kunststofft\u00f6pfe enthalten genau 1 l Substrat und eignen sich daher perfekt f\u00fcr den Anbau von Pflanzen. Mit ihren Ma\u00dfen von 10cm x 10cm x 12cm und der konischen Form bieten sie Platz f\u00fcr bis zu 100 T\u00f6pfe pro Quadratmeter. Ihre hohe Flexibilit\u00e4t macht sie widerstandsf\u00e4hig gegen St\u00f6\u00dfe, [&hellip;]<\/p>\n","protected":false},"featured_media":8677,"comment_status":"open","ping_status":"closed","template":"","meta":{"_seopress_robots_primary_cat":"","_seopress_titles_title":"","_seopress_titles_desc":"","_seopress_robots_index":""},"product_brand":[],"product_cat":[598],"product_tag":[],"class_list":{"0":"post-19512","1":"product","2":"type-product","3":"status-publish","4":"has-post-thumbnail","6":"product_cat-toepfe-und-behaelter","9":"instock","10":"taxable","11":"shipping-taxable","12":"purchasable","13":"product-type-simple","14":"product-grid-view"},"_links":{"self":[{"href":"https:\/\/greenkingdom.ch\/de\/wp-json\/wp\/v2\/product\/19512","targetHints":{"allow":["GET"]}}],"collection":[{"href":"https:\/\/greenkingdom.ch\/de\/wp-json\/wp\/v2\/product"}],"about":[{"href":"https:\/\/greenkingdom.ch\/de\/wp-json\/wp\/v2\/types\/product"}],"replies":[{"embeddable":true,"href":"https:\/\/greenkingdom.ch\/de\/wp-json\/wp\/v2\/comments?post=19512"}],"version-history":[{"count":0,"href":"https:\/\/greenkingdom.ch\/de\/wp-json\/wp\/v2\/product\/19512\/revisions"}],"wp:featuredmedia":[{"embeddable":true,"href":"https:\/\/greenkingdom.ch\/de\/wp-json\/wp\/v2\/media\/8677"}],"wp:attachment":[{"href":"https:\/\/greenkingdom.ch\/de\/wp-json\/wp\/v2\/media?parent=19512"}],"wp:term":[{"taxonomy":"product_brand","embeddable":true,"href":"https:\/\/greenkingdom.ch\/de\/wp-json\/wp\/v2\/product_brand?post=19512"},{"taxonomy":"product_cat","embeddable":true,"href":"https:\/\/greenkingdom.ch\/de\/wp-json\/wp\/v2\/product_cat?post=19512"},{"taxonomy":"product_tag","embeddable":true,"href":"https:\/\/greenkingdom.ch\/de\/wp-json\/wp\/v2\/product_tag?post=19512"}],"curies":[{"name":"wp","href":"https:\/\/api.w.org\/{rel}","templated":true}]}}