{"id":19518,"date":"2024-10-11T16:37:30","date_gmt":"2024-10-11T14:37:30","guid":{"rendered":"https:\/\/greenkingdom.ch\/product\/carbon-aktiv-1000m3-h-200mm\/"},"modified":"2024-10-11T16:37:30","modified_gmt":"2024-10-11T14:37:30","slug":"carbon-aktiv-1000m3-h-200mm","status":"publish","type":"product","link":"https:\/\/greenkingdom.ch\/de\/produkt\/carbon-aktiv-1000m3-h-200mm\/","title":{"rendered":"Carbon Aktiv 1000m3\/h 200mm"},"content":{"rendered":"<p>Aktivkohlefilter &#8211; Reinigen Sie Ihre Luft effektiv mit unserem innovativen Filter, der entwickelt wurde, um unerw\u00fcnschte Ger\u00fcche und Schadstoffe zu entfernen. CarbonActive-Filter sind leichter und kompakter als herk\u00f6mmliche Filter und bieten eine zuverl\u00e4ssige Luftreinigung. Unsere Filter bestehen aus winzigen Aktivkohlepartikeln und vergr\u00f6\u00dfern die Oberfl\u00e4che der Geruchsneutralisation um das 10.000-fache, um eine optimale Wirkung zu gew\u00e4hrleisten. Mehrschichtige Filtermatten, die in einem Kunststoffboden und -deckel versiegelt sind, verhindern das Ansaugen von ungefilterter Luft f\u00fcr eine effektive Reinigung. Entdecken Sie die Vorteile unserer CarbonActive-Filter:<br \/>\n&#8211; Keine Kohlendioxid-Feinstaubemissionen<br \/>\n&#8211; Minimales Gewicht f\u00fcr maximale<br \/>\n Leistung- Minimaler Druckverlust im Vergleich zu herk\u00f6mmlichen<br \/>\n Filtern<br \/>\n&#8211; Vollst\u00e4ndige Abdichtung gew\u00e4hrleistet- Kommt mit einem Feinstaub-Vorfilter<br \/>\n&#8211; Gef\u00fcllt mit 100% hochwertiger Kokosnuss-Aktivkohle Genie\u00dfen Sie einen einfachen Anschluss, optimale Leistung und einen Durchflussbereich, der Ihren Bed\u00fcrfnissen entspricht. Kompakte Abmessungen f\u00fcr eine komfortable Installation. EAN: 7640157680125 <\/p>\n","protected":false},"excerpt":{"rendered":"<p>Aktivkohlefilter &#8211; Reinigen Sie Ihre Luft effektiv mit unserem innovativen Filter, der entwickelt wurde, um unerw\u00fcnschte Ger\u00fcche und Schadstoffe zu entfernen. CarbonActive-Filter sind leichter und kompakter als herk\u00f6mmliche Filter und bieten eine zuverl\u00e4ssige Luftreinigung. Unsere Filter bestehen aus winzigen Aktivkohlepartikeln und vergr\u00f6\u00dfern die Oberfl\u00e4che der Geruchsneutralisation um das 10.000-fache, um eine optimale Wirkung zu gew\u00e4hrleisten. [&hellip;]<\/p>\n","protected":false},"featured_media":8671,"comment_status":"open","ping_status":"closed","template":"","meta":{"_seopress_robots_primary_cat":"","_seopress_titles_title":"","_seopress_titles_desc":"","_seopress_robots_index":""},"product_brand":[],"product_cat":[637],"product_tag":[],"class_list":{"0":"post-19518","1":"product","2":"type-product","3":"status-publish","4":"has-post-thumbnail","6":"product_cat-aktivkohlefilter","9":"instock","10":"taxable","11":"shipping-taxable","12":"purchasable","13":"product-type-simple","14":"product-grid-view"},"_links":{"self":[{"href":"https:\/\/greenkingdom.ch\/de\/wp-json\/wp\/v2\/product\/19518","targetHints":{"allow":["GET"]}}],"collection":[{"href":"https:\/\/greenkingdom.ch\/de\/wp-json\/wp\/v2\/product"}],"about":[{"href":"https:\/\/greenkingdom.ch\/de\/wp-json\/wp\/v2\/types\/product"}],"replies":[{"embeddable":true,"href":"https:\/\/greenkingdom.ch\/de\/wp-json\/wp\/v2\/comments?post=19518"}],"version-history":[{"count":0,"href":"https:\/\/greenkingdom.ch\/de\/wp-json\/wp\/v2\/product\/19518\/revisions"}],"wp:featuredmedia":[{"embeddable":true,"href":"https:\/\/greenkingdom.ch\/de\/wp-json\/wp\/v2\/media\/8671"}],"wp:attachment":[{"href":"https:\/\/greenkingdom.ch\/de\/wp-json\/wp\/v2\/media?parent=19518"}],"wp:term":[{"taxonomy":"product_brand","embeddable":true,"href":"https:\/\/greenkingdom.ch\/de\/wp-json\/wp\/v2\/product_brand?post=19518"},{"taxonomy":"product_cat","embeddable":true,"href":"https:\/\/greenkingdom.ch\/de\/wp-json\/wp\/v2\/product_cat?post=19518"},{"taxonomy":"product_tag","embeddable":true,"href":"https:\/\/greenkingdom.ch\/de\/wp-json\/wp\/v2\/product_tag?post=19518"}],"curies":[{"name":"wp","href":"https:\/\/api.w.org\/{rel}","templated":true}]}}