{"id":19521,"date":"2024-10-11T16:37:30","date_gmt":"2024-10-11T14:37:30","guid":{"rendered":"https:\/\/greenkingdom.ch\/product\/carbon-aktiv-650m3-h-200mm\/"},"modified":"2024-10-11T16:37:30","modified_gmt":"2024-10-11T14:37:30","slug":"carbon-aktiv-650m3-h-200mm","status":"publish","type":"product","link":"https:\/\/greenkingdom.ch\/de\/produkt\/carbon-aktiv-650m3-h-200mm\/","title":{"rendered":"Carbon Aktiv 650m3\/h 200mm"},"content":{"rendered":"<p>Aktivkohlefilter &#8211; Genie\u00dfen Sie gereinigte und erfrischte Luft mit Aktivkohlefiltern. Diese innovativen Filter wurden f\u00fcr L\u00fcftungs- und Klimaanlagen entwickelt und sind leichter, kompakter und effizienter als herk\u00f6mmliche Aktivkohlefilter. Ihr revolution\u00e4res Design verwendet winzige Aktivkohlepartikel, die die Oberfl\u00e4che der Geruchsneutralisation um das 10.000-fache vergr\u00f6\u00dfern und so eine optimale Luftreinigung gew\u00e4hrleisten. Die mehrlagigen Vliesmatten sind sorgf\u00e4ltig in einem Kunststoffboden und -deckel versiegelt, um ein ungefiltertes Eindringen von Luft zu verhindern. Dar\u00fcber hinaus sind diese Filter frei von feinen Kohlenstaubemissionen, was sie ideal f\u00fcr den Einsatz mit Cool-Tube macht. Dank ihrer speziellen Konstruktion bieten sie einen minimalen Druckverlust von bis zu 70 % weniger als herk\u00f6mmliche Aktivkohlefilter. Dieser Aktivkohlefilter ist au\u00dferdem zu 100 % auslaufsicher und gew\u00e4hrleistet eine effektive Filtration ohne das Risiko von ungefilterter Luft. Er ist mit 100% hochwertiger Kokos-Aktivkohle gef\u00fcllt und wird mit einem Vorfilter f\u00fcr Feinstaub geliefert. Genie\u00dfen Sie optimale Leistung mit einem Luftdurchsatz von bis zu 520 m\u00b3\/h und profitieren Sie gleichzeitig von einem Mindestgewicht von 3,0 kg und kompakten Abmessungen von \u00f8275 x 370 mm. Lassen Sie nicht mehr zu, dass unerw\u00fcnschte Ger\u00fcche und Schadstoffe die Luftqualit\u00e4t in Ihrem Raum ruinieren. Entscheiden Sie sich f\u00fcr Carbon Active-Filter und atmen Sie in aller Ruhe frische, gereinigte Luft. EAN: 7640157680088.  <\/p>\n","protected":false},"excerpt":{"rendered":"<p>Aktivkohlefilter &#8211; Genie\u00dfen Sie gereinigte und erfrischte Luft mit Aktivkohlefiltern. Diese innovativen Filter wurden f\u00fcr L\u00fcftungs- und Klimaanlagen entwickelt und sind leichter, kompakter und effizienter als herk\u00f6mmliche Aktivkohlefilter. Ihr revolution\u00e4res Design verwendet winzige Aktivkohlepartikel, die die Oberfl\u00e4che der Geruchsneutralisation um das 10.000-fache vergr\u00f6\u00dfern und so eine optimale Luftreinigung gew\u00e4hrleisten. Die mehrlagigen Vliesmatten sind sorgf\u00e4ltig in [&hellip;]<\/p>\n","protected":false},"featured_media":8659,"comment_status":"open","ping_status":"closed","template":"","meta":{"_seopress_robots_primary_cat":"","_seopress_titles_title":"","_seopress_titles_desc":"","_seopress_robots_index":""},"product_brand":[],"product_cat":[637],"product_tag":[],"class_list":{"0":"post-19521","1":"product","2":"type-product","3":"status-publish","4":"has-post-thumbnail","6":"product_cat-aktivkohlefilter","9":"instock","10":"taxable","11":"shipping-taxable","12":"purchasable","13":"product-type-simple","14":"product-grid-view"},"_links":{"self":[{"href":"https:\/\/greenkingdom.ch\/de\/wp-json\/wp\/v2\/product\/19521","targetHints":{"allow":["GET"]}}],"collection":[{"href":"https:\/\/greenkingdom.ch\/de\/wp-json\/wp\/v2\/product"}],"about":[{"href":"https:\/\/greenkingdom.ch\/de\/wp-json\/wp\/v2\/types\/product"}],"replies":[{"embeddable":true,"href":"https:\/\/greenkingdom.ch\/de\/wp-json\/wp\/v2\/comments?post=19521"}],"version-history":[{"count":0,"href":"https:\/\/greenkingdom.ch\/de\/wp-json\/wp\/v2\/product\/19521\/revisions"}],"wp:featuredmedia":[{"embeddable":true,"href":"https:\/\/greenkingdom.ch\/de\/wp-json\/wp\/v2\/media\/8659"}],"wp:attachment":[{"href":"https:\/\/greenkingdom.ch\/de\/wp-json\/wp\/v2\/media?parent=19521"}],"wp:term":[{"taxonomy":"product_brand","embeddable":true,"href":"https:\/\/greenkingdom.ch\/de\/wp-json\/wp\/v2\/product_brand?post=19521"},{"taxonomy":"product_cat","embeddable":true,"href":"https:\/\/greenkingdom.ch\/de\/wp-json\/wp\/v2\/product_cat?post=19521"},{"taxonomy":"product_tag","embeddable":true,"href":"https:\/\/greenkingdom.ch\/de\/wp-json\/wp\/v2\/product_tag?post=19521"}],"curies":[{"name":"wp","href":"https:\/\/api.w.org\/{rel}","templated":true}]}}