{"id":19524,"date":"2024-10-11T16:37:30","date_gmt":"2024-10-11T14:37:30","guid":{"rendered":"https:\/\/greenkingdom.ch\/product\/carbon-aktiv-800m3-h-200mm\/"},"modified":"2024-10-11T16:37:30","modified_gmt":"2024-10-11T14:37:30","slug":"carbon-aktiv-800m3-h-200mm","status":"publish","type":"product","link":"https:\/\/greenkingdom.ch\/de\/produkt\/carbon-aktiv-800m3-h-200mm\/","title":{"rendered":"Carbon Aktiv 800m3\/h 200mm"},"content":{"rendered":"<p>Aktiv-Standard-Aktivfilter sind \u00e4u\u00dferst zuverl\u00e4ssige Luftreiniger, die entwickelt wurden, um unerw\u00fcnschte Ger\u00fcche und Schadstoffe in L\u00fcftungs- und Klimaanlagen effektiv zu entfernen. Durch ihr innovatives Design sind sie leichter, kompakter und effizienter als herk\u00f6mmliche Aktivkohlefilter. H\u00f6hepunkte:<br \/>\n&#8211; Geruchsbeseitigung ohne Emission von Feinstaub.<br \/>\n&#8211; Minimales Gewicht f\u00fcr optimale Leistung.<br \/>\n&#8211; Reduzierter Druckverlust um bis zu 70 % im Vergleich zu herk\u00f6mmlichen Filtern.<br \/>\n&#8211; Vollst\u00e4ndige Abdichtung f\u00fcr einwandfreie Filtration.<br \/>\n&#8211; Enth\u00e4lt einen Staubvorfilter und hochwertige Kokosnuss-Aktivkohle. Technische Eigenschaften:<br \/>\n&#8211; Anschluss: \u00d8200mm<br \/>\n&#8211; Optimale Filterleistung: 640m\u00b3\/h<br \/>\n&#8211; Leistungsbereich: 250-800m\u00b3\/h<br \/>\n&#8211; Gewicht: 3,5kg<br \/>\n&#8211; Abmessungen: \u00f8275 x 475mm Entscheiden Sie sich f\u00fcr Carbon Active-Standard-Filter f\u00fcr eine effiziente und zuverl\u00e4ssige Luftreinigung. EAN: 7640157680101. <\/p>\n","protected":false},"excerpt":{"rendered":"<p>Aktiv-Standard-Aktivfilter sind \u00e4u\u00dferst zuverl\u00e4ssige Luftreiniger, die entwickelt wurden, um unerw\u00fcnschte Ger\u00fcche und Schadstoffe in L\u00fcftungs- und Klimaanlagen effektiv zu entfernen. Durch ihr innovatives Design sind sie leichter, kompakter und effizienter als herk\u00f6mmliche Aktivkohlefilter. H\u00f6hepunkte: &#8211; Geruchsbeseitigung ohne Emission von Feinstaub. &#8211; Minimales Gewicht f\u00fcr optimale Leistung. &#8211; Reduzierter Druckverlust um bis zu 70 % im [&hellip;]<\/p>\n","protected":false},"featured_media":8665,"comment_status":"open","ping_status":"closed","template":"","meta":{"_seopress_robots_primary_cat":"","_seopress_titles_title":"","_seopress_titles_desc":"","_seopress_robots_index":""},"product_brand":[],"product_cat":[637],"product_tag":[],"class_list":{"0":"post-19524","1":"product","2":"type-product","3":"status-publish","4":"has-post-thumbnail","6":"product_cat-aktivkohlefilter","9":"instock","10":"taxable","11":"shipping-taxable","12":"purchasable","13":"product-type-simple","14":"product-grid-view"},"_links":{"self":[{"href":"https:\/\/greenkingdom.ch\/de\/wp-json\/wp\/v2\/product\/19524","targetHints":{"allow":["GET"]}}],"collection":[{"href":"https:\/\/greenkingdom.ch\/de\/wp-json\/wp\/v2\/product"}],"about":[{"href":"https:\/\/greenkingdom.ch\/de\/wp-json\/wp\/v2\/types\/product"}],"replies":[{"embeddable":true,"href":"https:\/\/greenkingdom.ch\/de\/wp-json\/wp\/v2\/comments?post=19524"}],"version-history":[{"count":0,"href":"https:\/\/greenkingdom.ch\/de\/wp-json\/wp\/v2\/product\/19524\/revisions"}],"wp:featuredmedia":[{"embeddable":true,"href":"https:\/\/greenkingdom.ch\/de\/wp-json\/wp\/v2\/media\/8665"}],"wp:attachment":[{"href":"https:\/\/greenkingdom.ch\/de\/wp-json\/wp\/v2\/media?parent=19524"}],"wp:term":[{"taxonomy":"product_brand","embeddable":true,"href":"https:\/\/greenkingdom.ch\/de\/wp-json\/wp\/v2\/product_brand?post=19524"},{"taxonomy":"product_cat","embeddable":true,"href":"https:\/\/greenkingdom.ch\/de\/wp-json\/wp\/v2\/product_cat?post=19524"},{"taxonomy":"product_tag","embeddable":true,"href":"https:\/\/greenkingdom.ch\/de\/wp-json\/wp\/v2\/product_tag?post=19524"}],"curies":[{"name":"wp","href":"https:\/\/api.w.org\/{rel}","templated":true}]}}