{"id":19527,"date":"2024-10-11T16:37:30","date_gmt":"2024-10-11T14:37:30","guid":{"rendered":"https:\/\/greenkingdom.ch\/product\/carbon-aktiv-500m3-h-125mm\/"},"modified":"2024-10-11T16:37:30","modified_gmt":"2024-10-11T14:37:30","slug":"carbon-aktiv-500m3-h-125mm","status":"publish","type":"product","link":"https:\/\/greenkingdom.ch\/de\/produkt\/carbon-aktiv-500m3-h-125mm\/","title":{"rendered":"Carbon Aktiv 500m3\/h 125mm"},"content":{"rendered":"<p>Carbon Active &#8211; Premium-Standardfilter wurden speziell entwickelt, um die Luftqualit\u00e4t in Ihren L\u00fcftungs- und Klimaanlagen zu verbessern. Ihre innovative Technologie erm\u00f6glicht eine effektive Luftreinigung durch die Beseitigung von Ger\u00fcchen und Schadstoffen. CarbonActive-Filter sind leichter, kompakter und effizienter als herk\u00f6mmliche Aktivkohlefilter und bieten eine optimale Filtration f\u00fcr ges\u00fcndere Luft in Ihrem Raum. Carbon Active Standardfilter verwenden ultrafeine Partikel der Aktivkohle f\u00fcr eine effektive Geruchsneutralisation, wodurch sich die Filterfl\u00e4che vervielfacht. Mit mehrschichtigen Filtervliesmatten, die in einem Kunststoffboden und -deckel versiegelt sind, gew\u00e4hrleisten diese Filter eine kompromisslose Filterung, indem sie verhindern, dass ungefilterte Luft zirkuliert. Dar\u00fcber hinaus eliminiert ihr Design die Emission von Feinstaub und sorgt so f\u00fcr ein gesundes Raumklima. &#8211; Keine Emission von Feinstaub. &#8211; Minimales Gewicht f\u00fcr maximale Effizienz. &#8211; Minimaler Druckverlust f\u00fcr optimale Leistung. &#8211; 100% Wasserdichtigkeit f\u00fcr einwandfreie Filterung. &#8211; Beinhaltet einen Vorfilter f\u00fcr Feinstaub und ist mit 100% hochwertiger Kokos-Aktivkohle gef\u00fcllt. CarbonActive-Filter sind f\u00fcr einen \u00f8125-mm-Anschluss ausgelegt und bieten eine optimale Leistung von 400 m\u00b3\/h und einen Durchflussbereich von 125 m\u00b3\/h bis 500. Mit einem Gewicht von 1,7 kg und Abmessungen von \u00f8190 x 475 mm garantieren diese Filter eine hervorragende Luftreinigung. EAN: 7640157680064.   <\/p>\n","protected":false},"excerpt":{"rendered":"<p>Carbon Active &#8211; Premium-Standardfilter wurden speziell entwickelt, um die Luftqualit\u00e4t in Ihren L\u00fcftungs- und Klimaanlagen zu verbessern. Ihre innovative Technologie erm\u00f6glicht eine effektive Luftreinigung durch die Beseitigung von Ger\u00fcchen und Schadstoffen. CarbonActive-Filter sind leichter, kompakter und effizienter als herk\u00f6mmliche Aktivkohlefilter und bieten eine optimale Filtration f\u00fcr ges\u00fcndere Luft in Ihrem Raum. Carbon Active Standardfilter verwenden [&hellip;]<\/p>\n","protected":false},"featured_media":8653,"comment_status":"open","ping_status":"closed","template":"","meta":{"_seopress_robots_primary_cat":"","_seopress_titles_title":"","_seopress_titles_desc":"","_seopress_robots_index":""},"product_brand":[],"product_cat":[637],"product_tag":[],"class_list":{"0":"post-19527","1":"product","2":"type-product","3":"status-publish","4":"has-post-thumbnail","6":"product_cat-aktivkohlefilter","9":"instock","10":"taxable","11":"shipping-taxable","12":"purchasable","13":"product-type-simple","14":"product-grid-view"},"_links":{"self":[{"href":"https:\/\/greenkingdom.ch\/de\/wp-json\/wp\/v2\/product\/19527","targetHints":{"allow":["GET"]}}],"collection":[{"href":"https:\/\/greenkingdom.ch\/de\/wp-json\/wp\/v2\/product"}],"about":[{"href":"https:\/\/greenkingdom.ch\/de\/wp-json\/wp\/v2\/types\/product"}],"replies":[{"embeddable":true,"href":"https:\/\/greenkingdom.ch\/de\/wp-json\/wp\/v2\/comments?post=19527"}],"version-history":[{"count":0,"href":"https:\/\/greenkingdom.ch\/de\/wp-json\/wp\/v2\/product\/19527\/revisions"}],"wp:featuredmedia":[{"embeddable":true,"href":"https:\/\/greenkingdom.ch\/de\/wp-json\/wp\/v2\/media\/8653"}],"wp:attachment":[{"href":"https:\/\/greenkingdom.ch\/de\/wp-json\/wp\/v2\/media?parent=19527"}],"wp:term":[{"taxonomy":"product_brand","embeddable":true,"href":"https:\/\/greenkingdom.ch\/de\/wp-json\/wp\/v2\/product_brand?post=19527"},{"taxonomy":"product_cat","embeddable":true,"href":"https:\/\/greenkingdom.ch\/de\/wp-json\/wp\/v2\/product_cat?post=19527"},{"taxonomy":"product_tag","embeddable":true,"href":"https:\/\/greenkingdom.ch\/de\/wp-json\/wp\/v2\/product_tag?post=19527"}],"curies":[{"name":"wp","href":"https:\/\/api.w.org\/{rel}","templated":true}]}}