{"id":19533,"date":"2024-10-11T16:37:30","date_gmt":"2024-10-11T14:37:30","guid":{"rendered":"https:\/\/greenkingdom.ch\/product\/carbon-aktiv-300m3-h-125mm\/"},"modified":"2024-10-11T16:37:30","modified_gmt":"2024-10-11T14:37:30","slug":"carbon-aktiv-300m3-h-125mm","status":"publish","type":"product","link":"https:\/\/greenkingdom.ch\/de\/produkt\/carbon-aktiv-300m3-h-125mm\/","title":{"rendered":"Carbon Aktiv 300m3\/h 125mm"},"content":{"rendered":"<p>Carbon Active &#8211; Standardfilter sind eine innovative Luftreinigungsl\u00f6sung f\u00fcr Ihre L\u00fcftungs- und Klimaanlage. Diese CarbonActive-Filter wurden entwickelt, um Ger\u00fcche und Schadstoffe effektiv zu entfernen, und sind leicht, kompakt und effizient. Ihre Technologie verwendet hochwertige Aktivkohlepartikel f\u00fcr eine optimale Geruchsneutralisation. Dank ihres wasserdichten mehrschichtigen Aufbaus garantieren diese Filter eine einwandfreie Filtration ohne den Aussto\u00df von feinem Kohlenstaub. Mit minimalem Druckverlust bieten diese Filter eine au\u00dfergew\u00f6hnliche Leistung f\u00fcr den t\u00e4glichen Gebrauch. Genie\u00dfen Sie saubere, gesunde Luft mit CarbonActive-Filtern.     <\/p>\n","protected":false},"excerpt":{"rendered":"<p>Carbon Active &#8211; Standardfilter sind eine innovative Luftreinigungsl\u00f6sung f\u00fcr Ihre L\u00fcftungs- und Klimaanlage. Diese CarbonActive-Filter wurden entwickelt, um Ger\u00fcche und Schadstoffe effektiv zu entfernen, und sind leicht, kompakt und effizient. Ihre Technologie verwendet hochwertige Aktivkohlepartikel f\u00fcr eine optimale Geruchsneutralisation. Dank ihres wasserdichten mehrschichtigen Aufbaus garantieren diese Filter eine einwandfreie Filtration ohne den Aussto\u00df von feinem [&hellip;]<\/p>\n","protected":false},"featured_media":8647,"comment_status":"open","ping_status":"closed","template":"","meta":{"_seopress_robots_primary_cat":"","_seopress_titles_title":"","_seopress_titles_desc":"","_seopress_robots_index":""},"product_brand":[],"product_cat":[637],"product_tag":[],"class_list":{"0":"post-19533","1":"product","2":"type-product","3":"status-publish","4":"has-post-thumbnail","6":"product_cat-aktivkohlefilter","9":"instock","10":"taxable","11":"shipping-taxable","12":"purchasable","13":"product-type-simple","14":"product-grid-view"},"_links":{"self":[{"href":"https:\/\/greenkingdom.ch\/de\/wp-json\/wp\/v2\/product\/19533","targetHints":{"allow":["GET"]}}],"collection":[{"href":"https:\/\/greenkingdom.ch\/de\/wp-json\/wp\/v2\/product"}],"about":[{"href":"https:\/\/greenkingdom.ch\/de\/wp-json\/wp\/v2\/types\/product"}],"replies":[{"embeddable":true,"href":"https:\/\/greenkingdom.ch\/de\/wp-json\/wp\/v2\/comments?post=19533"}],"version-history":[{"count":0,"href":"https:\/\/greenkingdom.ch\/de\/wp-json\/wp\/v2\/product\/19533\/revisions"}],"wp:featuredmedia":[{"embeddable":true,"href":"https:\/\/greenkingdom.ch\/de\/wp-json\/wp\/v2\/media\/8647"}],"wp:attachment":[{"href":"https:\/\/greenkingdom.ch\/de\/wp-json\/wp\/v2\/media?parent=19533"}],"wp:term":[{"taxonomy":"product_brand","embeddable":true,"href":"https:\/\/greenkingdom.ch\/de\/wp-json\/wp\/v2\/product_brand?post=19533"},{"taxonomy":"product_cat","embeddable":true,"href":"https:\/\/greenkingdom.ch\/de\/wp-json\/wp\/v2\/product_cat?post=19533"},{"taxonomy":"product_tag","embeddable":true,"href":"https:\/\/greenkingdom.ch\/de\/wp-json\/wp\/v2\/product_tag?post=19533"}],"curies":[{"name":"wp","href":"https:\/\/api.w.org\/{rel}","templated":true}]}}