{"id":19539,"date":"2024-10-11T16:37:31","date_gmt":"2024-10-11T14:37:31","guid":{"rendered":"https:\/\/greenkingdom.ch\/product\/canna-terra-vega-1l\/"},"modified":"2024-10-11T16:37:31","modified_gmt":"2024-10-11T14:37:31","slug":"canna-terra-vega-1l","status":"publish","type":"product","link":"https:\/\/greenkingdom.ch\/de\/produkt\/canna-terra-vega-1l\/","title":{"rendered":"Canna Terra Vega 1L"},"content":{"rendered":"<p>Entdecken Sie den D\u00fcnger Canna Terra Vega (1 Liter), um das gesunde Wachstum Ihrer Pflanzen zu f\u00f6rdern. Die Formel N-P-K (14-6-17) enth\u00e4lt hochwertige Stickstoffverbindungen und Eisen f\u00fcr eine optimale N\u00e4hrstoffaufnahme. Dieser D\u00fcnger unterst\u00fctzt das Wachstum robuster und kompakter Pflanzen. Dank der integrierten Dosiervorrichtung sind 25 ml Terra Vega einfach zu bedienen und reichen f\u00fcr 5 Liter Gie\u00dfwasser. Befolgen Sie unsere Anwendungstipps f\u00fcr optimale Ergebnisse. EAN: 8717524955885.     <\/p>\n","protected":false},"excerpt":{"rendered":"<p>Entdecken Sie den D\u00fcnger Canna Terra Vega (1 Liter), um das gesunde Wachstum Ihrer Pflanzen zu f\u00f6rdern. Die Formel N-P-K (14-6-17) enth\u00e4lt hochwertige Stickstoffverbindungen und Eisen f\u00fcr eine optimale N\u00e4hrstoffaufnahme. Dieser D\u00fcnger unterst\u00fctzt das Wachstum robuster und kompakter Pflanzen. Dank der integrierten Dosiervorrichtung sind 25 ml Terra Vega einfach zu bedienen und reichen f\u00fcr 5 [&hellip;]<\/p>\n","protected":false},"featured_media":8686,"comment_status":"open","ping_status":"closed","template":"","meta":{"_seopress_robots_primary_cat":"","_seopress_titles_title":"","_seopress_titles_desc":"","_seopress_robots_index":""},"product_brand":[],"product_cat":[574],"product_tag":[],"class_list":{"0":"post-19539","1":"product","2":"type-product","3":"status-publish","4":"has-post-thumbnail","6":"product_cat-canna-de","9":"instock","10":"taxable","11":"shipping-taxable","12":"purchasable","13":"product-type-simple","14":"product-grid-view"},"_links":{"self":[{"href":"https:\/\/greenkingdom.ch\/de\/wp-json\/wp\/v2\/product\/19539","targetHints":{"allow":["GET"]}}],"collection":[{"href":"https:\/\/greenkingdom.ch\/de\/wp-json\/wp\/v2\/product"}],"about":[{"href":"https:\/\/greenkingdom.ch\/de\/wp-json\/wp\/v2\/types\/product"}],"replies":[{"embeddable":true,"href":"https:\/\/greenkingdom.ch\/de\/wp-json\/wp\/v2\/comments?post=19539"}],"version-history":[{"count":0,"href":"https:\/\/greenkingdom.ch\/de\/wp-json\/wp\/v2\/product\/19539\/revisions"}],"wp:featuredmedia":[{"embeddable":true,"href":"https:\/\/greenkingdom.ch\/de\/wp-json\/wp\/v2\/media\/8686"}],"wp:attachment":[{"href":"https:\/\/greenkingdom.ch\/de\/wp-json\/wp\/v2\/media?parent=19539"}],"wp:term":[{"taxonomy":"product_brand","embeddable":true,"href":"https:\/\/greenkingdom.ch\/de\/wp-json\/wp\/v2\/product_brand?post=19539"},{"taxonomy":"product_cat","embeddable":true,"href":"https:\/\/greenkingdom.ch\/de\/wp-json\/wp\/v2\/product_cat?post=19539"},{"taxonomy":"product_tag","embeddable":true,"href":"https:\/\/greenkingdom.ch\/de\/wp-json\/wp\/v2\/product_tag?post=19539"}],"curies":[{"name":"wp","href":"https:\/\/api.w.org\/{rel}","templated":true}]}}