{"id":19546,"date":"2024-10-11T16:37:53","date_gmt":"2024-10-11T14:37:53","guid":{"rendered":"https:\/\/greenkingdom.ch\/product\/canna-boost-1l\/"},"modified":"2024-10-11T16:37:53","modified_gmt":"2024-10-11T14:37:53","slug":"canna-boost-1l","status":"publish","type":"product","link":"https:\/\/greenkingdom.ch\/de\/produkt\/canna-boost-1l\/","title":{"rendered":"Canna Boost 1L"},"content":{"rendered":"<div class=\"value\">\n<p style=\"line-height: 19px;\"><strong>Canna Boost 1L<\/strong><\/p>\n<p style=\"line-height: 19px;\">Canna Boost ist ein ausgekl\u00fcgelter Bl\u00fctenstimulator der ber\u00fchmten Marke Canna, der entwickelt wurde, um das Wachstum Ihrer Pflanzen zu f\u00f6rdern.<\/p>\n<p style=\"line-height: 19px;\">Cannas Accelerator Boost, ein leistungsstarker Stimulator zur Steigerung der Bl\u00fcten, ist Dein Verb\u00fcndeter f\u00fcr h\u00f6here Ertr\u00e4ge und \u00fcberlegene Qualit\u00e4t, besonders geeignet f\u00fcr schnell wachsende Pflanzen. Es f\u00f6rdert die \u00fcppige Entwicklung neuer Bl\u00fcten ab Beginn der Bl\u00fcte und sorgt f\u00fcr eine homogenere und schmackhaftere Ernte. <\/p>\n<p style=\"line-height: 19px;\">Canna Boost bereichert nicht nur die Ernte, sondern verbessert auch den Geschmack Deiner Pflanzen, ein wahrer Schatz f\u00fcr aufmerksame Grower!<\/p>\n<p style=\"line-height: 19px;\"><\/p>\n<p style=\"line-height: 19px;\">&#8211; Geeignet f\u00fcr jede Art von Kultur &#8211;  <\/p>\n<p style=\"line-height: 19px;\">&#8211; Kann mit anderen nahrhaften Produkten kombiniert werden &#8211;<\/p>\n<p style=\"line-height: 19px;\"><\/p>\n<p style=\"line-height: 19px;\">Canna Boost kann direkt im Substrat oder als Blattspray verwendet werden. Letztere Methode bietet den Vorteil der direkten Aufnahme durch die Bl\u00e4tter \ud83d\ude42 <\/p>\n<\/div>\n<div class=\"product attribute ean\"><strong class=\"type\"> <span class=\"value ean\">EAN-8717662940347<\/span><\/strong><\/div>\n","protected":false},"excerpt":{"rendered":"<p>Canna Boost 1L Canna Boost ist ein ausgekl\u00fcgelter Bl\u00fctenstimulator der ber\u00fchmten Marke Canna, der entwickelt wurde, um das Wachstum Ihrer Pflanzen zu f\u00f6rdern. Cannas Accelerator Boost, ein leistungsstarker Stimulator zur Steigerung der Bl\u00fcten, ist Dein Verb\u00fcndeter f\u00fcr h\u00f6here Ertr\u00e4ge und \u00fcberlegene Qualit\u00e4t, besonders geeignet f\u00fcr schnell wachsende Pflanzen. Es f\u00f6rdert die \u00fcppige Entwicklung neuer Bl\u00fcten [&hellip;]<\/p>\n","protected":false},"featured_media":8710,"comment_status":"open","ping_status":"closed","template":"","meta":{"_seopress_robots_primary_cat":"","_seopress_titles_title":"","_seopress_titles_desc":"","_seopress_robots_index":""},"product_brand":[],"product_cat":[574],"product_tag":[],"class_list":{"0":"post-19546","1":"product","2":"type-product","3":"status-publish","4":"has-post-thumbnail","6":"product_cat-canna-de","9":"instock","10":"taxable","11":"shipping-taxable","12":"purchasable","13":"product-type-simple","14":"product-grid-view"},"_links":{"self":[{"href":"https:\/\/greenkingdom.ch\/de\/wp-json\/wp\/v2\/product\/19546","targetHints":{"allow":["GET"]}}],"collection":[{"href":"https:\/\/greenkingdom.ch\/de\/wp-json\/wp\/v2\/product"}],"about":[{"href":"https:\/\/greenkingdom.ch\/de\/wp-json\/wp\/v2\/types\/product"}],"replies":[{"embeddable":true,"href":"https:\/\/greenkingdom.ch\/de\/wp-json\/wp\/v2\/comments?post=19546"}],"version-history":[{"count":0,"href":"https:\/\/greenkingdom.ch\/de\/wp-json\/wp\/v2\/product\/19546\/revisions"}],"wp:featuredmedia":[{"embeddable":true,"href":"https:\/\/greenkingdom.ch\/de\/wp-json\/wp\/v2\/media\/8710"}],"wp:attachment":[{"href":"https:\/\/greenkingdom.ch\/de\/wp-json\/wp\/v2\/media?parent=19546"}],"wp:term":[{"taxonomy":"product_brand","embeddable":true,"href":"https:\/\/greenkingdom.ch\/de\/wp-json\/wp\/v2\/product_brand?post=19546"},{"taxonomy":"product_cat","embeddable":true,"href":"https:\/\/greenkingdom.ch\/de\/wp-json\/wp\/v2\/product_cat?post=19546"},{"taxonomy":"product_tag","embeddable":true,"href":"https:\/\/greenkingdom.ch\/de\/wp-json\/wp\/v2\/product_tag?post=19546"}],"curies":[{"name":"wp","href":"https:\/\/api.w.org\/{rel}","templated":true}]}}