{"id":19549,"date":"2024-10-11T16:37:53","date_gmt":"2024-10-11T14:37:53","guid":{"rendered":"https:\/\/greenkingdom.ch\/product\/canna-start-1l\/"},"modified":"2024-10-11T16:37:53","modified_gmt":"2024-10-11T14:37:53","slug":"canna-start-1l","status":"publish","type":"product","link":"https:\/\/greenkingdom.ch\/de\/produkt\/canna-start-1l\/","title":{"rendered":"Canna Start 1L"},"content":{"rendered":"<p>Canna Start (1 Liter) Entdecken Sie Canna Start, einen ausgewogenen Einkomponenten-N\u00e4hrstoff, der speziell f\u00fcr S\u00e4mlinge und Stecklinge entwickelt wurde. Geeignet f\u00fcr verschiedene Arten von Substraten wie Steinwolle, Kokosnuss, Jiffy-Torft\u00f6pfe und mehr, liefert Canna Start alle essentiellen N\u00e4hrstoffe f\u00fcr gesunde und robuste Pflanzen. Wenn Sie Canna Start verwenden, k\u00f6nnen Sie das gesamte Canna-Sortiment genie\u00dfen, vom Schneiden bis zur Ernte. Canna Start Vorteile: Alles, was Sie brauchen, in einer Flasche. EAN-Code: 8717662944536<\/p>\n","protected":false},"excerpt":{"rendered":"<p>Canna Start (1 Liter) Entdecken Sie Canna Start, einen ausgewogenen Einkomponenten-N\u00e4hrstoff, der speziell f\u00fcr S\u00e4mlinge und Stecklinge entwickelt wurde. Geeignet f\u00fcr verschiedene Arten von Substraten wie Steinwolle, Kokosnuss, Jiffy-Torft\u00f6pfe und mehr, liefert Canna Start alle essentiellen N\u00e4hrstoffe f\u00fcr gesunde und robuste Pflanzen. Wenn Sie Canna Start verwenden, k\u00f6nnen Sie das gesamte Canna-Sortiment genie\u00dfen, vom Schneiden [&hellip;]<\/p>\n","protected":false},"featured_media":8698,"comment_status":"open","ping_status":"closed","template":"","meta":{"_seopress_robots_primary_cat":"","_seopress_titles_title":"","_seopress_titles_desc":"","_seopress_robots_index":""},"product_brand":[],"product_cat":[574],"product_tag":[],"class_list":{"0":"post-19549","1":"product","2":"type-product","3":"status-publish","4":"has-post-thumbnail","6":"product_cat-canna-de","9":"instock","10":"taxable","11":"shipping-taxable","12":"purchasable","13":"product-type-simple","14":"product-grid-view"},"_links":{"self":[{"href":"https:\/\/greenkingdom.ch\/de\/wp-json\/wp\/v2\/product\/19549","targetHints":{"allow":["GET"]}}],"collection":[{"href":"https:\/\/greenkingdom.ch\/de\/wp-json\/wp\/v2\/product"}],"about":[{"href":"https:\/\/greenkingdom.ch\/de\/wp-json\/wp\/v2\/types\/product"}],"replies":[{"embeddable":true,"href":"https:\/\/greenkingdom.ch\/de\/wp-json\/wp\/v2\/comments?post=19549"}],"version-history":[{"count":0,"href":"https:\/\/greenkingdom.ch\/de\/wp-json\/wp\/v2\/product\/19549\/revisions"}],"wp:featuredmedia":[{"embeddable":true,"href":"https:\/\/greenkingdom.ch\/de\/wp-json\/wp\/v2\/media\/8698"}],"wp:attachment":[{"href":"https:\/\/greenkingdom.ch\/de\/wp-json\/wp\/v2\/media?parent=19549"}],"wp:term":[{"taxonomy":"product_brand","embeddable":true,"href":"https:\/\/greenkingdom.ch\/de\/wp-json\/wp\/v2\/product_brand?post=19549"},{"taxonomy":"product_cat","embeddable":true,"href":"https:\/\/greenkingdom.ch\/de\/wp-json\/wp\/v2\/product_cat?post=19549"},{"taxonomy":"product_tag","embeddable":true,"href":"https:\/\/greenkingdom.ch\/de\/wp-json\/wp\/v2\/product_tag?post=19549"}],"curies":[{"name":"wp","href":"https:\/\/api.w.org\/{rel}","templated":true}]}}