{"id":19550,"date":"2024-10-11T16:37:54","date_gmt":"2024-10-11T14:37:54","guid":{"rendered":"https:\/\/greenkingdom.ch\/product\/terra-aquatica-flash-kleen-1l-ghe-florakleen-1l\/"},"modified":"2024-10-11T16:37:54","modified_gmt":"2024-10-11T14:37:54","slug":"terra-aquatica-flash-kleen-1l-ghe-florakleen-1l","status":"publish","type":"product","link":"https:\/\/greenkingdom.ch\/de\/produkt\/terra-aquatica-flash-kleen-1l-ghe-florakleen-1l\/","title":{"rendered":"Terra Aquatica Flash Kleen 1L \/ GHE FloraKleen 1L"},"content":{"rendered":"<p>Entdecken Sie FloraKleen, das Essentials, um Ihr Hydrokultursystem und Ihre B\u00f6den in perfektem Zustand zu halten. Dieses einzigartige Produkt wurde entwickelt, um D\u00fcngemittelr\u00fcckst\u00e4nde und angesammelte Salze zu entfernen und so die Gesundheit und die richtige Entwicklung Ihrer Pflanzen zu gew\u00e4hrleisten. FloraKleen wirkt w\u00e4hrend des gesamten Lebenszyklus der Pflanze, l\u00f6st Salze auf, reduziert den Stress durch \u00fcbersch\u00fcssigen D\u00fcnger und f\u00fcttert die Mikroorganismen im Substrat. Es kann auch als Schlusssp\u00fclung verwendet werden, um die Pflanzenreifung und die Zuckerbildung zu f\u00f6rdern. Ihre effektive Konzentration und ihr toller Preis machen sie zu einer wirtschaftlichen Wahl, um Ihren Pflanzen alles zu geben, was sie zum Gedeihen brauchen. Z\u00f6gern Sie nicht, es regelm\u00e4\u00dfig zu verwenden, um die Gesundheit und Produktivit\u00e4t Ihrer Pflanzen zu erhalten. Adoptieren Sie jetzt FloraKleen f\u00fcr gesunde, gedeihende Pflanzen, egal ob in Hydrokultur oder traditionellem Anbau. EAN: 3760172781820  <\/p>\n","protected":false},"excerpt":{"rendered":"<p>Entdecken Sie FloraKleen, das Essentials, um Ihr Hydrokultursystem und Ihre B\u00f6den in perfektem Zustand zu halten. Dieses einzigartige Produkt wurde entwickelt, um D\u00fcngemittelr\u00fcckst\u00e4nde und angesammelte Salze zu entfernen und so die Gesundheit und die richtige Entwicklung Ihrer Pflanzen zu gew\u00e4hrleisten. FloraKleen wirkt w\u00e4hrend des gesamten Lebenszyklus der Pflanze, l\u00f6st Salze auf, reduziert den Stress durch [&hellip;]<\/p>\n","protected":false},"featured_media":23902,"comment_status":"open","ping_status":"closed","template":"","meta":{"_seopress_robots_primary_cat":"","_seopress_titles_title":"","_seopress_titles_desc":"","_seopress_robots_index":""},"product_brand":[],"product_cat":[580],"product_tag":[],"class_list":{"0":"post-19550","1":"product","2":"type-product","3":"status-publish","4":"has-post-thumbnail","6":"product_cat-terra-aquatica-de","9":"instock","10":"taxable","11":"shipping-taxable","12":"purchasable","13":"product-type-simple","14":"product-grid-view"},"_links":{"self":[{"href":"https:\/\/greenkingdom.ch\/de\/wp-json\/wp\/v2\/product\/19550","targetHints":{"allow":["GET"]}}],"collection":[{"href":"https:\/\/greenkingdom.ch\/de\/wp-json\/wp\/v2\/product"}],"about":[{"href":"https:\/\/greenkingdom.ch\/de\/wp-json\/wp\/v2\/types\/product"}],"replies":[{"embeddable":true,"href":"https:\/\/greenkingdom.ch\/de\/wp-json\/wp\/v2\/comments?post=19550"}],"version-history":[{"count":0,"href":"https:\/\/greenkingdom.ch\/de\/wp-json\/wp\/v2\/product\/19550\/revisions"}],"wp:featuredmedia":[{"embeddable":true,"href":"https:\/\/greenkingdom.ch\/de\/wp-json\/wp\/v2\/media\/23902"}],"wp:attachment":[{"href":"https:\/\/greenkingdom.ch\/de\/wp-json\/wp\/v2\/media?parent=19550"}],"wp:term":[{"taxonomy":"product_brand","embeddable":true,"href":"https:\/\/greenkingdom.ch\/de\/wp-json\/wp\/v2\/product_brand?post=19550"},{"taxonomy":"product_cat","embeddable":true,"href":"https:\/\/greenkingdom.ch\/de\/wp-json\/wp\/v2\/product_cat?post=19550"},{"taxonomy":"product_tag","embeddable":true,"href":"https:\/\/greenkingdom.ch\/de\/wp-json\/wp\/v2\/product_tag?post=19550"}],"curies":[{"name":"wp","href":"https:\/\/api.w.org\/{rel}","templated":true}]}}