{"id":19555,"date":"2024-10-11T16:37:53","date_gmt":"2024-10-11T14:37:53","guid":{"rendered":"https:\/\/greenkingdom.ch\/product\/canna-terra-flores-1l\/"},"modified":"2024-10-11T16:37:53","modified_gmt":"2024-10-11T14:37:53","slug":"canna-terra-flores-1l","status":"publish","type":"product","link":"https:\/\/greenkingdom.ch\/de\/produkt\/canna-terra-flores-1l\/","title":{"rendered":"Canna Terra Flores 1L"},"content":{"rendered":"<p>Entdecken Sie die pr\u00e4chtige Canna Terra Flores (1 Liter), um die Bl\u00fcte Ihrer Pflanzen zu verbessern. Ihre spezielle Formel f\u00f6rdert die sofortige N\u00e4hrstoffaufnahme und sorgt f\u00fcr eine au\u00dfergew\u00f6hnliche Bl\u00fcte. Reich an leicht assimilierbaren chelatisierten Spurenelementen, garantieren die Vorteile von Terra Flores eine F\u00fclle von Bl\u00fcten. F\u00fcgen Sie dieses Produkt zu Ihrer Hautpflegeroutine f\u00fcr bl\u00fchende, leuchtende Pflanzen hinzu. EAN: 8717524955854    <\/p>\n","protected":false},"excerpt":{"rendered":"<p>Entdecken Sie die pr\u00e4chtige Canna Terra Flores (1 Liter), um die Bl\u00fcte Ihrer Pflanzen zu verbessern. Ihre spezielle Formel f\u00f6rdert die sofortige N\u00e4hrstoffaufnahme und sorgt f\u00fcr eine au\u00dfergew\u00f6hnliche Bl\u00fcte. Reich an leicht assimilierbaren chelatisierten Spurenelementen, garantieren die Vorteile von Terra Flores eine F\u00fclle von Bl\u00fcten. F\u00fcgen Sie dieses Produkt zu Ihrer Hautpflegeroutine f\u00fcr bl\u00fchende, leuchtende [&hellip;]<\/p>\n","protected":false},"featured_media":8692,"comment_status":"open","ping_status":"closed","template":"","meta":{"_seopress_robots_primary_cat":"","_seopress_titles_title":"","_seopress_titles_desc":"","_seopress_robots_index":""},"product_brand":[],"product_cat":[574],"product_tag":[],"class_list":{"0":"post-19555","1":"product","2":"type-product","3":"status-publish","4":"has-post-thumbnail","6":"product_cat-canna-de","9":"instock","10":"taxable","11":"shipping-taxable","12":"purchasable","13":"product-type-simple","14":"product-grid-view"},"_links":{"self":[{"href":"https:\/\/greenkingdom.ch\/de\/wp-json\/wp\/v2\/product\/19555","targetHints":{"allow":["GET"]}}],"collection":[{"href":"https:\/\/greenkingdom.ch\/de\/wp-json\/wp\/v2\/product"}],"about":[{"href":"https:\/\/greenkingdom.ch\/de\/wp-json\/wp\/v2\/types\/product"}],"replies":[{"embeddable":true,"href":"https:\/\/greenkingdom.ch\/de\/wp-json\/wp\/v2\/comments?post=19555"}],"version-history":[{"count":0,"href":"https:\/\/greenkingdom.ch\/de\/wp-json\/wp\/v2\/product\/19555\/revisions"}],"wp:featuredmedia":[{"embeddable":true,"href":"https:\/\/greenkingdom.ch\/de\/wp-json\/wp\/v2\/media\/8692"}],"wp:attachment":[{"href":"https:\/\/greenkingdom.ch\/de\/wp-json\/wp\/v2\/media?parent=19555"}],"wp:term":[{"taxonomy":"product_brand","embeddable":true,"href":"https:\/\/greenkingdom.ch\/de\/wp-json\/wp\/v2\/product_brand?post=19555"},{"taxonomy":"product_cat","embeddable":true,"href":"https:\/\/greenkingdom.ch\/de\/wp-json\/wp\/v2\/product_cat?post=19555"},{"taxonomy":"product_tag","embeddable":true,"href":"https:\/\/greenkingdom.ch\/de\/wp-json\/wp\/v2\/product_tag?post=19555"}],"curies":[{"name":"wp","href":"https:\/\/api.w.org\/{rel}","templated":true}]}}