{"id":19557,"date":"2024-10-11T16:37:54","date_gmt":"2024-10-11T14:37:54","guid":{"rendered":"https:\/\/greenkingdom.ch\/product\/terra-aquatica-fulvosaeure-1l-ghe-diamant-nektar\/"},"modified":"2024-10-11T16:37:54","modified_gmt":"2024-10-11T14:37:54","slug":"terra-aquatica-fulvosaeure-1l-ghe-diamant-nektar","status":"publish","type":"product","link":"https:\/\/greenkingdom.ch\/de\/produkt\/terra-aquatica-fulvosaeure-1l-ghe-diamant-nektar\/","title":{"rendered":"Terra Aquatica Fulvos\u00e4ure 1L \/ GHE Diamant Nektar"},"content":{"rendered":"<p>Vor Millionen von Jahren wurden pr\u00e4historische Pflanzen und Tiere im Rahmen des historischen Wandels begraben und im Laufe der Zeit zersetzt. Tausende von Metern tief vergraben und in Kohlenstoff umgewandelt, entstanden in einigen dieser Ablagerungen &#8222;Diamanten&#8220;. Andere wurden w\u00e4hrend der Eiszeit nach oben geschoben, um den heutigen kostbaren &#8222;Leonardit&#8220; zu bilden. Im Herzen der urspr\u00fcnglichen Regionen New Mexicos hat sich eine bemerkenswerte Leonardit-Lagerst\u00e4tte gebildet, die nat\u00fcrliche und organische Elemente enth\u00e4lt, die \u00fcber Jahrtausende kompostiert wurden und so den Pflanzen sofort zur Verf\u00fcgung stehen. Diese Ablagerung wird sorgf\u00e4ltig verarbeitet, um nat\u00fcrliche Extrakte, Humus, zu gewinnen. Wasserl\u00f6slicher Humus (Fulvo- und Humins\u00e4uren) ist reich an Bestandteilen, die die N\u00e4hrl\u00f6sung anreichern, mit einer Vielzahl von wachstumsf\u00f6rdernden Substanzen. Das Forschungsteam von General Hydroponics hat mehr als 300 Leonardit-Lagerst\u00e4tten aus verschiedenen Kontinenten analysiert, um Ihnen die effizienteste Bezugsquelle zu bieten. Diamantnektar ist ein wertvoller Fulvins\u00e4ureextrakt, der reich an organischen und mineralischen N\u00e4hrstoffen ist und mit seiner regulierenden Wirkung und Ionenaustauschf\u00e4higkeit das Pflanzenwachstum stimuliert.  <\/p>\n","protected":false},"excerpt":{"rendered":"<p>Vor Millionen von Jahren wurden pr\u00e4historische Pflanzen und Tiere im Rahmen des historischen Wandels begraben und im Laufe der Zeit zersetzt. Tausende von Metern tief vergraben und in Kohlenstoff umgewandelt, entstanden in einigen dieser Ablagerungen &#8222;Diamanten&#8220;. Andere wurden w\u00e4hrend der Eiszeit nach oben geschoben, um den heutigen kostbaren &#8222;Leonardit&#8220; zu bilden. Im Herzen der urspr\u00fcnglichen [&hellip;]<\/p>\n","protected":false},"featured_media":23848,"comment_status":"open","ping_status":"closed","template":"","meta":{"_seopress_robots_primary_cat":"","_seopress_titles_title":"","_seopress_titles_desc":"","_seopress_robots_index":""},"product_brand":[],"product_cat":[580],"product_tag":[],"class_list":{"0":"post-19557","1":"product","2":"type-product","3":"status-publish","4":"has-post-thumbnail","6":"product_cat-terra-aquatica-de","9":"instock","10":"taxable","11":"shipping-taxable","12":"purchasable","13":"product-type-simple","14":"product-grid-view"},"_links":{"self":[{"href":"https:\/\/greenkingdom.ch\/de\/wp-json\/wp\/v2\/product\/19557","targetHints":{"allow":["GET"]}}],"collection":[{"href":"https:\/\/greenkingdom.ch\/de\/wp-json\/wp\/v2\/product"}],"about":[{"href":"https:\/\/greenkingdom.ch\/de\/wp-json\/wp\/v2\/types\/product"}],"replies":[{"embeddable":true,"href":"https:\/\/greenkingdom.ch\/de\/wp-json\/wp\/v2\/comments?post=19557"}],"version-history":[{"count":0,"href":"https:\/\/greenkingdom.ch\/de\/wp-json\/wp\/v2\/product\/19557\/revisions"}],"wp:featuredmedia":[{"embeddable":true,"href":"https:\/\/greenkingdom.ch\/de\/wp-json\/wp\/v2\/media\/23848"}],"wp:attachment":[{"href":"https:\/\/greenkingdom.ch\/de\/wp-json\/wp\/v2\/media?parent=19557"}],"wp:term":[{"taxonomy":"product_brand","embeddable":true,"href":"https:\/\/greenkingdom.ch\/de\/wp-json\/wp\/v2\/product_brand?post=19557"},{"taxonomy":"product_cat","embeddable":true,"href":"https:\/\/greenkingdom.ch\/de\/wp-json\/wp\/v2\/product_cat?post=19557"},{"taxonomy":"product_tag","embeddable":true,"href":"https:\/\/greenkingdom.ch\/de\/wp-json\/wp\/v2\/product_tag?post=19557"}],"curies":[{"name":"wp","href":"https:\/\/api.w.org\/{rel}","templated":true}]}}