{"id":19560,"date":"2024-10-11T16:34:47","date_gmt":"2024-10-11T14:34:47","guid":{"rendered":"https:\/\/greenkingdom.ch\/product\/storz-und-bickel-volcano-classic-inkl-easy-valve\/"},"modified":"2024-10-11T16:34:47","modified_gmt":"2024-10-11T14:34:47","slug":"storz-und-bickel-volcano-classic-inkl-easy-valve","status":"publish","type":"product","link":"https:\/\/greenkingdom.ch\/de\/produkt\/storz-und-bickel-volcano-classic-inkl-easy-valve\/","title":{"rendered":"Storz und Bickel Volcano Classic inkl. Easy Valve"},"content":{"rendered":"<p>Hier ist eine attraktivere Beschreibung auf Franz\u00f6sisch f\u00fcr das Produkt:  <\/p>\n<div class=\"value\">\n<p><\/p>\n<p><strong>Volcano Classic inkl. Easy Valve <\/strong><\/p>\n<p>Der Volcano Classic ist der ikonische Vaporizer, der seit seiner Einf\u00fchrung f\u00fcr seine unvergleichliche Qualit\u00e4t und Wirksamkeit bekannt ist.  <\/p>\n<p>Mit einem klassischen silbernen Finish zeichnet sich dieser Vaporizer durch seine robuste Konstruktion und seinen vollst\u00e4ndig elektromechanischen Betrieb aus. Die hochwertigen Materialien sorgen f\u00fcr eine au\u00dfergew\u00f6hnliche Langlebigkeit. Mit dem Volcano Classic k\u00f6nnen Sie ein endloses Dampferlebnis genie\u00dfen!    <\/p>\n<p><\/p>\n<p><strong>Lieferumfang<\/strong><\/p>\n<p>1x Vulkan Classic<\/p>\n<p>4x Easy Valve Ballons mit Mundst\u00fcck<\/p>\n<p>1x Easy Valve Ballon mit Adapter<\/p>\n<p>1x F\u00fcllkammer<\/p>\n<p>1x Klemme f\u00fcr die F\u00fcllkammer<\/p>\n<p>1x Kapuzenring<\/p>\n<p>1x Satz Standardgitter (\u00f8 ca. 30mm)<\/p>\n<p>1x Luftfilter-Set<\/p>\n<p>1x Kr\u00e4uterm\u00fchle (\u00f8 ca. 59mm)<\/p>\n<p>1x Reinigungsb\u00fcrste<\/p>\n<p>1x Gebrauchsanweisung<\/p>\n<\/div>\n<div class=\"product attribute ean\"><strong class=\"type\"> <span class=\"value ean\">EAN-4260248822178<\/span><\/strong><\/div>\n","protected":false},"excerpt":{"rendered":"<p>Hier ist eine attraktivere Beschreibung auf Franz\u00f6sisch f\u00fcr das Produkt: Volcano Classic inkl. Easy Valve Der Volcano Classic ist der ikonische Vaporizer, der seit seiner Einf\u00fchrung f\u00fcr seine unvergleichliche Qualit\u00e4t und Wirksamkeit bekannt ist. Mit einem klassischen silbernen Finish zeichnet sich dieser Vaporizer durch seine robuste Konstruktion und seinen vollst\u00e4ndig elektromechanischen Betrieb aus. Die hochwertigen [&hellip;]<\/p>\n","protected":false},"featured_media":7378,"comment_status":"open","ping_status":"closed","template":"","meta":{"_seopress_robots_primary_cat":"","_seopress_titles_title":"","_seopress_titles_desc":"","_seopress_robots_index":""},"product_brand":[],"product_cat":[673],"product_tag":[],"class_list":{"0":"post-19560","1":"product","2":"type-product","3":"status-publish","4":"has-post-thumbnail","6":"product_cat-geraete","9":"instock","10":"taxable","11":"shipping-taxable","12":"purchasable","13":"product-type-simple","14":"product-grid-view"},"_links":{"self":[{"href":"https:\/\/greenkingdom.ch\/de\/wp-json\/wp\/v2\/product\/19560","targetHints":{"allow":["GET"]}}],"collection":[{"href":"https:\/\/greenkingdom.ch\/de\/wp-json\/wp\/v2\/product"}],"about":[{"href":"https:\/\/greenkingdom.ch\/de\/wp-json\/wp\/v2\/types\/product"}],"replies":[{"embeddable":true,"href":"https:\/\/greenkingdom.ch\/de\/wp-json\/wp\/v2\/comments?post=19560"}],"version-history":[{"count":0,"href":"https:\/\/greenkingdom.ch\/de\/wp-json\/wp\/v2\/product\/19560\/revisions"}],"wp:featuredmedia":[{"embeddable":true,"href":"https:\/\/greenkingdom.ch\/de\/wp-json\/wp\/v2\/media\/7378"}],"wp:attachment":[{"href":"https:\/\/greenkingdom.ch\/de\/wp-json\/wp\/v2\/media?parent=19560"}],"wp:term":[{"taxonomy":"product_brand","embeddable":true,"href":"https:\/\/greenkingdom.ch\/de\/wp-json\/wp\/v2\/product_brand?post=19560"},{"taxonomy":"product_cat","embeddable":true,"href":"https:\/\/greenkingdom.ch\/de\/wp-json\/wp\/v2\/product_cat?post=19560"},{"taxonomy":"product_tag","embeddable":true,"href":"https:\/\/greenkingdom.ch\/de\/wp-json\/wp\/v2\/product_tag?post=19560"}],"curies":[{"name":"wp","href":"https:\/\/api.w.org\/{rel}","templated":true}]}}