{"id":19566,"date":"2024-10-11T16:34:47","date_gmt":"2024-10-11T14:34:47","guid":{"rendered":"https:\/\/greenkingdom.ch\/product\/storz-und-bickel-mighty-more\/"},"modified":"2024-10-11T16:34:47","modified_gmt":"2024-10-11T14:34:47","slug":"storz-und-bickel-mighty-more","status":"publish","type":"product","link":"https:\/\/greenkingdom.ch\/de\/produkt\/storz-und-bickel-mighty-more\/","title":{"rendered":"Storz und Bickel Mighty More"},"content":{"rendered":"<p>Lernen Sie den neuen Storz und Bickel Mighty Plus kennen, leistungsst\u00e4rker, schneller und innovativer als je zuvor. Mit fortschrittlichen Funktionen und signifikanten Verbesserungen verschiebt der MIGHTY Plus die Grenzen f\u00fcr ein optimales Erlebnis. Genie\u00dfen Sie den USB-C-Anschluss, die Supercharging-Funktion f\u00fcr schnelles Aufladen, das superschnelle Aufheizen in 60 Sekunden, die Keramik-Ladekammer und vieles mehr. Au\u00dferdem erhalten Sie eine erweiterte 2-Jahres-Garantie mit einem zus\u00e4tzlichen Jahr nach der Registrierung. Das Paket enth\u00e4lt alles, was Sie brauchen, um das Beste aus Ihrem MIGHTY Plus herauszuholen. Bringen Sie Ihr Dampferlebnis mit dem Storz und Bickel Mighty Plus auf die n\u00e4chste Stufe.     <\/p>\n","protected":false},"excerpt":{"rendered":"<p>Lernen Sie den neuen Storz und Bickel Mighty Plus kennen, leistungsst\u00e4rker, schneller und innovativer als je zuvor. Mit fortschrittlichen Funktionen und signifikanten Verbesserungen verschiebt der MIGHTY Plus die Grenzen f\u00fcr ein optimales Erlebnis. Genie\u00dfen Sie den USB-C-Anschluss, die Supercharging-Funktion f\u00fcr schnelles Aufladen, das superschnelle Aufheizen in 60 Sekunden, die Keramik-Ladekammer und vieles mehr. Au\u00dferdem erhalten [&hellip;]<\/p>\n","protected":false},"featured_media":28174,"comment_status":"open","ping_status":"closed","template":"","meta":{"_seopress_robots_primary_cat":"","_seopress_titles_title":"","_seopress_titles_desc":"","_seopress_robots_index":""},"product_brand":[],"product_cat":[673],"product_tag":[],"class_list":{"0":"post-19566","1":"product","2":"type-product","3":"status-publish","4":"has-post-thumbnail","6":"product_cat-geraete","9":"instock","10":"taxable","11":"shipping-taxable","12":"purchasable","13":"product-type-simple","14":"product-grid-view"},"_links":{"self":[{"href":"https:\/\/greenkingdom.ch\/de\/wp-json\/wp\/v2\/product\/19566","targetHints":{"allow":["GET"]}}],"collection":[{"href":"https:\/\/greenkingdom.ch\/de\/wp-json\/wp\/v2\/product"}],"about":[{"href":"https:\/\/greenkingdom.ch\/de\/wp-json\/wp\/v2\/types\/product"}],"replies":[{"embeddable":true,"href":"https:\/\/greenkingdom.ch\/de\/wp-json\/wp\/v2\/comments?post=19566"}],"version-history":[{"count":0,"href":"https:\/\/greenkingdom.ch\/de\/wp-json\/wp\/v2\/product\/19566\/revisions"}],"wp:featuredmedia":[{"embeddable":true,"href":"https:\/\/greenkingdom.ch\/de\/wp-json\/wp\/v2\/media\/28174"}],"wp:attachment":[{"href":"https:\/\/greenkingdom.ch\/de\/wp-json\/wp\/v2\/media?parent=19566"}],"wp:term":[{"taxonomy":"product_brand","embeddable":true,"href":"https:\/\/greenkingdom.ch\/de\/wp-json\/wp\/v2\/product_brand?post=19566"},{"taxonomy":"product_cat","embeddable":true,"href":"https:\/\/greenkingdom.ch\/de\/wp-json\/wp\/v2\/product_cat?post=19566"},{"taxonomy":"product_tag","embeddable":true,"href":"https:\/\/greenkingdom.ch\/de\/wp-json\/wp\/v2\/product_tag?post=19566"}],"curies":[{"name":"wp","href":"https:\/\/api.w.org\/{rel}","templated":true}]}}