{"id":19569,"date":"2024-10-11T16:34:48","date_gmt":"2024-10-11T14:34:48","guid":{"rendered":"https:\/\/greenkingdom.ch\/product\/pax-plus-onyx-bausatz\/"},"modified":"2024-10-11T16:34:48","modified_gmt":"2024-10-11T14:34:48","slug":"pax-plus-onyx-bausatz","status":"publish","type":"product","link":"https:\/\/greenkingdom.ch\/de\/produkt\/pax-plus-onyx-bausatz\/","title":{"rendered":"PAX Plus Onyx Bausatz"},"content":{"rendered":"<h2>PAX Plus<\/h2>\n<p>Genie\u00dfen Sie das ultimative Dual-Purpose-Dampfen mit dem PAX Plus. Dieser tragbare Vaporizer erm\u00f6glicht es Dir, Deine Bl\u00fcten und Konzentrate w\u00e4hrend sanfter, rauchfreier Sessions in vollen Z\u00fcgen zu genie\u00dfen. <\/p>\n<h3>Bl\u00fcten oder Konzentrate<\/h3>\n<p>Erlebe reichhaltige Bl\u00fctenaromen und die kraftvolle Wirkung von Konzentraten, alles mit einem Ger\u00e4t. Mit den mitgelieferten Ofendeckeln k\u00f6nnen Sie die Gr\u00f6\u00dfe der Sch\u00fcssel nach Ihren W\u00fcnschen anpassen. <\/p>\n<h3>Hochwertige Sitzungen<\/h3>\n<p>Steuern Sie Ihre Sessions auf Knopfdruck mit den neuen Erlebnismodi: Stealth, Efficiency, Flavor und Boost. Genie\u00dfe alle Aromen, ohne Dein Cannabis jemals zu verbrennen. <\/p>\n<h3>Leicht zu reinigen<\/h3>\n<p>Der verbesserte 3D-Ofenrost l\u00e4sst sich leicht entfernen. Das neu gestaltete Multitool und die mitgelieferte B\u00fcrste machen die Reinigung des Ofens schnell und m\u00fchelos. <\/p>\n<h3>Langlebig und diskret<\/h3>\n<p>Genie\u00dfen Sie ausgedehnte Sitzungen mit einer Akkulaufzeit von \u00fcber 2 Stunden. Der magnetische Ofendeckel h\u00e4lt Ihren Tank sicher. Seien Sie diskret, rauch- und geruchsfrei, mit einer 10-j\u00e4hrigen Garantie auf dieses zuverl\u00e4ssige Ger\u00e4t.  <\/p>\n<h3>Inhalt:<\/h3>\n<ul>\n<li>PAX Plus<\/li>\n<li>Flache &amp; erhabene Endkappen<\/li>\n<li>Standard- und Halbpack-Ofendeckel<\/li>\n<li>Konzentrat-Einsatz<\/li>\n<li>Multi-Werkzeug<\/li>\n<li>Wartungskit<\/li>\n<li>Ladekabel<\/li>\n<\/ul>\n<p>EAN: 840005601341<\/p>\n","protected":false},"excerpt":{"rendered":"<p>PAX Plus Genie\u00dfen Sie das ultimative Dual-Purpose-Dampfen mit dem PAX Plus. Dieser tragbare Vaporizer erm\u00f6glicht es Dir, Deine Bl\u00fcten und Konzentrate w\u00e4hrend sanfter, rauchfreier Sessions in vollen Z\u00fcgen zu genie\u00dfen. Bl\u00fcten oder Konzentrate Erlebe reichhaltige Bl\u00fctenaromen und die kraftvolle Wirkung von Konzentraten, alles mit einem Ger\u00e4t. Mit den mitgelieferten Ofendeckeln k\u00f6nnen Sie die Gr\u00f6\u00dfe der [&hellip;]<\/p>\n","protected":false},"featured_media":7489,"comment_status":"open","ping_status":"closed","template":"","meta":{"_seopress_robots_primary_cat":"","_seopress_titles_title":"","_seopress_titles_desc":"","_seopress_robots_index":""},"product_brand":[],"product_cat":[673],"product_tag":[],"class_list":{"0":"post-19569","1":"product","2":"type-product","3":"status-publish","4":"has-post-thumbnail","6":"product_cat-geraete","9":"instock","10":"taxable","11":"shipping-taxable","12":"purchasable","13":"product-type-simple","14":"product-grid-view"},"_links":{"self":[{"href":"https:\/\/greenkingdom.ch\/de\/wp-json\/wp\/v2\/product\/19569","targetHints":{"allow":["GET"]}}],"collection":[{"href":"https:\/\/greenkingdom.ch\/de\/wp-json\/wp\/v2\/product"}],"about":[{"href":"https:\/\/greenkingdom.ch\/de\/wp-json\/wp\/v2\/types\/product"}],"replies":[{"embeddable":true,"href":"https:\/\/greenkingdom.ch\/de\/wp-json\/wp\/v2\/comments?post=19569"}],"version-history":[{"count":0,"href":"https:\/\/greenkingdom.ch\/de\/wp-json\/wp\/v2\/product\/19569\/revisions"}],"wp:featuredmedia":[{"embeddable":true,"href":"https:\/\/greenkingdom.ch\/de\/wp-json\/wp\/v2\/media\/7489"}],"wp:attachment":[{"href":"https:\/\/greenkingdom.ch\/de\/wp-json\/wp\/v2\/media?parent=19569"}],"wp:term":[{"taxonomy":"product_brand","embeddable":true,"href":"https:\/\/greenkingdom.ch\/de\/wp-json\/wp\/v2\/product_brand?post=19569"},{"taxonomy":"product_cat","embeddable":true,"href":"https:\/\/greenkingdom.ch\/de\/wp-json\/wp\/v2\/product_cat?post=19569"},{"taxonomy":"product_tag","embeddable":true,"href":"https:\/\/greenkingdom.ch\/de\/wp-json\/wp\/v2\/product_tag?post=19569"}],"curies":[{"name":"wp","href":"https:\/\/api.w.org\/{rel}","templated":true}]}}