{"id":19574,"date":"2024-10-11T16:34:48","date_gmt":"2024-10-11T14:34:48","guid":{"rendered":"https:\/\/greenkingdom.ch\/product\/wolkenkraft-vita-holz\/"},"modified":"2024-10-11T16:34:48","modified_gmt":"2024-10-11T14:34:48","slug":"wolkenkraft-vita-holz","status":"publish","type":"product","link":"https:\/\/greenkingdom.ch\/de\/produkt\/wolkenkraft-vita-holz\/","title":{"rendered":"Wolkenkraft Vita Holz"},"content":{"rendered":"<p>Der WOLKENKRAFT ViTA Vaporizer bietet optimierte Konduktionstechnologie in einem kompakten und handlichen Format. Die einfache Bedienung mit nur einem Knopfdruck und die 5 intuitiven LED-Leuchten machen die Bedienung sofort angenehm. Mit seiner Heizkammer aus Edelstahl und dem isolierten Luftkanal garantiert der ViTA jedes Mal reinen und schmackhaften Dampf. Die neueste Konduktionstechnologie von ViTA erm\u00f6glicht eine schnelle Erw\u00e4rmung und reichlich Dampf und bietet Temperaturflexibilit\u00e4t von 180 \u00b0C bis 220 \u00b0C.  Sein magnetisches Mundst\u00fcck k\u00fchlt den Dampf effektiv f\u00fcr eine angenehme Inhalation. Dar\u00fcber hinaus kann der leistungsstarke 1600-mAh-Akku w\u00e4hrend des Gebrauchs aufgeladen werden, um ein ununterbrochenes Erlebnis zu gew\u00e4hrleisten. Erh\u00e4ltlich in zwei eleganten Designs, vereint die ViTA von WOLKENKRAFT Qualit\u00e4t, Leistung und maximale Sicherheit. Sein schnelles Aufheizen in nur 30 Sekunden und 5 Temperatureinstellungen machen ihn zu einem vielseitigen und praktischen Vaporizer. Genie\u00dfen Sie erstklassigen Dampf mit der ViTA &#8211; eine ideale Wahl f\u00fcr anspruchsvolle Vaping-Enthusiasten.  <\/p>\n","protected":false},"excerpt":{"rendered":"<p>Der WOLKENKRAFT ViTA Vaporizer bietet optimierte Konduktionstechnologie in einem kompakten und handlichen Format. Die einfache Bedienung mit nur einem Knopfdruck und die 5 intuitiven LED-Leuchten machen die Bedienung sofort angenehm. Mit seiner Heizkammer aus Edelstahl und dem isolierten Luftkanal garantiert der ViTA jedes Mal reinen und schmackhaften Dampf. Die neueste Konduktionstechnologie von ViTA erm\u00f6glicht eine [&hellip;]<\/p>\n","protected":false},"featured_media":7468,"comment_status":"open","ping_status":"closed","template":"","meta":{"_seopress_robots_primary_cat":"","_seopress_titles_title":"","_seopress_titles_desc":"","_seopress_robots_index":""},"product_brand":[],"product_cat":[673],"product_tag":[],"class_list":{"0":"post-19574","1":"product","2":"type-product","3":"status-publish","4":"has-post-thumbnail","6":"product_cat-geraete","9":"instock","10":"taxable","11":"shipping-taxable","12":"purchasable","13":"product-type-simple","14":"product-grid-view"},"_links":{"self":[{"href":"https:\/\/greenkingdom.ch\/de\/wp-json\/wp\/v2\/product\/19574","targetHints":{"allow":["GET"]}}],"collection":[{"href":"https:\/\/greenkingdom.ch\/de\/wp-json\/wp\/v2\/product"}],"about":[{"href":"https:\/\/greenkingdom.ch\/de\/wp-json\/wp\/v2\/types\/product"}],"replies":[{"embeddable":true,"href":"https:\/\/greenkingdom.ch\/de\/wp-json\/wp\/v2\/comments?post=19574"}],"version-history":[{"count":0,"href":"https:\/\/greenkingdom.ch\/de\/wp-json\/wp\/v2\/product\/19574\/revisions"}],"wp:featuredmedia":[{"embeddable":true,"href":"https:\/\/greenkingdom.ch\/de\/wp-json\/wp\/v2\/media\/7468"}],"wp:attachment":[{"href":"https:\/\/greenkingdom.ch\/de\/wp-json\/wp\/v2\/media?parent=19574"}],"wp:term":[{"taxonomy":"product_brand","embeddable":true,"href":"https:\/\/greenkingdom.ch\/de\/wp-json\/wp\/v2\/product_brand?post=19574"},{"taxonomy":"product_cat","embeddable":true,"href":"https:\/\/greenkingdom.ch\/de\/wp-json\/wp\/v2\/product_cat?post=19574"},{"taxonomy":"product_tag","embeddable":true,"href":"https:\/\/greenkingdom.ch\/de\/wp-json\/wp\/v2\/product_tag?post=19574"}],"curies":[{"name":"wp","href":"https:\/\/api.w.org\/{rel}","templated":true}]}}