{"id":19582,"date":"2024-10-11T16:34:48","date_gmt":"2024-10-11T14:34:48","guid":{"rendered":"https:\/\/greenkingdom.ch\/product\/wolkenkraft-fx-mini-ultra-holz\/"},"modified":"2024-10-11T16:34:48","modified_gmt":"2024-10-11T14:34:48","slug":"wolkenkraft-fx-mini-ultra-holz","status":"publish","type":"product","link":"https:\/\/greenkingdom.ch\/de\/produkt\/wolkenkraft-fx-mini-ultra-holz\/","title":{"rendered":"Wolkenkraft FX Mini Ultra Holz"},"content":{"rendered":"<p>Lernen Sie den FX MINI Ultra Vaporizer kennen, einen der kompaktesten auf dem Markt. Er revolutioniert das Dampferlebnis mit seiner fortschrittlichen Technologie, seinem ultrakompakten Design und vielen gro\u00dfartigen Funktionen. Dieses kleine Juwel zeichnet sich durch seine True Convektionsheizung aus, die reinen, authentischen Dampf erzeugt. Seine Konvektionsheiztechnologie sorgt f\u00fcr eine gleichm\u00e4\u00dfige Verdampfung und reichhaltige Aromen. Das OLED-Display des FX MINI Ultra zeigt die aktuelle Temperatur, den Akkustand und die Einstellungen \u00fcbersichtlich an. Sein schneller Temperaturanstieg erm\u00f6glicht einen fast sofortigen Einsatz, w\u00e4hrend die Titankammer und die Glasspitze f\u00fcr eine optimale Verdampfungsqualit\u00e4t sorgen. Au\u00dferdem k\u00f6nnen Sie mit optionalen Quarzkammern Ihre Lieblings\u00f6le und -wachse verdampfen. Im Lieferumfang ist alles enthalten, was Du brauchst, um das Beste aus Deinem Dampferlebnis herauszuholen. Bringen Sie Ihre Lieblingsaromen mit dem FX MINI Ultra voll zum Ausdruck und genie\u00dfen Sie ein unvergleichliches Dampferlebnis. <\/p>\n","protected":false},"excerpt":{"rendered":"<p>Lernen Sie den FX MINI Ultra Vaporizer kennen, einen der kompaktesten auf dem Markt. Er revolutioniert das Dampferlebnis mit seiner fortschrittlichen Technologie, seinem ultrakompakten Design und vielen gro\u00dfartigen Funktionen. Dieses kleine Juwel zeichnet sich durch seine True Convektionsheizung aus, die reinen, authentischen Dampf erzeugt. Seine Konvektionsheiztechnologie sorgt f\u00fcr eine gleichm\u00e4\u00dfige Verdampfung und reichhaltige Aromen. Das [&hellip;]<\/p>\n","protected":false},"featured_media":7435,"comment_status":"open","ping_status":"closed","template":"","meta":{"_seopress_robots_primary_cat":"","_seopress_titles_title":"","_seopress_titles_desc":"","_seopress_robots_index":""},"product_brand":[],"product_cat":[673],"product_tag":[],"class_list":{"0":"post-19582","1":"product","2":"type-product","3":"status-publish","4":"has-post-thumbnail","6":"product_cat-geraete","9":"instock","10":"taxable","11":"shipping-taxable","12":"purchasable","13":"product-type-simple","14":"product-grid-view"},"_links":{"self":[{"href":"https:\/\/greenkingdom.ch\/de\/wp-json\/wp\/v2\/product\/19582","targetHints":{"allow":["GET"]}}],"collection":[{"href":"https:\/\/greenkingdom.ch\/de\/wp-json\/wp\/v2\/product"}],"about":[{"href":"https:\/\/greenkingdom.ch\/de\/wp-json\/wp\/v2\/types\/product"}],"replies":[{"embeddable":true,"href":"https:\/\/greenkingdom.ch\/de\/wp-json\/wp\/v2\/comments?post=19582"}],"version-history":[{"count":0,"href":"https:\/\/greenkingdom.ch\/de\/wp-json\/wp\/v2\/product\/19582\/revisions"}],"wp:featuredmedia":[{"embeddable":true,"href":"https:\/\/greenkingdom.ch\/de\/wp-json\/wp\/v2\/media\/7435"}],"wp:attachment":[{"href":"https:\/\/greenkingdom.ch\/de\/wp-json\/wp\/v2\/media?parent=19582"}],"wp:term":[{"taxonomy":"product_brand","embeddable":true,"href":"https:\/\/greenkingdom.ch\/de\/wp-json\/wp\/v2\/product_brand?post=19582"},{"taxonomy":"product_cat","embeddable":true,"href":"https:\/\/greenkingdom.ch\/de\/wp-json\/wp\/v2\/product_cat?post=19582"},{"taxonomy":"product_tag","embeddable":true,"href":"https:\/\/greenkingdom.ch\/de\/wp-json\/wp\/v2\/product_tag?post=19582"}],"curies":[{"name":"wp","href":"https:\/\/api.w.org\/{rel}","templated":true}]}}