{"id":19593,"date":"2024-10-11T16:34:49","date_gmt":"2024-10-11T14:34:49","guid":{"rendered":"https:\/\/greenkingdom.ch\/product\/pax-mini-platin\/"},"modified":"2024-10-11T16:34:49","modified_gmt":"2024-10-11T14:34:49","slug":"pax-mini-platin","status":"publish","type":"product","link":"https:\/\/greenkingdom.ch\/de\/produkt\/pax-mini-platin\/","title":{"rendered":"PAX Mini Platin"},"content":{"rendered":"<p>Lerne die Pax Mini kennen &#8211; das bisher kleinste PAX-Ger\u00e4t, das Deine Bl\u00fctesitzungen auf die n\u00e4chste Stufe hebt, egal wo Du bist. \ud83c\udf3f **SCHNELL UND EINFACH ZU BEDIENEN** &#8211; Einfache<br \/>\n Ein-Knopf-Bedienung, in 22 Sekunden einsatzbereit f\u00fcr ein Erlebnis von \u00fcber 2 Stunden mit einer einzigen Ladung. \ud83c\udf3a **HOCHWERTIGE SITZUNGEN**<br \/>\n &#8211; Pr\u00e4zises Erhitzen, ohne Dein Gras zu verbrennen, f\u00fcr reinen Geschmack und ein zartes Aroma. Genie\u00dfen Sie die volle nat\u00fcrliche G\u00fcte ohne die H\u00e4rte des Rauchs. \ud83e\uddfc **LEICHT ZU REINIGEN** &#8211; Ergonomischer<br \/>\n Ofen, ideal f\u00fcr individuelle Sitzungen, reinigt schnell. Leicht abnehmbarer Korb f\u00fcr eine gr\u00fcndliche Reinigung. \ud83c\udf33 **LANGLEBIG &amp; DISKRET**<br \/>\n &#8211; Taschenformat mit magnetischem Deckel f\u00fcr sicheres Tragen. Vom Hersteller f\u00fcr zwei Jahre garantiert, nehmen Sie es in v\u00f6lliger Diskretion \u00fcberall hin mit. \ud83c\udf81 **Inhalt:**<br \/>\n&#8211; Pax Mini<br \/>\n &#8211; Flache und erhabene<br \/>\n Endkappen- Backofenabdeckung<br \/>\n&#8211; Wartungskit<br \/>\n&#8211; EAN-Ladekabel: 840005601198<\/p>\n","protected":false},"excerpt":{"rendered":"<p>Lerne die Pax Mini kennen &#8211; das bisher kleinste PAX-Ger\u00e4t, das Deine Bl\u00fctesitzungen auf die n\u00e4chste Stufe hebt, egal wo Du bist. \ud83c\udf3f **SCHNELL UND EINFACH ZU BEDIENEN** &#8211; Einfache Ein-Knopf-Bedienung, in 22 Sekunden einsatzbereit f\u00fcr ein Erlebnis von \u00fcber 2 Stunden mit einer einzigen Ladung. \ud83c\udf3a **HOCHWERTIGE SITZUNGEN** &#8211; Pr\u00e4zises Erhitzen, ohne Dein Gras [&hellip;]<\/p>\n","protected":false},"featured_media":7519,"comment_status":"open","ping_status":"closed","template":"","meta":{"_seopress_robots_primary_cat":"","_seopress_titles_title":"","_seopress_titles_desc":"","_seopress_robots_index":""},"product_brand":[],"product_cat":[673],"product_tag":[],"class_list":{"0":"post-19593","1":"product","2":"type-product","3":"status-publish","4":"has-post-thumbnail","6":"product_cat-geraete","9":"instock","10":"taxable","11":"shipping-taxable","12":"purchasable","13":"product-type-simple","14":"product-grid-view"},"_links":{"self":[{"href":"https:\/\/greenkingdom.ch\/de\/wp-json\/wp\/v2\/product\/19593","targetHints":{"allow":["GET"]}}],"collection":[{"href":"https:\/\/greenkingdom.ch\/de\/wp-json\/wp\/v2\/product"}],"about":[{"href":"https:\/\/greenkingdom.ch\/de\/wp-json\/wp\/v2\/types\/product"}],"replies":[{"embeddable":true,"href":"https:\/\/greenkingdom.ch\/de\/wp-json\/wp\/v2\/comments?post=19593"}],"version-history":[{"count":0,"href":"https:\/\/greenkingdom.ch\/de\/wp-json\/wp\/v2\/product\/19593\/revisions"}],"wp:featuredmedia":[{"embeddable":true,"href":"https:\/\/greenkingdom.ch\/de\/wp-json\/wp\/v2\/media\/7519"}],"wp:attachment":[{"href":"https:\/\/greenkingdom.ch\/de\/wp-json\/wp\/v2\/media?parent=19593"}],"wp:term":[{"taxonomy":"product_brand","embeddable":true,"href":"https:\/\/greenkingdom.ch\/de\/wp-json\/wp\/v2\/product_brand?post=19593"},{"taxonomy":"product_cat","embeddable":true,"href":"https:\/\/greenkingdom.ch\/de\/wp-json\/wp\/v2\/product_cat?post=19593"},{"taxonomy":"product_tag","embeddable":true,"href":"https:\/\/greenkingdom.ch\/de\/wp-json\/wp\/v2\/product_tag?post=19593"}],"curies":[{"name":"wp","href":"https:\/\/api.w.org\/{rel}","templated":true}]}}