{"id":19596,"date":"2024-10-11T16:34:49","date_gmt":"2024-10-11T14:34:49","guid":{"rendered":"https:\/\/greenkingdom.ch\/product\/arizer-xq2\/"},"modified":"2024-10-11T16:34:49","modified_gmt":"2024-10-11T14:34:49","slug":"arizer-xq2","status":"publish","type":"product","link":"https:\/\/greenkingdom.ch\/de\/produkt\/arizer-xq2\/","title":{"rendered":"Arizer XQ2"},"content":{"rendered":"<p>Lernen Sie den Arizer XQ2 kennen &#8211; Fortschrittlich, gehoben, raffiniert! Mit dem XQ2 bietet Ihnen Arizer ein innovatives Multi-Use-Streaming-Erlebnis. Holen Sie sich jetzt Ihr eigenes Exemplar und tauchen Sie mit dem XQ2 in die Welt der Innovation ein! Arizer hat es sich zur Aufgabe gemacht, hochwertige Ger\u00e4te zu entwickeln, die sich auf Komfort, Benutzerfreundlichkeit, Langlebigkeit, Vielseitigkeit und Geschmack konzentrieren. Der XQ2 erf\u00fcllt diese Anforderungen in vollem Umfang. Der XQ2 bietet eine Vielzahl von Funktionen, darunter: &#8211; Peitschenaufsatz: Eine unkomplizierte M\u00f6glichkeit, Ihr Streaming-Erlebnis zu genie\u00dfen, mit einem 3-stufigen L\u00fcfter, der Sie unterst\u00fctzt. Leicht zu reinigen und zu pflegen dank der Glasenden. &#8211; Mini Whip &amp; Collection Bag: zum Bef\u00fcllen von Luftballons nach Ihren W\u00fcnschen. &#8211; Dynamische Farb-LEDs: einstellbar auf verschiedene Modi f\u00fcr ein einzigartiges Seherlebnis. Genie\u00dfen Sie den Lieferumfang inklusive einer Vielzahl von Zubeh\u00f6r f\u00fcr das beste Erlebnis. Bringen Sie mit dem Arizer XQ2 einen Hauch von Eleganz in Ihren Alltag!<\/p>\n","protected":false},"excerpt":{"rendered":"<p>Lernen Sie den Arizer XQ2 kennen &#8211; Fortschrittlich, gehoben, raffiniert! Mit dem XQ2 bietet Ihnen Arizer ein innovatives Multi-Use-Streaming-Erlebnis. Holen Sie sich jetzt Ihr eigenes Exemplar und tauchen Sie mit dem XQ2 in die Welt der Innovation ein! Arizer hat es sich zur Aufgabe gemacht, hochwertige Ger\u00e4te zu entwickeln, die sich auf Komfort, Benutzerfreundlichkeit, Langlebigkeit, [&hellip;]<\/p>\n","protected":false},"featured_media":7528,"comment_status":"open","ping_status":"closed","template":"","meta":{"_seopress_robots_primary_cat":"","_seopress_titles_title":"","_seopress_titles_desc":"","_seopress_robots_index":""},"product_brand":[],"product_cat":[673],"product_tag":[],"class_list":{"0":"post-19596","1":"product","2":"type-product","3":"status-publish","4":"has-post-thumbnail","6":"product_cat-geraete","9":"instock","10":"taxable","11":"shipping-taxable","12":"purchasable","13":"product-type-simple","14":"product-grid-view"},"_links":{"self":[{"href":"https:\/\/greenkingdom.ch\/de\/wp-json\/wp\/v2\/product\/19596","targetHints":{"allow":["GET"]}}],"collection":[{"href":"https:\/\/greenkingdom.ch\/de\/wp-json\/wp\/v2\/product"}],"about":[{"href":"https:\/\/greenkingdom.ch\/de\/wp-json\/wp\/v2\/types\/product"}],"replies":[{"embeddable":true,"href":"https:\/\/greenkingdom.ch\/de\/wp-json\/wp\/v2\/comments?post=19596"}],"version-history":[{"count":0,"href":"https:\/\/greenkingdom.ch\/de\/wp-json\/wp\/v2\/product\/19596\/revisions"}],"wp:featuredmedia":[{"embeddable":true,"href":"https:\/\/greenkingdom.ch\/de\/wp-json\/wp\/v2\/media\/7528"}],"wp:attachment":[{"href":"https:\/\/greenkingdom.ch\/de\/wp-json\/wp\/v2\/media?parent=19596"}],"wp:term":[{"taxonomy":"product_brand","embeddable":true,"href":"https:\/\/greenkingdom.ch\/de\/wp-json\/wp\/v2\/product_brand?post=19596"},{"taxonomy":"product_cat","embeddable":true,"href":"https:\/\/greenkingdom.ch\/de\/wp-json\/wp\/v2\/product_cat?post=19596"},{"taxonomy":"product_tag","embeddable":true,"href":"https:\/\/greenkingdom.ch\/de\/wp-json\/wp\/v2\/product_tag?post=19596"}],"curies":[{"name":"wp","href":"https:\/\/api.w.org\/{rel}","templated":true}]}}